{"id":9941,"date":"2024-01-03T08:40:55","date_gmt":"2024-01-03T08:40:55","guid":{"rendered":"https:\/\/xn--soossarria-u9a.com\/producto\/428-3\/"},"modified":"2024-01-03T08:40:55","modified_gmt":"2024-01-03T08:40:55","slug":"428-3","status":"publish","type":"product","link":"https:\/\/xn--soossarria-u9a.com\/gl\/producto\/428-3\/","title":{"rendered":"428"},"content":{"rendered":"<p>O bolso Lugupell Fuchsia combina coiro suave cun estampado vibrante. Feito a man para mulleres, ten cremalleira traseira e boquilla interior, ofrecendo calidade tanto no dese\u00f1o como na fabricaci\u00f3n. Moderno e funcional, incl\u00fae un peto interior ideal para tarxetas, personalizado co logotipo de Lugupell. Este bolso \u00e9 un complemento &#8216;PortaTodo&#8217; que destaca polo seu estilo e practicidade.<\/p>\n","protected":false},"excerpt":{"rendered":"<p>O bolso Lugupell Fuchsia combina coiro suave cun estampado vibrante. Feito a man para mulleres, ten cremalleira traseira e boquilla interior, ofrecendo calidade tanto no dese\u00f1o como na fabricaci\u00f3n. Moderno e funcional, incl\u00fae un peto interior ideal para tarxetas, personalizado co logotipo de Lugupell. Este bolso \u00e9 un complemento &#8216;PortaTodo&#8217; que destaca polo seu estilo e practicidade.<\/p>\n","protected":false},"featured_media":8636,"template":"","meta":[],"product_cat":[190,191,192],"product_tag":[219,223],"yoast_head":"<!-- This site is optimized with the Yoast SEO plugin v22.2 - https:\/\/yoast.com\/wordpress\/plugins\/seo\/ -->\n<title>428 - So&ntilde;os Sarria<\/title>\n<meta name=\"robots\" content=\"index, follow, max-snippet:-1, max-image-preview:large, max-video-preview:-1\" \/>\n<link rel=\"canonical\" href=\"https:\/\/xn--soossarria-u9a.com\/gl\/producto\/428-3\/\" \/>\n<meta property=\"og:locale\" content=\"gl_ES\" \/>\n<meta property=\"og:type\" content=\"article\" \/>\n<meta property=\"og:title\" content=\"428 - So&ntilde;os Sarria\" \/>\n<meta property=\"og:description\" content=\"O bolso Lugupell Fuchsia combina coiro suave cun estampado vibrante. Feito a man para mulleres, ten cremalleira traseira e boquilla interior, ofrecendo calidade tanto no dese\u00f1o como na fabricaci\u00f3n. Moderno e funcional, incl\u00fae un peto interior ideal para tarxetas, personalizado co logotipo de Lugupell. Este bolso \u00e9 un complemento &#039;PortaTodo&#039; que destaca polo seu estilo e practicidade.\" \/>\n<meta property=\"og:url\" content=\"https:\/\/xn--soossarria-u9a.com\/gl\/producto\/428-3\/\" \/>\n<meta property=\"og:site_name\" content=\"So&ntilde;os Sarria\" \/>\n<meta property=\"article:publisher\" content=\"https:\/\/www.facebook.com\/sonos.accesorios\/\" \/>\n<meta property=\"og:image\" content=\"https:\/\/xn--soossarria-u9a.com\/wp-content\/uploads\/2024\/01\/Monedero-lugupell-fucsia-3.webp\" \/>\n\t<meta property=\"og:image:width\" content=\"800\" \/>\n\t<meta property=\"og:image:height\" content=\"800\" \/>\n\t<meta property=\"og:image:type\" content=\"image\/webp\" \/>\n<meta name=\"twitter:card\" content=\"summary_large_image\" \/>\n<script type=\"application\/ld+json\" class=\"yoast-schema-graph\">{\"@context\":\"https:\/\/schema.org\",\"@graph\":[{\"@type\":\"WebPage\",\"@id\":\"https:\/\/xn--soossarria-u9a.com\/gl\/producto\/428-3\/\",\"url\":\"https:\/\/xn--soossarria-u9a.com\/gl\/producto\/428-3\/\",\"name\":\"428 - So&ntilde;os Sarria\",\"isPartOf\":{\"@id\":\"https:\/\/xn--soossarria-u9a.com\/gl\/#website\"},\"primaryImageOfPage\":{\"@id\":\"https:\/\/xn--soossarria-u9a.com\/gl\/producto\/428-3\/#primaryimage\"},\"image\":{\"@id\":\"https:\/\/xn--soossarria-u9a.com\/gl\/producto\/428-3\/#primaryimage\"},\"thumbnailUrl\":\"https:\/\/xn--soossarria-u9a.com\/wp-content\/uploads\/2024\/01\/Monedero-lugupell-fucsia-3.webp\",\"datePublished\":\"2024-01-03T08:40:55+00:00\",\"dateModified\":\"2024-01-03T08:40:55+00:00\",\"breadcrumb\":{\"@id\":\"https:\/\/xn--soossarria-u9a.com\/gl\/producto\/428-3\/#breadcrumb\"},\"inLanguage\":\"gl-ES\",\"potentialAction\":[{\"@type\":\"ReadAction\",\"target\":[\"https:\/\/xn--soossarria-u9a.com\/gl\/producto\/428-3\/\"]}]},{\"@type\":\"ImageObject\",\"inLanguage\":\"gl-ES\",\"@id\":\"https:\/\/xn--soossarria-u9a.com\/gl\/producto\/428-3\/#primaryimage\",\"url\":\"https:\/\/xn--soossarria-u9a.com\/wp-content\/uploads\/2024\/01\/Monedero-lugupell-fucsia-3.webp\",\"contentUrl\":\"https:\/\/xn--soossarria-u9a.com\/wp-content\/uploads\/2024\/01\/Monedero-lugupell-fucsia-3.webp\",\"width\":800,\"height\":800,\"caption\":\"Bolso Fucsia\"},{\"@type\":\"BreadcrumbList\",\"@id\":\"https:\/\/xn--soossarria-u9a.com\/gl\/producto\/428-3\/#breadcrumb\",\"itemListElement\":[{\"@type\":\"ListItem\",\"position\":1,\"name\":\"Portada\",\"item\":\"https:\/\/xn--soossarria-u9a.com\/gl\/\"},{\"@type\":\"ListItem\",\"position\":2,\"name\":\"Tienda\",\"item\":\"https:\/\/xn--soossarria-u9a.com\/gl\/tienda\/\"},{\"@type\":\"ListItem\",\"position\":3,\"name\":\"428\"}]},{\"@type\":\"WebSite\",\"@id\":\"https:\/\/xn--soossarria-u9a.com\/gl\/#website\",\"url\":\"https:\/\/xn--soossarria-u9a.com\/gl\/\",\"name\":\"So\u00f1os Sarria\",\"description\":\"so\u00f1os sarria\",\"potentialAction\":[{\"@type\":\"SearchAction\",\"target\":{\"@type\":\"EntryPoint\",\"urlTemplate\":\"https:\/\/xn--soossarria-u9a.com\/gl\/?s={search_term_string}\"},\"query-input\":\"required name=search_term_string\"}],\"inLanguage\":\"gl-ES\"}]}<\/script>\n<!-- \/ Yoast SEO plugin. -->","yoast_head_json":{"title":"428 - So&ntilde;os Sarria","robots":{"index":"index","follow":"follow","max-snippet":"max-snippet:-1","max-image-preview":"max-image-preview:large","max-video-preview":"max-video-preview:-1"},"canonical":"https:\/\/xn--soossarria-u9a.com\/gl\/producto\/428-3\/","og_locale":"gl_ES","og_type":"article","og_title":"428 - So&ntilde;os Sarria","og_description":"O bolso Lugupell Fuchsia combina coiro suave cun estampado vibrante. Feito a man para mulleres, ten cremalleira traseira e boquilla interior, ofrecendo calidade tanto no dese\u00f1o como na fabricaci\u00f3n. Moderno e funcional, incl\u00fae un peto interior ideal para tarxetas, personalizado co logotipo de Lugupell. Este bolso \u00e9 un complemento 'PortaTodo' que destaca polo seu estilo e practicidade.","og_url":"https:\/\/xn--soossarria-u9a.com\/gl\/producto\/428-3\/","og_site_name":"So&ntilde;os Sarria","article_publisher":"https:\/\/www.facebook.com\/sonos.accesorios\/","og_image":[{"width":800,"height":800,"url":"https:\/\/xn--soossarria-u9a.com\/wp-content\/uploads\/2024\/01\/Monedero-lugupell-fucsia-3.webp","type":"image\/webp"}],"twitter_card":"summary_large_image","schema":{"@context":"https:\/\/schema.org","@graph":[{"@type":"WebPage","@id":"https:\/\/xn--soossarria-u9a.com\/gl\/producto\/428-3\/","url":"https:\/\/xn--soossarria-u9a.com\/gl\/producto\/428-3\/","name":"428 - So&ntilde;os Sarria","isPartOf":{"@id":"https:\/\/xn--soossarria-u9a.com\/gl\/#website"},"primaryImageOfPage":{"@id":"https:\/\/xn--soossarria-u9a.com\/gl\/producto\/428-3\/#primaryimage"},"image":{"@id":"https:\/\/xn--soossarria-u9a.com\/gl\/producto\/428-3\/#primaryimage"},"thumbnailUrl":"https:\/\/xn--soossarria-u9a.com\/wp-content\/uploads\/2024\/01\/Monedero-lugupell-fucsia-3.webp","datePublished":"2024-01-03T08:40:55+00:00","dateModified":"2024-01-03T08:40:55+00:00","breadcrumb":{"@id":"https:\/\/xn--soossarria-u9a.com\/gl\/producto\/428-3\/#breadcrumb"},"inLanguage":"gl-ES","potentialAction":[{"@type":"ReadAction","target":["https:\/\/xn--soossarria-u9a.com\/gl\/producto\/428-3\/"]}]},{"@type":"ImageObject","inLanguage":"gl-ES","@id":"https:\/\/xn--soossarria-u9a.com\/gl\/producto\/428-3\/#primaryimage","url":"https:\/\/xn--soossarria-u9a.com\/wp-content\/uploads\/2024\/01\/Monedero-lugupell-fucsia-3.webp","contentUrl":"https:\/\/xn--soossarria-u9a.com\/wp-content\/uploads\/2024\/01\/Monedero-lugupell-fucsia-3.webp","width":800,"height":800,"caption":"Bolso Fucsia"},{"@type":"BreadcrumbList","@id":"https:\/\/xn--soossarria-u9a.com\/gl\/producto\/428-3\/#breadcrumb","itemListElement":[{"@type":"ListItem","position":1,"name":"Portada","item":"https:\/\/xn--soossarria-u9a.com\/gl\/"},{"@type":"ListItem","position":2,"name":"Tienda","item":"https:\/\/xn--soossarria-u9a.com\/gl\/tienda\/"},{"@type":"ListItem","position":3,"name":"428"}]},{"@type":"WebSite","@id":"https:\/\/xn--soossarria-u9a.com\/gl\/#website","url":"https:\/\/xn--soossarria-u9a.com\/gl\/","name":"So\u00f1os Sarria","description":"so\u00f1os sarria","potentialAction":[{"@type":"SearchAction","target":{"@type":"EntryPoint","urlTemplate":"https:\/\/xn--soossarria-u9a.com\/gl\/?s={search_term_string}"},"query-input":"required name=search_term_string"}],"inLanguage":"gl-ES"}]}},"_links":{"self":[{"href":"https:\/\/xn--soossarria-u9a.com\/gl\/wp-json\/wp\/v2\/product\/9941"}],"collection":[{"href":"https:\/\/xn--soossarria-u9a.com\/gl\/wp-json\/wp\/v2\/product"}],"about":[{"href":"https:\/\/xn--soossarria-u9a.com\/gl\/wp-json\/wp\/v2\/types\/product"}],"wp:featuredmedia":[{"embeddable":true,"href":"https:\/\/xn--soossarria-u9a.com\/gl\/wp-json\/wp\/v2\/media\/8636"}],"wp:attachment":[{"href":"https:\/\/xn--soossarria-u9a.com\/gl\/wp-json\/wp\/v2\/media?parent=9941"}],"wp:term":[{"taxonomy":"product_cat","embeddable":true,"href":"https:\/\/xn--soossarria-u9a.com\/gl\/wp-json\/wp\/v2\/product_cat?post=9941"},{"taxonomy":"product_tag","embeddable":true,"href":"https:\/\/xn--soossarria-u9a.com\/gl\/wp-json\/wp\/v2\/product_tag?post=9941"}],"curies":[{"name":"wp","href":"https:\/\/api.w.org\/{rel}","templated":true}]}}