{"id":9929,"date":"2023-12-29T14:23:51","date_gmt":"2023-12-29T14:23:51","guid":{"rendered":"https:\/\/xn--soossarria-u9a.com\/producto\/pulseira-4\/"},"modified":"2023-12-29T14:23:51","modified_gmt":"2023-12-29T14:23:51","slug":"pulseira-4","status":"publish","type":"product","link":"https:\/\/xn--soossarria-u9a.com\/gl\/producto\/pulseira-4\/","title":{"rendered":"Pulseira"},"content":{"rendered":"<p>Experimenta a comodidade coa nosa pulseira estilo fol el\u00e1stico, feita en aceiro cir\u00farxico. F\u00e1cil de po\u00f1er e quitar, perfecto para combinar con jeans e camiseta. Dispo\u00f1ible en ouro ou prata, cun ancho de 16 mm. Non causa alerxias e p\u00f3dese mollar sen preocupaci\u00f3ns. Un toque moderno para o teu estilo diario<\/p>\n","protected":false},"excerpt":{"rendered":"<p>Experimenta a comodidade coa nosa pulseira estilo fol el\u00e1stico, feita en aceiro cir\u00farxico. F\u00e1cil de po\u00f1er e quitar, perfecto para combinar con jeans e camiseta. Dispo\u00f1ible en ouro ou prata, cun ancho de 16 mm. Non causa alerxias e p\u00f3dese mollar sen preocupaci\u00f3ns. Un toque moderno para o teu estilo diario<\/p>\n","protected":false},"featured_media":8474,"template":"","meta":[],"product_cat":[211,192,204],"product_tag":[223,220],"yoast_head":"<!-- This site is optimized with the Yoast SEO plugin v22.2 - https:\/\/yoast.com\/wordpress\/plugins\/seo\/ -->\n<title>Pulseira - So&ntilde;os Sarria<\/title>\n<meta name=\"robots\" content=\"index, follow, max-snippet:-1, max-image-preview:large, max-video-preview:-1\" \/>\n<link rel=\"canonical\" href=\"https:\/\/xn--soossarria-u9a.com\/gl\/producto\/pulseira-4\/\" \/>\n<meta property=\"og:locale\" content=\"gl_ES\" \/>\n<meta property=\"og:type\" content=\"article\" \/>\n<meta property=\"og:title\" content=\"Pulseira - So&ntilde;os Sarria\" \/>\n<meta property=\"og:description\" content=\"Experimenta a comodidade coa nosa pulseira estilo fol el\u00e1stico, feita en aceiro cir\u00farxico. F\u00e1cil de po\u00f1er e quitar, perfecto para combinar con jeans e camiseta. Dispo\u00f1ible en ouro ou prata, cun ancho de 16 mm. Non causa alerxias e p\u00f3dese mollar sen preocupaci\u00f3ns. Un toque moderno para o teu estilo diario\" \/>\n<meta property=\"og:url\" content=\"https:\/\/xn--soossarria-u9a.com\/gl\/producto\/pulseira-4\/\" \/>\n<meta property=\"og:site_name\" content=\"So&ntilde;os Sarria\" \/>\n<meta property=\"article:publisher\" content=\"https:\/\/www.facebook.com\/sonos.accesorios\/\" \/>\n<meta property=\"og:image\" content=\"https:\/\/xn--soossarria-u9a.com\/wp-content\/uploads\/2023\/12\/pulsera-fuelle-bpu629-4.jpg\" \/>\n\t<meta property=\"og:image:width\" content=\"800\" \/>\n\t<meta property=\"og:image:height\" content=\"800\" \/>\n\t<meta property=\"og:image:type\" content=\"image\/jpeg\" \/>\n<meta name=\"twitter:card\" content=\"summary_large_image\" \/>\n<script type=\"application\/ld+json\" class=\"yoast-schema-graph\">{\"@context\":\"https:\/\/schema.org\",\"@graph\":[{\"@type\":\"WebPage\",\"@id\":\"https:\/\/xn--soossarria-u9a.com\/gl\/producto\/pulseira-4\/\",\"url\":\"https:\/\/xn--soossarria-u9a.com\/gl\/producto\/pulseira-4\/\",\"name\":\"Pulseira - So&ntilde;os Sarria\",\"isPartOf\":{\"@id\":\"https:\/\/xn--soossarria-u9a.com\/gl\/#website\"},\"primaryImageOfPage\":{\"@id\":\"https:\/\/xn--soossarria-u9a.com\/gl\/producto\/pulseira-4\/#primaryimage\"},\"image\":{\"@id\":\"https:\/\/xn--soossarria-u9a.com\/gl\/producto\/pulseira-4\/#primaryimage\"},\"thumbnailUrl\":\"https:\/\/xn--soossarria-u9a.com\/wp-content\/uploads\/2023\/12\/pulsera-fuelle-bpu629-4.webp\",\"datePublished\":\"2023-12-29T14:23:51+00:00\",\"dateModified\":\"2023-12-29T14:23:51+00:00\",\"breadcrumb\":{\"@id\":\"https:\/\/xn--soossarria-u9a.com\/gl\/producto\/pulseira-4\/#breadcrumb\"},\"inLanguage\":\"gl-ES\",\"potentialAction\":[{\"@type\":\"ReadAction\",\"target\":[\"https:\/\/xn--soossarria-u9a.com\/gl\/producto\/pulseira-4\/\"]}]},{\"@type\":\"ImageObject\",\"inLanguage\":\"gl-ES\",\"@id\":\"https:\/\/xn--soossarria-u9a.com\/gl\/producto\/pulseira-4\/#primaryimage\",\"url\":\"https:\/\/xn--soossarria-u9a.com\/wp-content\/uploads\/2023\/12\/pulsera-fuelle-bpu629-4.webp\",\"contentUrl\":\"https:\/\/xn--soossarria-u9a.com\/wp-content\/uploads\/2023\/12\/pulsera-fuelle-bpu629-4.webp\",\"width\":800,\"height\":800},{\"@type\":\"BreadcrumbList\",\"@id\":\"https:\/\/xn--soossarria-u9a.com\/gl\/producto\/pulseira-4\/#breadcrumb\",\"itemListElement\":[{\"@type\":\"ListItem\",\"position\":1,\"name\":\"Portada\",\"item\":\"https:\/\/xn--soossarria-u9a.com\/gl\/\"},{\"@type\":\"ListItem\",\"position\":2,\"name\":\"Tienda\",\"item\":\"https:\/\/xn--soossarria-u9a.com\/gl\/tienda\/\"},{\"@type\":\"ListItem\",\"position\":3,\"name\":\"Pulseira\"}]},{\"@type\":\"WebSite\",\"@id\":\"https:\/\/xn--soossarria-u9a.com\/gl\/#website\",\"url\":\"https:\/\/xn--soossarria-u9a.com\/gl\/\",\"name\":\"So\u00f1os Sarria\",\"description\":\"so\u00f1os sarria\",\"potentialAction\":[{\"@type\":\"SearchAction\",\"target\":{\"@type\":\"EntryPoint\",\"urlTemplate\":\"https:\/\/xn--soossarria-u9a.com\/gl\/?s={search_term_string}\"},\"query-input\":\"required name=search_term_string\"}],\"inLanguage\":\"gl-ES\"}]}<\/script>\n<!-- \/ Yoast SEO plugin. -->","yoast_head_json":{"title":"Pulseira - So&ntilde;os Sarria","robots":{"index":"index","follow":"follow","max-snippet":"max-snippet:-1","max-image-preview":"max-image-preview:large","max-video-preview":"max-video-preview:-1"},"canonical":"https:\/\/xn--soossarria-u9a.com\/gl\/producto\/pulseira-4\/","og_locale":"gl_ES","og_type":"article","og_title":"Pulseira - So&ntilde;os Sarria","og_description":"Experimenta a comodidade coa nosa pulseira estilo fol el\u00e1stico, feita en aceiro cir\u00farxico. F\u00e1cil de po\u00f1er e quitar, perfecto para combinar con jeans e camiseta. Dispo\u00f1ible en ouro ou prata, cun ancho de 16 mm. Non causa alerxias e p\u00f3dese mollar sen preocupaci\u00f3ns. Un toque moderno para o teu estilo diario","og_url":"https:\/\/xn--soossarria-u9a.com\/gl\/producto\/pulseira-4\/","og_site_name":"So&ntilde;os Sarria","article_publisher":"https:\/\/www.facebook.com\/sonos.accesorios\/","og_image":[{"width":800,"height":800,"url":"https:\/\/xn--soossarria-u9a.com\/wp-content\/uploads\/2023\/12\/pulsera-fuelle-bpu629-4.jpg","type":"image\/jpeg"}],"twitter_card":"summary_large_image","schema":{"@context":"https:\/\/schema.org","@graph":[{"@type":"WebPage","@id":"https:\/\/xn--soossarria-u9a.com\/gl\/producto\/pulseira-4\/","url":"https:\/\/xn--soossarria-u9a.com\/gl\/producto\/pulseira-4\/","name":"Pulseira - So&ntilde;os Sarria","isPartOf":{"@id":"https:\/\/xn--soossarria-u9a.com\/gl\/#website"},"primaryImageOfPage":{"@id":"https:\/\/xn--soossarria-u9a.com\/gl\/producto\/pulseira-4\/#primaryimage"},"image":{"@id":"https:\/\/xn--soossarria-u9a.com\/gl\/producto\/pulseira-4\/#primaryimage"},"thumbnailUrl":"https:\/\/xn--soossarria-u9a.com\/wp-content\/uploads\/2023\/12\/pulsera-fuelle-bpu629-4.webp","datePublished":"2023-12-29T14:23:51+00:00","dateModified":"2023-12-29T14:23:51+00:00","breadcrumb":{"@id":"https:\/\/xn--soossarria-u9a.com\/gl\/producto\/pulseira-4\/#breadcrumb"},"inLanguage":"gl-ES","potentialAction":[{"@type":"ReadAction","target":["https:\/\/xn--soossarria-u9a.com\/gl\/producto\/pulseira-4\/"]}]},{"@type":"ImageObject","inLanguage":"gl-ES","@id":"https:\/\/xn--soossarria-u9a.com\/gl\/producto\/pulseira-4\/#primaryimage","url":"https:\/\/xn--soossarria-u9a.com\/wp-content\/uploads\/2023\/12\/pulsera-fuelle-bpu629-4.webp","contentUrl":"https:\/\/xn--soossarria-u9a.com\/wp-content\/uploads\/2023\/12\/pulsera-fuelle-bpu629-4.webp","width":800,"height":800},{"@type":"BreadcrumbList","@id":"https:\/\/xn--soossarria-u9a.com\/gl\/producto\/pulseira-4\/#breadcrumb","itemListElement":[{"@type":"ListItem","position":1,"name":"Portada","item":"https:\/\/xn--soossarria-u9a.com\/gl\/"},{"@type":"ListItem","position":2,"name":"Tienda","item":"https:\/\/xn--soossarria-u9a.com\/gl\/tienda\/"},{"@type":"ListItem","position":3,"name":"Pulseira"}]},{"@type":"WebSite","@id":"https:\/\/xn--soossarria-u9a.com\/gl\/#website","url":"https:\/\/xn--soossarria-u9a.com\/gl\/","name":"So\u00f1os Sarria","description":"so\u00f1os sarria","potentialAction":[{"@type":"SearchAction","target":{"@type":"EntryPoint","urlTemplate":"https:\/\/xn--soossarria-u9a.com\/gl\/?s={search_term_string}"},"query-input":"required name=search_term_string"}],"inLanguage":"gl-ES"}]}},"_links":{"self":[{"href":"https:\/\/xn--soossarria-u9a.com\/gl\/wp-json\/wp\/v2\/product\/9929"}],"collection":[{"href":"https:\/\/xn--soossarria-u9a.com\/gl\/wp-json\/wp\/v2\/product"}],"about":[{"href":"https:\/\/xn--soossarria-u9a.com\/gl\/wp-json\/wp\/v2\/types\/product"}],"wp:featuredmedia":[{"embeddable":true,"href":"https:\/\/xn--soossarria-u9a.com\/gl\/wp-json\/wp\/v2\/media\/8474"}],"wp:attachment":[{"href":"https:\/\/xn--soossarria-u9a.com\/gl\/wp-json\/wp\/v2\/media?parent=9929"}],"wp:term":[{"taxonomy":"product_cat","embeddable":true,"href":"https:\/\/xn--soossarria-u9a.com\/gl\/wp-json\/wp\/v2\/product_cat?post=9929"},{"taxonomy":"product_tag","embeddable":true,"href":"https:\/\/xn--soossarria-u9a.com\/gl\/wp-json\/wp\/v2\/product_tag?post=9929"}],"curies":[{"name":"wp","href":"https:\/\/api.w.org\/{rel}","templated":true}]}}