{"id":9924,"date":"2023-12-29T14:45:13","date_gmt":"2023-12-29T14:45:13","guid":{"rendered":"https:\/\/xn--soossarria-u9a.com\/producto\/carteira-3\/"},"modified":"2023-12-29T14:45:13","modified_gmt":"2023-12-29T14:45:13","slug":"carteira-3","status":"publish","type":"product","link":"https:\/\/xn--soossarria-u9a.com\/gl\/producto\/carteira-3\/","title":{"rendered":"Carteira"},"content":{"rendered":"<p>Experimenta versatilidade e estilo coa nosa carteira Caramelo Lune en negro elegante. Ten capacidade para seis tarxetas, dous compartimentos interiores, unha dobre carteira traseira para unha maior organizaci\u00f3n, un compartimento transparente para a identificaci\u00f3n, un bolso con cremalleira e outro con bot\u00f3n para moedas.<\/p>\n<p>Un completo complemento que combina funcionalidade e dese\u00f1o, ideal para a t\u00faa vida diaria.<\/p>\n","protected":false},"excerpt":{"rendered":"<p>Experimenta versatilidade e estilo coa nosa carteira Caramelo Lune en negro elegante. Ten capacidade para seis tarxetas, dous compartimentos interiores, unha dobre carteira traseira para unha maior organizaci\u00f3n, un compartimento transparente para a identificaci\u00f3n, un bolso con cremalleira e outro con bot\u00f3n para moedas. Un completo complemento que combina funcionalidade e dese\u00f1o, ideal para a [&hellip;]<\/p>\n","protected":false},"featured_media":8517,"template":"","meta":[],"product_cat":[213,190,199],"product_tag":[221,219],"yoast_head":"<!-- This site is optimized with the Yoast SEO plugin v22.2 - https:\/\/yoast.com\/wordpress\/plugins\/seo\/ -->\n<title>Carteira - So&ntilde;os Sarria<\/title>\n<meta name=\"robots\" content=\"index, follow, max-snippet:-1, max-image-preview:large, max-video-preview:-1\" \/>\n<link rel=\"canonical\" href=\"https:\/\/xn--soossarria-u9a.com\/gl\/producto\/carteira-3\/\" \/>\n<meta property=\"og:locale\" content=\"gl_ES\" \/>\n<meta property=\"og:type\" content=\"article\" \/>\n<meta property=\"og:title\" content=\"Carteira - So&ntilde;os Sarria\" \/>\n<meta property=\"og:description\" content=\"Experimenta versatilidade e estilo coa nosa carteira Caramelo Lune en negro elegante. Ten capacidade para seis tarxetas, dous compartimentos interiores, unha dobre carteira traseira para unha maior organizaci\u00f3n, un compartimento transparente para a identificaci\u00f3n, un bolso con cremalleira e outro con bot\u00f3n para moedas. Un completo complemento que combina funcionalidade e dese\u00f1o, ideal para a [&hellip;]\" \/>\n<meta property=\"og:url\" content=\"https:\/\/xn--soossarria-u9a.com\/gl\/producto\/carteira-3\/\" \/>\n<meta property=\"og:site_name\" content=\"So&ntilde;os Sarria\" \/>\n<meta property=\"article:publisher\" content=\"https:\/\/www.facebook.com\/sonos.accesorios\/\" \/>\n<meta name=\"twitter:card\" content=\"summary_large_image\" \/>\n<script type=\"application\/ld+json\" class=\"yoast-schema-graph\">{\"@context\":\"https:\/\/schema.org\",\"@graph\":[{\"@type\":\"WebPage\",\"@id\":\"https:\/\/xn--soossarria-u9a.com\/gl\/producto\/carteira-3\/\",\"url\":\"https:\/\/xn--soossarria-u9a.com\/gl\/producto\/carteira-3\/\",\"name\":\"Carteira - So&ntilde;os Sarria\",\"isPartOf\":{\"@id\":\"https:\/\/xn--soossarria-u9a.com\/gl\/#website\"},\"primaryImageOfPage\":{\"@id\":\"https:\/\/xn--soossarria-u9a.com\/gl\/producto\/carteira-3\/#primaryimage\"},\"image\":{\"@id\":\"https:\/\/xn--soossarria-u9a.com\/gl\/producto\/carteira-3\/#primaryimage\"},\"thumbnailUrl\":\"https:\/\/xn--soossarria-u9a.com\/wp-content\/uploads\/2023\/12\/6-billetero-caramelo-lune-negro-532044-01.webp\",\"datePublished\":\"2023-12-29T14:45:13+00:00\",\"dateModified\":\"2023-12-29T14:45:13+00:00\",\"breadcrumb\":{\"@id\":\"https:\/\/xn--soossarria-u9a.com\/gl\/producto\/carteira-3\/#breadcrumb\"},\"inLanguage\":\"gl-ES\",\"potentialAction\":[{\"@type\":\"ReadAction\",\"target\":[\"https:\/\/xn--soossarria-u9a.com\/gl\/producto\/carteira-3\/\"]}]},{\"@type\":\"ImageObject\",\"inLanguage\":\"gl-ES\",\"@id\":\"https:\/\/xn--soossarria-u9a.com\/gl\/producto\/carteira-3\/#primaryimage\",\"url\":\"https:\/\/xn--soossarria-u9a.com\/wp-content\/uploads\/2023\/12\/6-billetero-caramelo-lune-negro-532044-01.webp\",\"contentUrl\":\"https:\/\/xn--soossarria-u9a.com\/wp-content\/uploads\/2023\/12\/6-billetero-caramelo-lune-negro-532044-01.webp\",\"width\":1500,\"height\":1001},{\"@type\":\"BreadcrumbList\",\"@id\":\"https:\/\/xn--soossarria-u9a.com\/gl\/producto\/carteira-3\/#breadcrumb\",\"itemListElement\":[{\"@type\":\"ListItem\",\"position\":1,\"name\":\"Portada\",\"item\":\"https:\/\/xn--soossarria-u9a.com\/gl\/\"},{\"@type\":\"ListItem\",\"position\":2,\"name\":\"Tienda\",\"item\":\"https:\/\/xn--soossarria-u9a.com\/gl\/tienda\/\"},{\"@type\":\"ListItem\",\"position\":3,\"name\":\"Carteira\"}]},{\"@type\":\"WebSite\",\"@id\":\"https:\/\/xn--soossarria-u9a.com\/gl\/#website\",\"url\":\"https:\/\/xn--soossarria-u9a.com\/gl\/\",\"name\":\"So\u00f1os Sarria\",\"description\":\"so\u00f1os sarria\",\"potentialAction\":[{\"@type\":\"SearchAction\",\"target\":{\"@type\":\"EntryPoint\",\"urlTemplate\":\"https:\/\/xn--soossarria-u9a.com\/gl\/?s={search_term_string}\"},\"query-input\":\"required name=search_term_string\"}],\"inLanguage\":\"gl-ES\"}]}<\/script>\n<!-- \/ Yoast SEO plugin. -->","yoast_head_json":{"title":"Carteira - So&ntilde;os Sarria","robots":{"index":"index","follow":"follow","max-snippet":"max-snippet:-1","max-image-preview":"max-image-preview:large","max-video-preview":"max-video-preview:-1"},"canonical":"https:\/\/xn--soossarria-u9a.com\/gl\/producto\/carteira-3\/","og_locale":"gl_ES","og_type":"article","og_title":"Carteira - So&ntilde;os Sarria","og_description":"Experimenta versatilidade e estilo coa nosa carteira Caramelo Lune en negro elegante. Ten capacidade para seis tarxetas, dous compartimentos interiores, unha dobre carteira traseira para unha maior organizaci\u00f3n, un compartimento transparente para a identificaci\u00f3n, un bolso con cremalleira e outro con bot\u00f3n para moedas. Un completo complemento que combina funcionalidade e dese\u00f1o, ideal para a [&hellip;]","og_url":"https:\/\/xn--soossarria-u9a.com\/gl\/producto\/carteira-3\/","og_site_name":"So&ntilde;os Sarria","article_publisher":"https:\/\/www.facebook.com\/sonos.accesorios\/","twitter_card":"summary_large_image","schema":{"@context":"https:\/\/schema.org","@graph":[{"@type":"WebPage","@id":"https:\/\/xn--soossarria-u9a.com\/gl\/producto\/carteira-3\/","url":"https:\/\/xn--soossarria-u9a.com\/gl\/producto\/carteira-3\/","name":"Carteira - So&ntilde;os Sarria","isPartOf":{"@id":"https:\/\/xn--soossarria-u9a.com\/gl\/#website"},"primaryImageOfPage":{"@id":"https:\/\/xn--soossarria-u9a.com\/gl\/producto\/carteira-3\/#primaryimage"},"image":{"@id":"https:\/\/xn--soossarria-u9a.com\/gl\/producto\/carteira-3\/#primaryimage"},"thumbnailUrl":"https:\/\/xn--soossarria-u9a.com\/wp-content\/uploads\/2023\/12\/6-billetero-caramelo-lune-negro-532044-01.webp","datePublished":"2023-12-29T14:45:13+00:00","dateModified":"2023-12-29T14:45:13+00:00","breadcrumb":{"@id":"https:\/\/xn--soossarria-u9a.com\/gl\/producto\/carteira-3\/#breadcrumb"},"inLanguage":"gl-ES","potentialAction":[{"@type":"ReadAction","target":["https:\/\/xn--soossarria-u9a.com\/gl\/producto\/carteira-3\/"]}]},{"@type":"ImageObject","inLanguage":"gl-ES","@id":"https:\/\/xn--soossarria-u9a.com\/gl\/producto\/carteira-3\/#primaryimage","url":"https:\/\/xn--soossarria-u9a.com\/wp-content\/uploads\/2023\/12\/6-billetero-caramelo-lune-negro-532044-01.webp","contentUrl":"https:\/\/xn--soossarria-u9a.com\/wp-content\/uploads\/2023\/12\/6-billetero-caramelo-lune-negro-532044-01.webp","width":1500,"height":1001},{"@type":"BreadcrumbList","@id":"https:\/\/xn--soossarria-u9a.com\/gl\/producto\/carteira-3\/#breadcrumb","itemListElement":[{"@type":"ListItem","position":1,"name":"Portada","item":"https:\/\/xn--soossarria-u9a.com\/gl\/"},{"@type":"ListItem","position":2,"name":"Tienda","item":"https:\/\/xn--soossarria-u9a.com\/gl\/tienda\/"},{"@type":"ListItem","position":3,"name":"Carteira"}]},{"@type":"WebSite","@id":"https:\/\/xn--soossarria-u9a.com\/gl\/#website","url":"https:\/\/xn--soossarria-u9a.com\/gl\/","name":"So\u00f1os Sarria","description":"so\u00f1os sarria","potentialAction":[{"@type":"SearchAction","target":{"@type":"EntryPoint","urlTemplate":"https:\/\/xn--soossarria-u9a.com\/gl\/?s={search_term_string}"},"query-input":"required name=search_term_string"}],"inLanguage":"gl-ES"}]}},"_links":{"self":[{"href":"https:\/\/xn--soossarria-u9a.com\/gl\/wp-json\/wp\/v2\/product\/9924"}],"collection":[{"href":"https:\/\/xn--soossarria-u9a.com\/gl\/wp-json\/wp\/v2\/product"}],"about":[{"href":"https:\/\/xn--soossarria-u9a.com\/gl\/wp-json\/wp\/v2\/types\/product"}],"wp:featuredmedia":[{"embeddable":true,"href":"https:\/\/xn--soossarria-u9a.com\/gl\/wp-json\/wp\/v2\/media\/8517"}],"wp:attachment":[{"href":"https:\/\/xn--soossarria-u9a.com\/gl\/wp-json\/wp\/v2\/media?parent=9924"}],"wp:term":[{"taxonomy":"product_cat","embeddable":true,"href":"https:\/\/xn--soossarria-u9a.com\/gl\/wp-json\/wp\/v2\/product_cat?post=9924"},{"taxonomy":"product_tag","embeddable":true,"href":"https:\/\/xn--soossarria-u9a.com\/gl\/wp-json\/wp\/v2\/product_tag?post=9924"}],"curies":[{"name":"wp","href":"https:\/\/api.w.org\/{rel}","templated":true}]}}