{"id":9922,"date":"2024-01-03T07:20:22","date_gmt":"2024-01-03T07:20:22","guid":{"rendered":"https:\/\/xn--soossarria-u9a.com\/producto\/mini-carteira-9\/"},"modified":"2024-01-03T07:20:22","modified_gmt":"2024-01-03T07:20:22","slug":"mini-carteira-9","status":"publish","type":"product","link":"https:\/\/xn--soossarria-u9a.com\/gl\/producto\/mini-carteira-9\/","title":{"rendered":"Mini carteira"},"content":{"rendered":"<p>Ocre vintage<\/p>\n<p>A Mini Wallet Secrid na cautivadora cor ocre \u00e9 a fusi\u00f3n perfecta de elegancia e practicidade. A pesar do seu tama\u00f1o compacto, sorprende cunha capacidade excepcional. A tapa exterior \u00e9 ideal para billetes, billetes e tarxetas, mentres que o protector de tarxetas de aluminio permite retirar as tarxetas con facilidade. Pode almacenar 4 tarxetas en relevo, 6 tarxetas simples, billetes, tarxetas de visita e recibos. Medidas: 10,2 x 0,65 x 0,21 cm, peso 72 gr. A Mini Wallet Ocre \u00e9 a opci\u00f3n ideal que cabe en todos os petos, proporcionando un toque de estilo e funcionalidade nun s\u00f3.<\/p>\n","protected":false},"excerpt":{"rendered":"<p>Ocre vintage A Mini Wallet Secrid na cautivadora cor ocre \u00e9 a fusi\u00f3n perfecta de elegancia e practicidade. A pesar do seu tama\u00f1o compacto, sorprende cunha capacidade excepcional. A tapa exterior \u00e9 ideal para billetes, billetes e tarxetas, mentres que o protector de tarxetas de aluminio permite retirar as tarxetas con facilidade. Pode almacenar 4 [&hellip;]<\/p>\n","protected":false},"featured_media":8596,"template":"","meta":[],"product_cat":[190,192,214],"product_tag":[219],"yoast_head":"<!-- This site is optimized with the Yoast SEO plugin v22.2 - https:\/\/yoast.com\/wordpress\/plugins\/seo\/ -->\n<title>Mini carteira - So&ntilde;os Sarria<\/title>\n<meta name=\"robots\" content=\"index, follow, max-snippet:-1, max-image-preview:large, max-video-preview:-1\" \/>\n<link rel=\"canonical\" href=\"https:\/\/xn--soossarria-u9a.com\/gl\/producto\/mini-carteira-9\/\" \/>\n<meta property=\"og:locale\" content=\"gl_ES\" \/>\n<meta property=\"og:type\" content=\"article\" \/>\n<meta property=\"og:title\" content=\"Mini carteira - So&ntilde;os Sarria\" \/>\n<meta property=\"og:description\" content=\"Ocre vintage A Mini Wallet Secrid na cautivadora cor ocre \u00e9 a fusi\u00f3n perfecta de elegancia e practicidade. A pesar do seu tama\u00f1o compacto, sorprende cunha capacidade excepcional. A tapa exterior \u00e9 ideal para billetes, billetes e tarxetas, mentres que o protector de tarxetas de aluminio permite retirar as tarxetas con facilidade. Pode almacenar 4 [&hellip;]\" \/>\n<meta property=\"og:url\" content=\"https:\/\/xn--soossarria-u9a.com\/gl\/producto\/mini-carteira-9\/\" \/>\n<meta property=\"og:site_name\" content=\"So&ntilde;os Sarria\" \/>\n<meta property=\"article:publisher\" content=\"https:\/\/www.facebook.com\/sonos.accesorios\/\" \/>\n<meta property=\"og:image\" content=\"https:\/\/xn--soossarria-u9a.com\/wp-content\/uploads\/2024\/01\/mc-ochre-1-font.webp\" \/>\n\t<meta property=\"og:image:width\" content=\"800\" \/>\n\t<meta property=\"og:image:height\" content=\"800\" \/>\n\t<meta property=\"og:image:type\" content=\"image\/webp\" \/>\n<meta name=\"twitter:card\" content=\"summary_large_image\" \/>\n<script type=\"application\/ld+json\" class=\"yoast-schema-graph\">{\"@context\":\"https:\/\/schema.org\",\"@graph\":[{\"@type\":\"WebPage\",\"@id\":\"https:\/\/xn--soossarria-u9a.com\/gl\/producto\/mini-carteira-9\/\",\"url\":\"https:\/\/xn--soossarria-u9a.com\/gl\/producto\/mini-carteira-9\/\",\"name\":\"Mini carteira - So&ntilde;os Sarria\",\"isPartOf\":{\"@id\":\"https:\/\/xn--soossarria-u9a.com\/gl\/#website\"},\"primaryImageOfPage\":{\"@id\":\"https:\/\/xn--soossarria-u9a.com\/gl\/producto\/mini-carteira-9\/#primaryimage\"},\"image\":{\"@id\":\"https:\/\/xn--soossarria-u9a.com\/gl\/producto\/mini-carteira-9\/#primaryimage\"},\"thumbnailUrl\":\"https:\/\/xn--soossarria-u9a.com\/wp-content\/uploads\/2024\/01\/mc-ochre-1-font.webp\",\"datePublished\":\"2024-01-03T07:20:22+00:00\",\"dateModified\":\"2024-01-03T07:20:22+00:00\",\"breadcrumb\":{\"@id\":\"https:\/\/xn--soossarria-u9a.com\/gl\/producto\/mini-carteira-9\/#breadcrumb\"},\"inLanguage\":\"gl-ES\",\"potentialAction\":[{\"@type\":\"ReadAction\",\"target\":[\"https:\/\/xn--soossarria-u9a.com\/gl\/producto\/mini-carteira-9\/\"]}]},{\"@type\":\"ImageObject\",\"inLanguage\":\"gl-ES\",\"@id\":\"https:\/\/xn--soossarria-u9a.com\/gl\/producto\/mini-carteira-9\/#primaryimage\",\"url\":\"https:\/\/xn--soossarria-u9a.com\/wp-content\/uploads\/2024\/01\/mc-ochre-1-font.webp\",\"contentUrl\":\"https:\/\/xn--soossarria-u9a.com\/wp-content\/uploads\/2024\/01\/mc-ochre-1-font.webp\",\"width\":800,\"height\":800,\"caption\":\"Mini carteira ocre\"},{\"@type\":\"BreadcrumbList\",\"@id\":\"https:\/\/xn--soossarria-u9a.com\/gl\/producto\/mini-carteira-9\/#breadcrumb\",\"itemListElement\":[{\"@type\":\"ListItem\",\"position\":1,\"name\":\"Portada\",\"item\":\"https:\/\/xn--soossarria-u9a.com\/gl\/\"},{\"@type\":\"ListItem\",\"position\":2,\"name\":\"Tienda\",\"item\":\"https:\/\/xn--soossarria-u9a.com\/gl\/tienda\/\"},{\"@type\":\"ListItem\",\"position\":3,\"name\":\"Mini carteira\"}]},{\"@type\":\"WebSite\",\"@id\":\"https:\/\/xn--soossarria-u9a.com\/gl\/#website\",\"url\":\"https:\/\/xn--soossarria-u9a.com\/gl\/\",\"name\":\"So\u00f1os Sarria\",\"description\":\"so\u00f1os sarria\",\"potentialAction\":[{\"@type\":\"SearchAction\",\"target\":{\"@type\":\"EntryPoint\",\"urlTemplate\":\"https:\/\/xn--soossarria-u9a.com\/gl\/?s={search_term_string}\"},\"query-input\":\"required name=search_term_string\"}],\"inLanguage\":\"gl-ES\"}]}<\/script>\n<!-- \/ Yoast SEO plugin. -->","yoast_head_json":{"title":"Mini carteira - So&ntilde;os Sarria","robots":{"index":"index","follow":"follow","max-snippet":"max-snippet:-1","max-image-preview":"max-image-preview:large","max-video-preview":"max-video-preview:-1"},"canonical":"https:\/\/xn--soossarria-u9a.com\/gl\/producto\/mini-carteira-9\/","og_locale":"gl_ES","og_type":"article","og_title":"Mini carteira - So&ntilde;os Sarria","og_description":"Ocre vintage A Mini Wallet Secrid na cautivadora cor ocre \u00e9 a fusi\u00f3n perfecta de elegancia e practicidade. A pesar do seu tama\u00f1o compacto, sorprende cunha capacidade excepcional. A tapa exterior \u00e9 ideal para billetes, billetes e tarxetas, mentres que o protector de tarxetas de aluminio permite retirar as tarxetas con facilidade. Pode almacenar 4 [&hellip;]","og_url":"https:\/\/xn--soossarria-u9a.com\/gl\/producto\/mini-carteira-9\/","og_site_name":"So&ntilde;os Sarria","article_publisher":"https:\/\/www.facebook.com\/sonos.accesorios\/","og_image":[{"width":800,"height":800,"url":"https:\/\/xn--soossarria-u9a.com\/wp-content\/uploads\/2024\/01\/mc-ochre-1-font.webp","type":"image\/webp"}],"twitter_card":"summary_large_image","schema":{"@context":"https:\/\/schema.org","@graph":[{"@type":"WebPage","@id":"https:\/\/xn--soossarria-u9a.com\/gl\/producto\/mini-carteira-9\/","url":"https:\/\/xn--soossarria-u9a.com\/gl\/producto\/mini-carteira-9\/","name":"Mini carteira - So&ntilde;os Sarria","isPartOf":{"@id":"https:\/\/xn--soossarria-u9a.com\/gl\/#website"},"primaryImageOfPage":{"@id":"https:\/\/xn--soossarria-u9a.com\/gl\/producto\/mini-carteira-9\/#primaryimage"},"image":{"@id":"https:\/\/xn--soossarria-u9a.com\/gl\/producto\/mini-carteira-9\/#primaryimage"},"thumbnailUrl":"https:\/\/xn--soossarria-u9a.com\/wp-content\/uploads\/2024\/01\/mc-ochre-1-font.webp","datePublished":"2024-01-03T07:20:22+00:00","dateModified":"2024-01-03T07:20:22+00:00","breadcrumb":{"@id":"https:\/\/xn--soossarria-u9a.com\/gl\/producto\/mini-carteira-9\/#breadcrumb"},"inLanguage":"gl-ES","potentialAction":[{"@type":"ReadAction","target":["https:\/\/xn--soossarria-u9a.com\/gl\/producto\/mini-carteira-9\/"]}]},{"@type":"ImageObject","inLanguage":"gl-ES","@id":"https:\/\/xn--soossarria-u9a.com\/gl\/producto\/mini-carteira-9\/#primaryimage","url":"https:\/\/xn--soossarria-u9a.com\/wp-content\/uploads\/2024\/01\/mc-ochre-1-font.webp","contentUrl":"https:\/\/xn--soossarria-u9a.com\/wp-content\/uploads\/2024\/01\/mc-ochre-1-font.webp","width":800,"height":800,"caption":"Mini carteira ocre"},{"@type":"BreadcrumbList","@id":"https:\/\/xn--soossarria-u9a.com\/gl\/producto\/mini-carteira-9\/#breadcrumb","itemListElement":[{"@type":"ListItem","position":1,"name":"Portada","item":"https:\/\/xn--soossarria-u9a.com\/gl\/"},{"@type":"ListItem","position":2,"name":"Tienda","item":"https:\/\/xn--soossarria-u9a.com\/gl\/tienda\/"},{"@type":"ListItem","position":3,"name":"Mini carteira"}]},{"@type":"WebSite","@id":"https:\/\/xn--soossarria-u9a.com\/gl\/#website","url":"https:\/\/xn--soossarria-u9a.com\/gl\/","name":"So\u00f1os Sarria","description":"so\u00f1os sarria","potentialAction":[{"@type":"SearchAction","target":{"@type":"EntryPoint","urlTemplate":"https:\/\/xn--soossarria-u9a.com\/gl\/?s={search_term_string}"},"query-input":"required name=search_term_string"}],"inLanguage":"gl-ES"}]}},"_links":{"self":[{"href":"https:\/\/xn--soossarria-u9a.com\/gl\/wp-json\/wp\/v2\/product\/9922"}],"collection":[{"href":"https:\/\/xn--soossarria-u9a.com\/gl\/wp-json\/wp\/v2\/product"}],"about":[{"href":"https:\/\/xn--soossarria-u9a.com\/gl\/wp-json\/wp\/v2\/types\/product"}],"wp:featuredmedia":[{"embeddable":true,"href":"https:\/\/xn--soossarria-u9a.com\/gl\/wp-json\/wp\/v2\/media\/8596"}],"wp:attachment":[{"href":"https:\/\/xn--soossarria-u9a.com\/gl\/wp-json\/wp\/v2\/media?parent=9922"}],"wp:term":[{"taxonomy":"product_cat","embeddable":true,"href":"https:\/\/xn--soossarria-u9a.com\/gl\/wp-json\/wp\/v2\/product_cat?post=9922"},{"taxonomy":"product_tag","embeddable":true,"href":"https:\/\/xn--soossarria-u9a.com\/gl\/wp-json\/wp\/v2\/product_tag?post=9922"}],"curies":[{"name":"wp","href":"https:\/\/api.w.org\/{rel}","templated":true}]}}