{"id":9918,"date":"2024-01-03T08:13:28","date_gmt":"2024-01-03T08:13:28","guid":{"rendered":"https:\/\/xn--soossarria-u9a.com\/producto\/cinto-3\/"},"modified":"2024-01-03T08:13:28","modified_gmt":"2024-01-03T08:13:28","slug":"cinto-3","status":"publish","type":"product","link":"https:\/\/xn--soossarria-u9a.com\/gl\/producto\/cinto-3\/","title":{"rendered":"Cinto"},"content":{"rendered":"<p>Acent\u00faa a t\u00faa cintura con este cativador cinto e colar de plumas. A fusi\u00f3n de plumas de metal, vermello e dourado, xunto cunha pedra central, crea unha peza \u00fanica que eleva o teu estilo a novas alturas. Este cinto non s\u00f3 cumpre a s\u00faa funci\u00f3n pr\u00e1ctica, sen\u00f3n que tam\u00e9n se converte nun accesorio atractivo que aporta elegancia e un toque de exotismo \u00e1 t\u00faa roupa. Fai unha declaraci\u00f3n de moda atrevida con este cinto que destaca pola s\u00faa orixinalidade e encanto.<\/p>\n","protected":false},"excerpt":{"rendered":"<p>Acent\u00faa a t\u00faa cintura con este cativador cinto e colar de plumas. A fusi\u00f3n de plumas de metal, vermello e dourado, xunto cunha pedra central, crea unha peza \u00fanica que eleva o teu estilo a novas alturas. Este cinto non s\u00f3 cumpre a s\u00faa funci\u00f3n pr\u00e1ctica, sen\u00f3n que tam\u00e9n se converte nun accesorio atractivo que [&hellip;]<\/p>\n","protected":false},"featured_media":8619,"template":"","meta":[],"product_cat":[200,230],"product_tag":[227,223],"yoast_head":"<!-- This site is optimized with the Yoast SEO plugin v22.2 - https:\/\/yoast.com\/wordpress\/plugins\/seo\/ -->\n<title>Cinto - So&ntilde;os Sarria<\/title>\n<meta name=\"robots\" content=\"index, follow, max-snippet:-1, max-image-preview:large, max-video-preview:-1\" \/>\n<link rel=\"canonical\" href=\"https:\/\/xn--soossarria-u9a.com\/gl\/producto\/cinto-3\/\" \/>\n<meta property=\"og:locale\" content=\"gl_ES\" \/>\n<meta property=\"og:type\" content=\"article\" \/>\n<meta property=\"og:title\" content=\"Cinto - So&ntilde;os Sarria\" \/>\n<meta property=\"og:description\" content=\"Acent\u00faa a t\u00faa cintura con este cativador cinto e colar de plumas. A fusi\u00f3n de plumas de metal, vermello e dourado, xunto cunha pedra central, crea unha peza \u00fanica que eleva o teu estilo a novas alturas. Este cinto non s\u00f3 cumpre a s\u00faa funci\u00f3n pr\u00e1ctica, sen\u00f3n que tam\u00e9n se converte nun accesorio atractivo que [&hellip;]\" \/>\n<meta property=\"og:url\" content=\"https:\/\/xn--soossarria-u9a.com\/gl\/producto\/cinto-3\/\" \/>\n<meta property=\"og:site_name\" content=\"So&ntilde;os Sarria\" \/>\n<meta property=\"article:publisher\" content=\"https:\/\/www.facebook.com\/sonos.accesorios\/\" \/>\n<meta property=\"og:image\" content=\"https:\/\/xn--soossarria-u9a.com\/wp-content\/uploads\/2024\/01\/Cinturon-rojo.webp\" \/>\n\t<meta property=\"og:image:width\" content=\"800\" \/>\n\t<meta property=\"og:image:height\" content=\"801\" \/>\n\t<meta property=\"og:image:type\" content=\"image\/webp\" \/>\n<meta name=\"twitter:card\" content=\"summary_large_image\" \/>\n<script type=\"application\/ld+json\" class=\"yoast-schema-graph\">{\"@context\":\"https:\/\/schema.org\",\"@graph\":[{\"@type\":\"WebPage\",\"@id\":\"https:\/\/xn--soossarria-u9a.com\/gl\/producto\/cinto-3\/\",\"url\":\"https:\/\/xn--soossarria-u9a.com\/gl\/producto\/cinto-3\/\",\"name\":\"Cinto - So&ntilde;os Sarria\",\"isPartOf\":{\"@id\":\"https:\/\/xn--soossarria-u9a.com\/gl\/#website\"},\"primaryImageOfPage\":{\"@id\":\"https:\/\/xn--soossarria-u9a.com\/gl\/producto\/cinto-3\/#primaryimage\"},\"image\":{\"@id\":\"https:\/\/xn--soossarria-u9a.com\/gl\/producto\/cinto-3\/#primaryimage\"},\"thumbnailUrl\":\"https:\/\/xn--soossarria-u9a.com\/wp-content\/uploads\/2024\/01\/Cinturon-rojo.webp\",\"datePublished\":\"2024-01-03T08:13:28+00:00\",\"dateModified\":\"2024-01-03T08:13:28+00:00\",\"breadcrumb\":{\"@id\":\"https:\/\/xn--soossarria-u9a.com\/gl\/producto\/cinto-3\/#breadcrumb\"},\"inLanguage\":\"gl-ES\",\"potentialAction\":[{\"@type\":\"ReadAction\",\"target\":[\"https:\/\/xn--soossarria-u9a.com\/gl\/producto\/cinto-3\/\"]}]},{\"@type\":\"ImageObject\",\"inLanguage\":\"gl-ES\",\"@id\":\"https:\/\/xn--soossarria-u9a.com\/gl\/producto\/cinto-3\/#primaryimage\",\"url\":\"https:\/\/xn--soossarria-u9a.com\/wp-content\/uploads\/2024\/01\/Cinturon-rojo.webp\",\"contentUrl\":\"https:\/\/xn--soossarria-u9a.com\/wp-content\/uploads\/2024\/01\/Cinturon-rojo.webp\",\"width\":800,\"height\":801,\"caption\":\"Cinto. Elegancia Plum\u00edfera\"},{\"@type\":\"BreadcrumbList\",\"@id\":\"https:\/\/xn--soossarria-u9a.com\/gl\/producto\/cinto-3\/#breadcrumb\",\"itemListElement\":[{\"@type\":\"ListItem\",\"position\":1,\"name\":\"Portada\",\"item\":\"https:\/\/xn--soossarria-u9a.com\/gl\/\"},{\"@type\":\"ListItem\",\"position\":2,\"name\":\"Tienda\",\"item\":\"https:\/\/xn--soossarria-u9a.com\/gl\/tienda\/\"},{\"@type\":\"ListItem\",\"position\":3,\"name\":\"Cinto\"}]},{\"@type\":\"WebSite\",\"@id\":\"https:\/\/xn--soossarria-u9a.com\/gl\/#website\",\"url\":\"https:\/\/xn--soossarria-u9a.com\/gl\/\",\"name\":\"So\u00f1os Sarria\",\"description\":\"so\u00f1os sarria\",\"potentialAction\":[{\"@type\":\"SearchAction\",\"target\":{\"@type\":\"EntryPoint\",\"urlTemplate\":\"https:\/\/xn--soossarria-u9a.com\/gl\/?s={search_term_string}\"},\"query-input\":\"required name=search_term_string\"}],\"inLanguage\":\"gl-ES\"}]}<\/script>\n<!-- \/ Yoast SEO plugin. -->","yoast_head_json":{"title":"Cinto - So&ntilde;os Sarria","robots":{"index":"index","follow":"follow","max-snippet":"max-snippet:-1","max-image-preview":"max-image-preview:large","max-video-preview":"max-video-preview:-1"},"canonical":"https:\/\/xn--soossarria-u9a.com\/gl\/producto\/cinto-3\/","og_locale":"gl_ES","og_type":"article","og_title":"Cinto - So&ntilde;os Sarria","og_description":"Acent\u00faa a t\u00faa cintura con este cativador cinto e colar de plumas. A fusi\u00f3n de plumas de metal, vermello e dourado, xunto cunha pedra central, crea unha peza \u00fanica que eleva o teu estilo a novas alturas. Este cinto non s\u00f3 cumpre a s\u00faa funci\u00f3n pr\u00e1ctica, sen\u00f3n que tam\u00e9n se converte nun accesorio atractivo que [&hellip;]","og_url":"https:\/\/xn--soossarria-u9a.com\/gl\/producto\/cinto-3\/","og_site_name":"So&ntilde;os Sarria","article_publisher":"https:\/\/www.facebook.com\/sonos.accesorios\/","og_image":[{"width":800,"height":801,"url":"https:\/\/xn--soossarria-u9a.com\/wp-content\/uploads\/2024\/01\/Cinturon-rojo.webp","type":"image\/webp"}],"twitter_card":"summary_large_image","schema":{"@context":"https:\/\/schema.org","@graph":[{"@type":"WebPage","@id":"https:\/\/xn--soossarria-u9a.com\/gl\/producto\/cinto-3\/","url":"https:\/\/xn--soossarria-u9a.com\/gl\/producto\/cinto-3\/","name":"Cinto - So&ntilde;os Sarria","isPartOf":{"@id":"https:\/\/xn--soossarria-u9a.com\/gl\/#website"},"primaryImageOfPage":{"@id":"https:\/\/xn--soossarria-u9a.com\/gl\/producto\/cinto-3\/#primaryimage"},"image":{"@id":"https:\/\/xn--soossarria-u9a.com\/gl\/producto\/cinto-3\/#primaryimage"},"thumbnailUrl":"https:\/\/xn--soossarria-u9a.com\/wp-content\/uploads\/2024\/01\/Cinturon-rojo.webp","datePublished":"2024-01-03T08:13:28+00:00","dateModified":"2024-01-03T08:13:28+00:00","breadcrumb":{"@id":"https:\/\/xn--soossarria-u9a.com\/gl\/producto\/cinto-3\/#breadcrumb"},"inLanguage":"gl-ES","potentialAction":[{"@type":"ReadAction","target":["https:\/\/xn--soossarria-u9a.com\/gl\/producto\/cinto-3\/"]}]},{"@type":"ImageObject","inLanguage":"gl-ES","@id":"https:\/\/xn--soossarria-u9a.com\/gl\/producto\/cinto-3\/#primaryimage","url":"https:\/\/xn--soossarria-u9a.com\/wp-content\/uploads\/2024\/01\/Cinturon-rojo.webp","contentUrl":"https:\/\/xn--soossarria-u9a.com\/wp-content\/uploads\/2024\/01\/Cinturon-rojo.webp","width":800,"height":801,"caption":"Cinto. Elegancia Plum\u00edfera"},{"@type":"BreadcrumbList","@id":"https:\/\/xn--soossarria-u9a.com\/gl\/producto\/cinto-3\/#breadcrumb","itemListElement":[{"@type":"ListItem","position":1,"name":"Portada","item":"https:\/\/xn--soossarria-u9a.com\/gl\/"},{"@type":"ListItem","position":2,"name":"Tienda","item":"https:\/\/xn--soossarria-u9a.com\/gl\/tienda\/"},{"@type":"ListItem","position":3,"name":"Cinto"}]},{"@type":"WebSite","@id":"https:\/\/xn--soossarria-u9a.com\/gl\/#website","url":"https:\/\/xn--soossarria-u9a.com\/gl\/","name":"So\u00f1os Sarria","description":"so\u00f1os sarria","potentialAction":[{"@type":"SearchAction","target":{"@type":"EntryPoint","urlTemplate":"https:\/\/xn--soossarria-u9a.com\/gl\/?s={search_term_string}"},"query-input":"required name=search_term_string"}],"inLanguage":"gl-ES"}]}},"_links":{"self":[{"href":"https:\/\/xn--soossarria-u9a.com\/gl\/wp-json\/wp\/v2\/product\/9918"}],"collection":[{"href":"https:\/\/xn--soossarria-u9a.com\/gl\/wp-json\/wp\/v2\/product"}],"about":[{"href":"https:\/\/xn--soossarria-u9a.com\/gl\/wp-json\/wp\/v2\/types\/product"}],"wp:featuredmedia":[{"embeddable":true,"href":"https:\/\/xn--soossarria-u9a.com\/gl\/wp-json\/wp\/v2\/media\/8619"}],"wp:attachment":[{"href":"https:\/\/xn--soossarria-u9a.com\/gl\/wp-json\/wp\/v2\/media?parent=9918"}],"wp:term":[{"taxonomy":"product_cat","embeddable":true,"href":"https:\/\/xn--soossarria-u9a.com\/gl\/wp-json\/wp\/v2\/product_cat?post=9918"},{"taxonomy":"product_tag","embeddable":true,"href":"https:\/\/xn--soossarria-u9a.com\/gl\/wp-json\/wp\/v2\/product_tag?post=9918"}],"curies":[{"name":"wp","href":"https:\/\/api.w.org\/{rel}","templated":true}]}}