{"id":9912,"date":"2024-01-03T08:33:09","date_gmt":"2024-01-03T08:33:09","guid":{"rendered":"https:\/\/xn--soossarria-u9a.com\/producto\/428-2\/"},"modified":"2024-01-03T08:33:09","modified_gmt":"2024-01-03T08:33:09","slug":"428-2","status":"publish","type":"product","link":"https:\/\/xn--soossarria-u9a.com\/gl\/producto\/428-2\/","title":{"rendered":"428"},"content":{"rendered":"<p>A Carteira Lugupell Flores para muller destaca polo seu coiro extra suave e a s\u00faa construci\u00f3n artesanal. Equipado cunha cremalleira traseira e un pico interior, este bolso ofrece calidade tanto na impresi\u00f3n como na fabricaci\u00f3n. O seu dese\u00f1o moderno, feito a man en diferentes cores, incl\u00fae un pr\u00e1ctico peto interior ideal para as tarxetas, personalizado co logotipo de Lugupell. Un accesorio &#8216;Portatodo&#8217; elegante e funcional.<\/p>\n","protected":false},"excerpt":{"rendered":"<p>A Carteira Lugupell Flores para muller destaca polo seu coiro extra suave e a s\u00faa construci\u00f3n artesanal. Equipado cunha cremalleira traseira e un pico interior, este bolso ofrece calidade tanto na impresi\u00f3n como na fabricaci\u00f3n. O seu dese\u00f1o moderno, feito a man en diferentes cores, incl\u00fae un pr\u00e1ctico peto interior ideal para as tarxetas, personalizado [&hellip;]<\/p>\n","protected":false},"featured_media":8642,"template":"","meta":[],"product_cat":[190,191,192],"product_tag":[219,223],"yoast_head":"<!-- This site is optimized with the Yoast SEO plugin v22.2 - https:\/\/yoast.com\/wordpress\/plugins\/seo\/ -->\n<title>428 - So&ntilde;os Sarria<\/title>\n<meta name=\"robots\" content=\"index, follow, max-snippet:-1, max-image-preview:large, max-video-preview:-1\" \/>\n<link rel=\"canonical\" href=\"https:\/\/xn--soossarria-u9a.com\/gl\/producto\/428-2\/\" \/>\n<meta property=\"og:locale\" content=\"gl_ES\" \/>\n<meta property=\"og:type\" content=\"article\" \/>\n<meta property=\"og:title\" content=\"428 - So&ntilde;os Sarria\" \/>\n<meta property=\"og:description\" content=\"A Carteira Lugupell Flores para muller destaca polo seu coiro extra suave e a s\u00faa construci\u00f3n artesanal. Equipado cunha cremalleira traseira e un pico interior, este bolso ofrece calidade tanto na impresi\u00f3n como na fabricaci\u00f3n. O seu dese\u00f1o moderno, feito a man en diferentes cores, incl\u00fae un pr\u00e1ctico peto interior ideal para as tarxetas, personalizado [&hellip;]\" \/>\n<meta property=\"og:url\" content=\"https:\/\/xn--soossarria-u9a.com\/gl\/producto\/428-2\/\" \/>\n<meta property=\"og:site_name\" content=\"So&ntilde;os Sarria\" \/>\n<meta property=\"article:publisher\" content=\"https:\/\/www.facebook.com\/sonos.accesorios\/\" \/>\n<meta property=\"og:image\" content=\"https:\/\/xn--soossarria-u9a.com\/wp-content\/uploads\/2024\/01\/277997784_290929093189335_1553836407575490654_n.webp\" \/>\n\t<meta property=\"og:image:width\" content=\"656\" \/>\n\t<meta property=\"og:image:height\" content=\"800\" \/>\n\t<meta property=\"og:image:type\" content=\"image\/webp\" \/>\n<meta name=\"twitter:card\" content=\"summary_large_image\" \/>\n<script type=\"application\/ld+json\" class=\"yoast-schema-graph\">{\"@context\":\"https:\/\/schema.org\",\"@graph\":[{\"@type\":\"WebPage\",\"@id\":\"https:\/\/xn--soossarria-u9a.com\/gl\/producto\/428-2\/\",\"url\":\"https:\/\/xn--soossarria-u9a.com\/gl\/producto\/428-2\/\",\"name\":\"428 - So&ntilde;os Sarria\",\"isPartOf\":{\"@id\":\"https:\/\/xn--soossarria-u9a.com\/gl\/#website\"},\"primaryImageOfPage\":{\"@id\":\"https:\/\/xn--soossarria-u9a.com\/gl\/producto\/428-2\/#primaryimage\"},\"image\":{\"@id\":\"https:\/\/xn--soossarria-u9a.com\/gl\/producto\/428-2\/#primaryimage\"},\"thumbnailUrl\":\"https:\/\/xn--soossarria-u9a.com\/wp-content\/uploads\/2024\/01\/277997784_290929093189335_1553836407575490654_n.webp\",\"datePublished\":\"2024-01-03T08:33:09+00:00\",\"dateModified\":\"2024-01-03T08:33:09+00:00\",\"breadcrumb\":{\"@id\":\"https:\/\/xn--soossarria-u9a.com\/gl\/producto\/428-2\/#breadcrumb\"},\"inLanguage\":\"gl-ES\",\"potentialAction\":[{\"@type\":\"ReadAction\",\"target\":[\"https:\/\/xn--soossarria-u9a.com\/gl\/producto\/428-2\/\"]}]},{\"@type\":\"ImageObject\",\"inLanguage\":\"gl-ES\",\"@id\":\"https:\/\/xn--soossarria-u9a.com\/gl\/producto\/428-2\/#primaryimage\",\"url\":\"https:\/\/xn--soossarria-u9a.com\/wp-content\/uploads\/2024\/01\/277997784_290929093189335_1553836407575490654_n.webp\",\"contentUrl\":\"https:\/\/xn--soossarria-u9a.com\/wp-content\/uploads\/2024\/01\/277997784_290929093189335_1553836407575490654_n.webp\",\"width\":656,\"height\":800},{\"@type\":\"BreadcrumbList\",\"@id\":\"https:\/\/xn--soossarria-u9a.com\/gl\/producto\/428-2\/#breadcrumb\",\"itemListElement\":[{\"@type\":\"ListItem\",\"position\":1,\"name\":\"Portada\",\"item\":\"https:\/\/xn--soossarria-u9a.com\/gl\/\"},{\"@type\":\"ListItem\",\"position\":2,\"name\":\"Tienda\",\"item\":\"https:\/\/xn--soossarria-u9a.com\/gl\/tienda\/\"},{\"@type\":\"ListItem\",\"position\":3,\"name\":\"428\"}]},{\"@type\":\"WebSite\",\"@id\":\"https:\/\/xn--soossarria-u9a.com\/gl\/#website\",\"url\":\"https:\/\/xn--soossarria-u9a.com\/gl\/\",\"name\":\"So\u00f1os Sarria\",\"description\":\"so\u00f1os sarria\",\"potentialAction\":[{\"@type\":\"SearchAction\",\"target\":{\"@type\":\"EntryPoint\",\"urlTemplate\":\"https:\/\/xn--soossarria-u9a.com\/gl\/?s={search_term_string}\"},\"query-input\":\"required name=search_term_string\"}],\"inLanguage\":\"gl-ES\"}]}<\/script>\n<!-- \/ Yoast SEO plugin. -->","yoast_head_json":{"title":"428 - So&ntilde;os Sarria","robots":{"index":"index","follow":"follow","max-snippet":"max-snippet:-1","max-image-preview":"max-image-preview:large","max-video-preview":"max-video-preview:-1"},"canonical":"https:\/\/xn--soossarria-u9a.com\/gl\/producto\/428-2\/","og_locale":"gl_ES","og_type":"article","og_title":"428 - So&ntilde;os Sarria","og_description":"A Carteira Lugupell Flores para muller destaca polo seu coiro extra suave e a s\u00faa construci\u00f3n artesanal. Equipado cunha cremalleira traseira e un pico interior, este bolso ofrece calidade tanto na impresi\u00f3n como na fabricaci\u00f3n. O seu dese\u00f1o moderno, feito a man en diferentes cores, incl\u00fae un pr\u00e1ctico peto interior ideal para as tarxetas, personalizado [&hellip;]","og_url":"https:\/\/xn--soossarria-u9a.com\/gl\/producto\/428-2\/","og_site_name":"So&ntilde;os Sarria","article_publisher":"https:\/\/www.facebook.com\/sonos.accesorios\/","og_image":[{"width":656,"height":800,"url":"https:\/\/xn--soossarria-u9a.com\/wp-content\/uploads\/2024\/01\/277997784_290929093189335_1553836407575490654_n.webp","type":"image\/webp"}],"twitter_card":"summary_large_image","schema":{"@context":"https:\/\/schema.org","@graph":[{"@type":"WebPage","@id":"https:\/\/xn--soossarria-u9a.com\/gl\/producto\/428-2\/","url":"https:\/\/xn--soossarria-u9a.com\/gl\/producto\/428-2\/","name":"428 - So&ntilde;os Sarria","isPartOf":{"@id":"https:\/\/xn--soossarria-u9a.com\/gl\/#website"},"primaryImageOfPage":{"@id":"https:\/\/xn--soossarria-u9a.com\/gl\/producto\/428-2\/#primaryimage"},"image":{"@id":"https:\/\/xn--soossarria-u9a.com\/gl\/producto\/428-2\/#primaryimage"},"thumbnailUrl":"https:\/\/xn--soossarria-u9a.com\/wp-content\/uploads\/2024\/01\/277997784_290929093189335_1553836407575490654_n.webp","datePublished":"2024-01-03T08:33:09+00:00","dateModified":"2024-01-03T08:33:09+00:00","breadcrumb":{"@id":"https:\/\/xn--soossarria-u9a.com\/gl\/producto\/428-2\/#breadcrumb"},"inLanguage":"gl-ES","potentialAction":[{"@type":"ReadAction","target":["https:\/\/xn--soossarria-u9a.com\/gl\/producto\/428-2\/"]}]},{"@type":"ImageObject","inLanguage":"gl-ES","@id":"https:\/\/xn--soossarria-u9a.com\/gl\/producto\/428-2\/#primaryimage","url":"https:\/\/xn--soossarria-u9a.com\/wp-content\/uploads\/2024\/01\/277997784_290929093189335_1553836407575490654_n.webp","contentUrl":"https:\/\/xn--soossarria-u9a.com\/wp-content\/uploads\/2024\/01\/277997784_290929093189335_1553836407575490654_n.webp","width":656,"height":800},{"@type":"BreadcrumbList","@id":"https:\/\/xn--soossarria-u9a.com\/gl\/producto\/428-2\/#breadcrumb","itemListElement":[{"@type":"ListItem","position":1,"name":"Portada","item":"https:\/\/xn--soossarria-u9a.com\/gl\/"},{"@type":"ListItem","position":2,"name":"Tienda","item":"https:\/\/xn--soossarria-u9a.com\/gl\/tienda\/"},{"@type":"ListItem","position":3,"name":"428"}]},{"@type":"WebSite","@id":"https:\/\/xn--soossarria-u9a.com\/gl\/#website","url":"https:\/\/xn--soossarria-u9a.com\/gl\/","name":"So\u00f1os Sarria","description":"so\u00f1os sarria","potentialAction":[{"@type":"SearchAction","target":{"@type":"EntryPoint","urlTemplate":"https:\/\/xn--soossarria-u9a.com\/gl\/?s={search_term_string}"},"query-input":"required name=search_term_string"}],"inLanguage":"gl-ES"}]}},"_links":{"self":[{"href":"https:\/\/xn--soossarria-u9a.com\/gl\/wp-json\/wp\/v2\/product\/9912"}],"collection":[{"href":"https:\/\/xn--soossarria-u9a.com\/gl\/wp-json\/wp\/v2\/product"}],"about":[{"href":"https:\/\/xn--soossarria-u9a.com\/gl\/wp-json\/wp\/v2\/types\/product"}],"wp:featuredmedia":[{"embeddable":true,"href":"https:\/\/xn--soossarria-u9a.com\/gl\/wp-json\/wp\/v2\/media\/8642"}],"wp:attachment":[{"href":"https:\/\/xn--soossarria-u9a.com\/gl\/wp-json\/wp\/v2\/media?parent=9912"}],"wp:term":[{"taxonomy":"product_cat","embeddable":true,"href":"https:\/\/xn--soossarria-u9a.com\/gl\/wp-json\/wp\/v2\/product_cat?post=9912"},{"taxonomy":"product_tag","embeddable":true,"href":"https:\/\/xn--soossarria-u9a.com\/gl\/wp-json\/wp\/v2\/product_tag?post=9912"}],"curies":[{"name":"wp","href":"https:\/\/api.w.org\/{rel}","templated":true}]}}