{"id":9909,"date":"2024-01-03T09:01:17","date_gmt":"2024-01-03T09:01:17","guid":{"rendered":"https:\/\/xn--soossarria-u9a.com\/producto\/maletin-6\/"},"modified":"2024-01-03T09:01:17","modified_gmt":"2024-01-03T09:01:17","slug":"maletin-6","status":"publish","type":"product","link":"https:\/\/xn--soossarria-u9a.com\/gl\/producto\/maletin-6\/","title":{"rendered":"Malet\u00edn"},"content":{"rendered":"<p>Esta carteira masculina de Lois ofrece funcionalidade e estilo nun dese\u00f1o de billeteira horizontal. Ten un bolso interior seguro con bot\u00f3n de clip e varias ranuras para tarxetas e documentaci\u00f3n, o que garante unha organizaci\u00f3n eficiente. Ademais, incorpora un sistema de protecci\u00f3n RFID para unha maior seguridade nas t\u00faas transacci\u00f3ns. Feita en coiro de alta calidade, esta carteira azul combina elegancia e practicidade.<\/p>\n","protected":false},"excerpt":{"rendered":"<p>Esta carteira masculina de Lois ofrece funcionalidade e estilo nun dese\u00f1o de billeteira horizontal. Ten un bolso interior seguro con bot\u00f3n de clip e varias ranuras para tarxetas e documentaci\u00f3n, o que garante unha organizaci\u00f3n eficiente. Ademais, incorpora un sistema de protecci\u00f3n RFID para unha maior seguridade nas t\u00faas transacci\u00f3ns. Feita en coiro de alta [&hellip;]<\/p>\n","protected":false},"featured_media":8675,"template":"","meta":[],"product_cat":[190,199,198],"product_tag":[221,219],"yoast_head":"<!-- This site is optimized with the Yoast SEO plugin v22.2 - https:\/\/yoast.com\/wordpress\/plugins\/seo\/ -->\n<title>Malet\u00edn - So&ntilde;os Sarria<\/title>\n<meta name=\"robots\" content=\"index, follow, max-snippet:-1, max-image-preview:large, max-video-preview:-1\" \/>\n<link rel=\"canonical\" href=\"https:\/\/xn--soossarria-u9a.com\/gl\/producto\/maletin-6\/\" \/>\n<meta property=\"og:locale\" content=\"gl_ES\" \/>\n<meta property=\"og:type\" content=\"article\" \/>\n<meta property=\"og:title\" content=\"Malet\u00edn - So&ntilde;os Sarria\" \/>\n<meta property=\"og:description\" content=\"Esta carteira masculina de Lois ofrece funcionalidade e estilo nun dese\u00f1o de billeteira horizontal. Ten un bolso interior seguro con bot\u00f3n de clip e varias ranuras para tarxetas e documentaci\u00f3n, o que garante unha organizaci\u00f3n eficiente. Ademais, incorpora un sistema de protecci\u00f3n RFID para unha maior seguridade nas t\u00faas transacci\u00f3ns. Feita en coiro de alta [&hellip;]\" \/>\n<meta property=\"og:url\" content=\"https:\/\/xn--soossarria-u9a.com\/gl\/producto\/maletin-6\/\" \/>\n<meta property=\"og:site_name\" content=\"So&ntilde;os Sarria\" \/>\n<meta property=\"article:publisher\" content=\"https:\/\/www.facebook.com\/sonos.accesorios\/\" \/>\n<meta name=\"twitter:card\" content=\"summary_large_image\" \/>\n<script type=\"application\/ld+json\" class=\"yoast-schema-graph\">{\"@context\":\"https:\/\/schema.org\",\"@graph\":[{\"@type\":\"WebPage\",\"@id\":\"https:\/\/xn--soossarria-u9a.com\/gl\/producto\/maletin-6\/\",\"url\":\"https:\/\/xn--soossarria-u9a.com\/gl\/producto\/maletin-6\/\",\"name\":\"Malet\u00edn - So&ntilde;os Sarria\",\"isPartOf\":{\"@id\":\"https:\/\/xn--soossarria-u9a.com\/gl\/#website\"},\"primaryImageOfPage\":{\"@id\":\"https:\/\/xn--soossarria-u9a.com\/gl\/producto\/maletin-6\/#primaryimage\"},\"image\":{\"@id\":\"https:\/\/xn--soossarria-u9a.com\/gl\/producto\/maletin-6\/#primaryimage\"},\"thumbnailUrl\":\"https:\/\/xn--soossarria-u9a.com\/wp-content\/uploads\/2024\/01\/cartera-2.webp\",\"datePublished\":\"2024-01-03T09:01:17+00:00\",\"dateModified\":\"2024-01-03T09:01:17+00:00\",\"breadcrumb\":{\"@id\":\"https:\/\/xn--soossarria-u9a.com\/gl\/producto\/maletin-6\/#breadcrumb\"},\"inLanguage\":\"gl-ES\",\"potentialAction\":[{\"@type\":\"ReadAction\",\"target\":[\"https:\/\/xn--soossarria-u9a.com\/gl\/producto\/maletin-6\/\"]}]},{\"@type\":\"ImageObject\",\"inLanguage\":\"gl-ES\",\"@id\":\"https:\/\/xn--soossarria-u9a.com\/gl\/producto\/maletin-6\/#primaryimage\",\"url\":\"https:\/\/xn--soossarria-u9a.com\/wp-content\/uploads\/2024\/01\/cartera-2.webp\",\"contentUrl\":\"https:\/\/xn--soossarria-u9a.com\/wp-content\/uploads\/2024\/01\/cartera-2.webp\",\"width\":800,\"height\":800,\"caption\":\"Carteira de cabaleiro\"},{\"@type\":\"BreadcrumbList\",\"@id\":\"https:\/\/xn--soossarria-u9a.com\/gl\/producto\/maletin-6\/#breadcrumb\",\"itemListElement\":[{\"@type\":\"ListItem\",\"position\":1,\"name\":\"Portada\",\"item\":\"https:\/\/xn--soossarria-u9a.com\/gl\/\"},{\"@type\":\"ListItem\",\"position\":2,\"name\":\"Tienda\",\"item\":\"https:\/\/xn--soossarria-u9a.com\/gl\/tienda\/\"},{\"@type\":\"ListItem\",\"position\":3,\"name\":\"Malet\u00edn\"}]},{\"@type\":\"WebSite\",\"@id\":\"https:\/\/xn--soossarria-u9a.com\/gl\/#website\",\"url\":\"https:\/\/xn--soossarria-u9a.com\/gl\/\",\"name\":\"So\u00f1os Sarria\",\"description\":\"so\u00f1os sarria\",\"potentialAction\":[{\"@type\":\"SearchAction\",\"target\":{\"@type\":\"EntryPoint\",\"urlTemplate\":\"https:\/\/xn--soossarria-u9a.com\/gl\/?s={search_term_string}\"},\"query-input\":\"required name=search_term_string\"}],\"inLanguage\":\"gl-ES\"}]}<\/script>\n<!-- \/ Yoast SEO plugin. -->","yoast_head_json":{"title":"Malet\u00edn - So&ntilde;os Sarria","robots":{"index":"index","follow":"follow","max-snippet":"max-snippet:-1","max-image-preview":"max-image-preview:large","max-video-preview":"max-video-preview:-1"},"canonical":"https:\/\/xn--soossarria-u9a.com\/gl\/producto\/maletin-6\/","og_locale":"gl_ES","og_type":"article","og_title":"Malet\u00edn - So&ntilde;os Sarria","og_description":"Esta carteira masculina de Lois ofrece funcionalidade e estilo nun dese\u00f1o de billeteira horizontal. Ten un bolso interior seguro con bot\u00f3n de clip e varias ranuras para tarxetas e documentaci\u00f3n, o que garante unha organizaci\u00f3n eficiente. Ademais, incorpora un sistema de protecci\u00f3n RFID para unha maior seguridade nas t\u00faas transacci\u00f3ns. Feita en coiro de alta [&hellip;]","og_url":"https:\/\/xn--soossarria-u9a.com\/gl\/producto\/maletin-6\/","og_site_name":"So&ntilde;os Sarria","article_publisher":"https:\/\/www.facebook.com\/sonos.accesorios\/","twitter_card":"summary_large_image","schema":{"@context":"https:\/\/schema.org","@graph":[{"@type":"WebPage","@id":"https:\/\/xn--soossarria-u9a.com\/gl\/producto\/maletin-6\/","url":"https:\/\/xn--soossarria-u9a.com\/gl\/producto\/maletin-6\/","name":"Malet\u00edn - So&ntilde;os Sarria","isPartOf":{"@id":"https:\/\/xn--soossarria-u9a.com\/gl\/#website"},"primaryImageOfPage":{"@id":"https:\/\/xn--soossarria-u9a.com\/gl\/producto\/maletin-6\/#primaryimage"},"image":{"@id":"https:\/\/xn--soossarria-u9a.com\/gl\/producto\/maletin-6\/#primaryimage"},"thumbnailUrl":"https:\/\/xn--soossarria-u9a.com\/wp-content\/uploads\/2024\/01\/cartera-2.webp","datePublished":"2024-01-03T09:01:17+00:00","dateModified":"2024-01-03T09:01:17+00:00","breadcrumb":{"@id":"https:\/\/xn--soossarria-u9a.com\/gl\/producto\/maletin-6\/#breadcrumb"},"inLanguage":"gl-ES","potentialAction":[{"@type":"ReadAction","target":["https:\/\/xn--soossarria-u9a.com\/gl\/producto\/maletin-6\/"]}]},{"@type":"ImageObject","inLanguage":"gl-ES","@id":"https:\/\/xn--soossarria-u9a.com\/gl\/producto\/maletin-6\/#primaryimage","url":"https:\/\/xn--soossarria-u9a.com\/wp-content\/uploads\/2024\/01\/cartera-2.webp","contentUrl":"https:\/\/xn--soossarria-u9a.com\/wp-content\/uploads\/2024\/01\/cartera-2.webp","width":800,"height":800,"caption":"Carteira de cabaleiro"},{"@type":"BreadcrumbList","@id":"https:\/\/xn--soossarria-u9a.com\/gl\/producto\/maletin-6\/#breadcrumb","itemListElement":[{"@type":"ListItem","position":1,"name":"Portada","item":"https:\/\/xn--soossarria-u9a.com\/gl\/"},{"@type":"ListItem","position":2,"name":"Tienda","item":"https:\/\/xn--soossarria-u9a.com\/gl\/tienda\/"},{"@type":"ListItem","position":3,"name":"Malet\u00edn"}]},{"@type":"WebSite","@id":"https:\/\/xn--soossarria-u9a.com\/gl\/#website","url":"https:\/\/xn--soossarria-u9a.com\/gl\/","name":"So\u00f1os Sarria","description":"so\u00f1os sarria","potentialAction":[{"@type":"SearchAction","target":{"@type":"EntryPoint","urlTemplate":"https:\/\/xn--soossarria-u9a.com\/gl\/?s={search_term_string}"},"query-input":"required name=search_term_string"}],"inLanguage":"gl-ES"}]}},"_links":{"self":[{"href":"https:\/\/xn--soossarria-u9a.com\/gl\/wp-json\/wp\/v2\/product\/9909"}],"collection":[{"href":"https:\/\/xn--soossarria-u9a.com\/gl\/wp-json\/wp\/v2\/product"}],"about":[{"href":"https:\/\/xn--soossarria-u9a.com\/gl\/wp-json\/wp\/v2\/types\/product"}],"wp:featuredmedia":[{"embeddable":true,"href":"https:\/\/xn--soossarria-u9a.com\/gl\/wp-json\/wp\/v2\/media\/8675"}],"wp:attachment":[{"href":"https:\/\/xn--soossarria-u9a.com\/gl\/wp-json\/wp\/v2\/media?parent=9909"}],"wp:term":[{"taxonomy":"product_cat","embeddable":true,"href":"https:\/\/xn--soossarria-u9a.com\/gl\/wp-json\/wp\/v2\/product_cat?post=9909"},{"taxonomy":"product_tag","embeddable":true,"href":"https:\/\/xn--soossarria-u9a.com\/gl\/wp-json\/wp\/v2\/product_tag?post=9909"}],"curies":[{"name":"wp","href":"https:\/\/api.w.org\/{rel}","templated":true}]}}