{"id":9908,"date":"2024-01-03T09:16:26","date_gmt":"2024-01-03T09:16:26","guid":{"rendered":"https:\/\/xn--soossarria-u9a.com\/producto\/correa-de-ombreiro-2\/"},"modified":"2024-01-03T09:16:26","modified_gmt":"2024-01-03T09:16:26","slug":"correa-de-ombreiro-2","status":"publish","type":"product","link":"https:\/\/xn--soossarria-u9a.com\/gl\/producto\/correa-de-ombreiro-2\/","title":{"rendered":"Correa de ombreiro"},"content":{"rendered":"<p>Listos para a aventura!! Lois lanza a s\u00faa colecci\u00f3n m\u00e1is aventureira que combina lenzo con detalles de coiro. Bolso de ombreiro axustable con dobre compartimento da marca Lois. Ten un peto traseiro con peche de cremalleira para mellorar a accesibilidade aos accesorios e efectos persoais. No interior incl\u00fae un peto con peche de cremalleira. O forro ou forro est\u00e1 personalizado segundo o dese\u00f1o exterior.<\/p>\n<p>Medidas: 16 x 20 x 6,5 cm.<\/p>\n<p>Composici\u00f3n interior: T\u00e9xtil.<\/p>\n<p>Composici\u00f3n exterior: Poli\u00e9ster.<\/p>\n","protected":false},"excerpt":{"rendered":"<p>Listos para a aventura!! Lois lanza a s\u00faa colecci\u00f3n m\u00e1is aventureira que combina lenzo con detalles de coiro. Bolso de ombreiro axustable con dobre compartimento da marca Lois. Ten un peto traseiro con peche de cremalleira para mellorar a accesibilidade aos accesorios e efectos persoais. No interior incl\u00fae un peto con peche de cremalleira. O [&hellip;]<\/p>\n","protected":false},"featured_media":8709,"template":"","meta":[],"product_cat":[193,199,198],"product_tag":[226,221],"yoast_head":"<!-- This site is optimized with the Yoast SEO plugin v22.2 - https:\/\/yoast.com\/wordpress\/plugins\/seo\/ -->\n<title>Correa de ombreiro - So&ntilde;os Sarria<\/title>\n<meta name=\"robots\" content=\"index, follow, max-snippet:-1, max-image-preview:large, max-video-preview:-1\" \/>\n<link rel=\"canonical\" href=\"https:\/\/xn--soossarria-u9a.com\/gl\/producto\/correa-de-ombreiro-2\/\" \/>\n<meta property=\"og:locale\" content=\"gl_ES\" \/>\n<meta property=\"og:type\" content=\"article\" \/>\n<meta property=\"og:title\" content=\"Correa de ombreiro - So&ntilde;os Sarria\" \/>\n<meta property=\"og:description\" content=\"Listos para a aventura!! Lois lanza a s\u00faa colecci\u00f3n m\u00e1is aventureira que combina lenzo con detalles de coiro. Bolso de ombreiro axustable con dobre compartimento da marca Lois. Ten un peto traseiro con peche de cremalleira para mellorar a accesibilidade aos accesorios e efectos persoais. No interior incl\u00fae un peto con peche de cremalleira. O [&hellip;]\" \/>\n<meta property=\"og:url\" content=\"https:\/\/xn--soossarria-u9a.com\/gl\/producto\/correa-de-ombreiro-2\/\" \/>\n<meta property=\"og:site_name\" content=\"So&ntilde;os Sarria\" \/>\n<meta property=\"article:publisher\" content=\"https:\/\/www.facebook.com\/sonos.accesorios\/\" \/>\n<meta name=\"twitter:card\" content=\"summary_large_image\" \/>\n<script type=\"application\/ld+json\" class=\"yoast-schema-graph\">{\"@context\":\"https:\/\/schema.org\",\"@graph\":[{\"@type\":\"WebPage\",\"@id\":\"https:\/\/xn--soossarria-u9a.com\/gl\/producto\/correa-de-ombreiro-2\/\",\"url\":\"https:\/\/xn--soossarria-u9a.com\/gl\/producto\/correa-de-ombreiro-2\/\",\"name\":\"Correa de ombreiro - So&ntilde;os Sarria\",\"isPartOf\":{\"@id\":\"https:\/\/xn--soossarria-u9a.com\/gl\/#website\"},\"primaryImageOfPage\":{\"@id\":\"https:\/\/xn--soossarria-u9a.com\/gl\/producto\/correa-de-ombreiro-2\/#primaryimage\"},\"image\":{\"@id\":\"https:\/\/xn--soossarria-u9a.com\/gl\/producto\/correa-de-ombreiro-2\/#primaryimage\"},\"thumbnailUrl\":\"https:\/\/xn--soossarria-u9a.com\/wp-content\/uploads\/2024\/01\/WhatsApp-Image-2023-06-19-at-13.05.39-1.webp\",\"datePublished\":\"2024-01-03T09:16:26+00:00\",\"dateModified\":\"2024-01-03T09:16:26+00:00\",\"breadcrumb\":{\"@id\":\"https:\/\/xn--soossarria-u9a.com\/gl\/producto\/correa-de-ombreiro-2\/#breadcrumb\"},\"inLanguage\":\"gl-ES\",\"potentialAction\":[{\"@type\":\"ReadAction\",\"target\":[\"https:\/\/xn--soossarria-u9a.com\/gl\/producto\/correa-de-ombreiro-2\/\"]}]},{\"@type\":\"ImageObject\",\"inLanguage\":\"gl-ES\",\"@id\":\"https:\/\/xn--soossarria-u9a.com\/gl\/producto\/correa-de-ombreiro-2\/#primaryimage\",\"url\":\"https:\/\/xn--soossarria-u9a.com\/wp-content\/uploads\/2024\/01\/WhatsApp-Image-2023-06-19-at-13.05.39-1.webp\",\"contentUrl\":\"https:\/\/xn--soossarria-u9a.com\/wp-content\/uploads\/2024\/01\/WhatsApp-Image-2023-06-19-at-13.05.39-1.webp\",\"width\":800,\"height\":1000,\"caption\":\"Bolsa de ombreiro axustable Kenia\"},{\"@type\":\"BreadcrumbList\",\"@id\":\"https:\/\/xn--soossarria-u9a.com\/gl\/producto\/correa-de-ombreiro-2\/#breadcrumb\",\"itemListElement\":[{\"@type\":\"ListItem\",\"position\":1,\"name\":\"Portada\",\"item\":\"https:\/\/xn--soossarria-u9a.com\/gl\/\"},{\"@type\":\"ListItem\",\"position\":2,\"name\":\"Tienda\",\"item\":\"https:\/\/xn--soossarria-u9a.com\/gl\/tienda\/\"},{\"@type\":\"ListItem\",\"position\":3,\"name\":\"Correa de ombreiro\"}]},{\"@type\":\"WebSite\",\"@id\":\"https:\/\/xn--soossarria-u9a.com\/gl\/#website\",\"url\":\"https:\/\/xn--soossarria-u9a.com\/gl\/\",\"name\":\"So\u00f1os Sarria\",\"description\":\"so\u00f1os sarria\",\"potentialAction\":[{\"@type\":\"SearchAction\",\"target\":{\"@type\":\"EntryPoint\",\"urlTemplate\":\"https:\/\/xn--soossarria-u9a.com\/gl\/?s={search_term_string}\"},\"query-input\":\"required name=search_term_string\"}],\"inLanguage\":\"gl-ES\"}]}<\/script>\n<!-- \/ Yoast SEO plugin. -->","yoast_head_json":{"title":"Correa de ombreiro - So&ntilde;os Sarria","robots":{"index":"index","follow":"follow","max-snippet":"max-snippet:-1","max-image-preview":"max-image-preview:large","max-video-preview":"max-video-preview:-1"},"canonical":"https:\/\/xn--soossarria-u9a.com\/gl\/producto\/correa-de-ombreiro-2\/","og_locale":"gl_ES","og_type":"article","og_title":"Correa de ombreiro - So&ntilde;os Sarria","og_description":"Listos para a aventura!! Lois lanza a s\u00faa colecci\u00f3n m\u00e1is aventureira que combina lenzo con detalles de coiro. Bolso de ombreiro axustable con dobre compartimento da marca Lois. Ten un peto traseiro con peche de cremalleira para mellorar a accesibilidade aos accesorios e efectos persoais. No interior incl\u00fae un peto con peche de cremalleira. O [&hellip;]","og_url":"https:\/\/xn--soossarria-u9a.com\/gl\/producto\/correa-de-ombreiro-2\/","og_site_name":"So&ntilde;os Sarria","article_publisher":"https:\/\/www.facebook.com\/sonos.accesorios\/","twitter_card":"summary_large_image","schema":{"@context":"https:\/\/schema.org","@graph":[{"@type":"WebPage","@id":"https:\/\/xn--soossarria-u9a.com\/gl\/producto\/correa-de-ombreiro-2\/","url":"https:\/\/xn--soossarria-u9a.com\/gl\/producto\/correa-de-ombreiro-2\/","name":"Correa de ombreiro - So&ntilde;os Sarria","isPartOf":{"@id":"https:\/\/xn--soossarria-u9a.com\/gl\/#website"},"primaryImageOfPage":{"@id":"https:\/\/xn--soossarria-u9a.com\/gl\/producto\/correa-de-ombreiro-2\/#primaryimage"},"image":{"@id":"https:\/\/xn--soossarria-u9a.com\/gl\/producto\/correa-de-ombreiro-2\/#primaryimage"},"thumbnailUrl":"https:\/\/xn--soossarria-u9a.com\/wp-content\/uploads\/2024\/01\/WhatsApp-Image-2023-06-19-at-13.05.39-1.webp","datePublished":"2024-01-03T09:16:26+00:00","dateModified":"2024-01-03T09:16:26+00:00","breadcrumb":{"@id":"https:\/\/xn--soossarria-u9a.com\/gl\/producto\/correa-de-ombreiro-2\/#breadcrumb"},"inLanguage":"gl-ES","potentialAction":[{"@type":"ReadAction","target":["https:\/\/xn--soossarria-u9a.com\/gl\/producto\/correa-de-ombreiro-2\/"]}]},{"@type":"ImageObject","inLanguage":"gl-ES","@id":"https:\/\/xn--soossarria-u9a.com\/gl\/producto\/correa-de-ombreiro-2\/#primaryimage","url":"https:\/\/xn--soossarria-u9a.com\/wp-content\/uploads\/2024\/01\/WhatsApp-Image-2023-06-19-at-13.05.39-1.webp","contentUrl":"https:\/\/xn--soossarria-u9a.com\/wp-content\/uploads\/2024\/01\/WhatsApp-Image-2023-06-19-at-13.05.39-1.webp","width":800,"height":1000,"caption":"Bolsa de ombreiro axustable Kenia"},{"@type":"BreadcrumbList","@id":"https:\/\/xn--soossarria-u9a.com\/gl\/producto\/correa-de-ombreiro-2\/#breadcrumb","itemListElement":[{"@type":"ListItem","position":1,"name":"Portada","item":"https:\/\/xn--soossarria-u9a.com\/gl\/"},{"@type":"ListItem","position":2,"name":"Tienda","item":"https:\/\/xn--soossarria-u9a.com\/gl\/tienda\/"},{"@type":"ListItem","position":3,"name":"Correa de ombreiro"}]},{"@type":"WebSite","@id":"https:\/\/xn--soossarria-u9a.com\/gl\/#website","url":"https:\/\/xn--soossarria-u9a.com\/gl\/","name":"So\u00f1os Sarria","description":"so\u00f1os sarria","potentialAction":[{"@type":"SearchAction","target":{"@type":"EntryPoint","urlTemplate":"https:\/\/xn--soossarria-u9a.com\/gl\/?s={search_term_string}"},"query-input":"required name=search_term_string"}],"inLanguage":"gl-ES"}]}},"_links":{"self":[{"href":"https:\/\/xn--soossarria-u9a.com\/gl\/wp-json\/wp\/v2\/product\/9908"}],"collection":[{"href":"https:\/\/xn--soossarria-u9a.com\/gl\/wp-json\/wp\/v2\/product"}],"about":[{"href":"https:\/\/xn--soossarria-u9a.com\/gl\/wp-json\/wp\/v2\/types\/product"}],"wp:featuredmedia":[{"embeddable":true,"href":"https:\/\/xn--soossarria-u9a.com\/gl\/wp-json\/wp\/v2\/media\/8709"}],"wp:attachment":[{"href":"https:\/\/xn--soossarria-u9a.com\/gl\/wp-json\/wp\/v2\/media?parent=9908"}],"wp:term":[{"taxonomy":"product_cat","embeddable":true,"href":"https:\/\/xn--soossarria-u9a.com\/gl\/wp-json\/wp\/v2\/product_cat?post=9908"},{"taxonomy":"product_tag","embeddable":true,"href":"https:\/\/xn--soossarria-u9a.com\/gl\/wp-json\/wp\/v2\/product_tag?post=9908"}],"curies":[{"name":"wp","href":"https:\/\/api.w.org\/{rel}","templated":true}]}}