{"id":9907,"date":"2024-01-03T08:55:40","date_gmt":"2024-01-03T08:55:40","guid":{"rendered":"https:\/\/xn--soossarria-u9a.com\/producto\/mochila-2\/"},"modified":"2024-01-03T08:55:40","modified_gmt":"2024-01-03T08:55:40","slug":"mochila-2","status":"publish","type":"product","link":"https:\/\/xn--soossarria-u9a.com\/gl\/producto\/mochila-2\/","title":{"rendered":"Mochila"},"content":{"rendered":"<p>Dese\u00f1ada para o uso diario, a mochila casual Lois \u00e9 perfecta para levar a t\u00faa tableta con estilo. Feita en ecocoiro, un material resistente e lixeiro, esta mochila ofrece comodidade e durabilidade. O equipo de traballo de Lois coida minuciosamente cada detalle para conseguir a combinaci\u00f3n perfecta de cores, proporci\u00f3ns e acabados, garantindo que o teu novo bolso sexa o complemento ideal que buscabas. Inspirada nas \u00faltimas tendencias da moda, Lois fusiona a elegancia cun toque casual na s\u00faa nova colecci\u00f3n de complementos.<\/p>\n","protected":false},"excerpt":{"rendered":"<p>Dese\u00f1ada para o uso diario, a mochila casual Lois \u00e9 perfecta para levar a t\u00faa tableta con estilo. Feita en ecocoiro, un material resistente e lixeiro, esta mochila ofrece comodidade e durabilidade. O equipo de traballo de Lois coida minuciosamente cada detalle para conseguir a combinaci\u00f3n perfecta de cores, proporci\u00f3ns e acabados, garantindo que o [&hellip;]<\/p>\n","protected":false},"featured_media":8655,"template":"","meta":[],"product_cat":[199,198,197],"product_tag":[221,229],"yoast_head":"<!-- This site is optimized with the Yoast SEO plugin v22.2 - https:\/\/yoast.com\/wordpress\/plugins\/seo\/ -->\n<title>Mochila - So&ntilde;os Sarria<\/title>\n<meta name=\"robots\" content=\"index, follow, max-snippet:-1, max-image-preview:large, max-video-preview:-1\" \/>\n<link rel=\"canonical\" href=\"https:\/\/xn--soossarria-u9a.com\/gl\/producto\/mochila-2\/\" \/>\n<meta property=\"og:locale\" content=\"gl_ES\" \/>\n<meta property=\"og:type\" content=\"article\" \/>\n<meta property=\"og:title\" content=\"Mochila - So&ntilde;os Sarria\" \/>\n<meta property=\"og:description\" content=\"Dese\u00f1ada para o uso diario, a mochila casual Lois \u00e9 perfecta para levar a t\u00faa tableta con estilo. Feita en ecocoiro, un material resistente e lixeiro, esta mochila ofrece comodidade e durabilidade. O equipo de traballo de Lois coida minuciosamente cada detalle para conseguir a combinaci\u00f3n perfecta de cores, proporci\u00f3ns e acabados, garantindo que o [&hellip;]\" \/>\n<meta property=\"og:url\" content=\"https:\/\/xn--soossarria-u9a.com\/gl\/producto\/mochila-2\/\" \/>\n<meta property=\"og:site_name\" content=\"So&ntilde;os Sarria\" \/>\n<meta property=\"article:publisher\" content=\"https:\/\/www.facebook.com\/sonos.accesorios\/\" \/>\n<meta name=\"twitter:card\" content=\"summary_large_image\" \/>\n<script type=\"application\/ld+json\" class=\"yoast-schema-graph\">{\"@context\":\"https:\/\/schema.org\",\"@graph\":[{\"@type\":\"WebPage\",\"@id\":\"https:\/\/xn--soossarria-u9a.com\/gl\/producto\/mochila-2\/\",\"url\":\"https:\/\/xn--soossarria-u9a.com\/gl\/producto\/mochila-2\/\",\"name\":\"Mochila - So&ntilde;os Sarria\",\"isPartOf\":{\"@id\":\"https:\/\/xn--soossarria-u9a.com\/gl\/#website\"},\"primaryImageOfPage\":{\"@id\":\"https:\/\/xn--soossarria-u9a.com\/gl\/producto\/mochila-2\/#primaryimage\"},\"image\":{\"@id\":\"https:\/\/xn--soossarria-u9a.com\/gl\/producto\/mochila-2\/#primaryimage\"},\"thumbnailUrl\":\"https:\/\/xn--soossarria-u9a.com\/wp-content\/uploads\/2024\/01\/5690-E.webp\",\"datePublished\":\"2024-01-03T08:55:40+00:00\",\"dateModified\":\"2024-01-03T08:55:40+00:00\",\"breadcrumb\":{\"@id\":\"https:\/\/xn--soossarria-u9a.com\/gl\/producto\/mochila-2\/#breadcrumb\"},\"inLanguage\":\"gl-ES\",\"potentialAction\":[{\"@type\":\"ReadAction\",\"target\":[\"https:\/\/xn--soossarria-u9a.com\/gl\/producto\/mochila-2\/\"]}]},{\"@type\":\"ImageObject\",\"inLanguage\":\"gl-ES\",\"@id\":\"https:\/\/xn--soossarria-u9a.com\/gl\/producto\/mochila-2\/#primaryimage\",\"url\":\"https:\/\/xn--soossarria-u9a.com\/wp-content\/uploads\/2024\/01\/5690-E.webp\",\"contentUrl\":\"https:\/\/xn--soossarria-u9a.com\/wp-content\/uploads\/2024\/01\/5690-E.webp\",\"width\":800,\"height\":800},{\"@type\":\"BreadcrumbList\",\"@id\":\"https:\/\/xn--soossarria-u9a.com\/gl\/producto\/mochila-2\/#breadcrumb\",\"itemListElement\":[{\"@type\":\"ListItem\",\"position\":1,\"name\":\"Portada\",\"item\":\"https:\/\/xn--soossarria-u9a.com\/gl\/\"},{\"@type\":\"ListItem\",\"position\":2,\"name\":\"Tienda\",\"item\":\"https:\/\/xn--soossarria-u9a.com\/gl\/tienda\/\"},{\"@type\":\"ListItem\",\"position\":3,\"name\":\"Mochila\"}]},{\"@type\":\"WebSite\",\"@id\":\"https:\/\/xn--soossarria-u9a.com\/gl\/#website\",\"url\":\"https:\/\/xn--soossarria-u9a.com\/gl\/\",\"name\":\"So\u00f1os Sarria\",\"description\":\"so\u00f1os sarria\",\"potentialAction\":[{\"@type\":\"SearchAction\",\"target\":{\"@type\":\"EntryPoint\",\"urlTemplate\":\"https:\/\/xn--soossarria-u9a.com\/gl\/?s={search_term_string}\"},\"query-input\":\"required name=search_term_string\"}],\"inLanguage\":\"gl-ES\"}]}<\/script>\n<!-- \/ Yoast SEO plugin. -->","yoast_head_json":{"title":"Mochila - So&ntilde;os Sarria","robots":{"index":"index","follow":"follow","max-snippet":"max-snippet:-1","max-image-preview":"max-image-preview:large","max-video-preview":"max-video-preview:-1"},"canonical":"https:\/\/xn--soossarria-u9a.com\/gl\/producto\/mochila-2\/","og_locale":"gl_ES","og_type":"article","og_title":"Mochila - So&ntilde;os Sarria","og_description":"Dese\u00f1ada para o uso diario, a mochila casual Lois \u00e9 perfecta para levar a t\u00faa tableta con estilo. Feita en ecocoiro, un material resistente e lixeiro, esta mochila ofrece comodidade e durabilidade. O equipo de traballo de Lois coida minuciosamente cada detalle para conseguir a combinaci\u00f3n perfecta de cores, proporci\u00f3ns e acabados, garantindo que o [&hellip;]","og_url":"https:\/\/xn--soossarria-u9a.com\/gl\/producto\/mochila-2\/","og_site_name":"So&ntilde;os Sarria","article_publisher":"https:\/\/www.facebook.com\/sonos.accesorios\/","twitter_card":"summary_large_image","schema":{"@context":"https:\/\/schema.org","@graph":[{"@type":"WebPage","@id":"https:\/\/xn--soossarria-u9a.com\/gl\/producto\/mochila-2\/","url":"https:\/\/xn--soossarria-u9a.com\/gl\/producto\/mochila-2\/","name":"Mochila - So&ntilde;os Sarria","isPartOf":{"@id":"https:\/\/xn--soossarria-u9a.com\/gl\/#website"},"primaryImageOfPage":{"@id":"https:\/\/xn--soossarria-u9a.com\/gl\/producto\/mochila-2\/#primaryimage"},"image":{"@id":"https:\/\/xn--soossarria-u9a.com\/gl\/producto\/mochila-2\/#primaryimage"},"thumbnailUrl":"https:\/\/xn--soossarria-u9a.com\/wp-content\/uploads\/2024\/01\/5690-E.webp","datePublished":"2024-01-03T08:55:40+00:00","dateModified":"2024-01-03T08:55:40+00:00","breadcrumb":{"@id":"https:\/\/xn--soossarria-u9a.com\/gl\/producto\/mochila-2\/#breadcrumb"},"inLanguage":"gl-ES","potentialAction":[{"@type":"ReadAction","target":["https:\/\/xn--soossarria-u9a.com\/gl\/producto\/mochila-2\/"]}]},{"@type":"ImageObject","inLanguage":"gl-ES","@id":"https:\/\/xn--soossarria-u9a.com\/gl\/producto\/mochila-2\/#primaryimage","url":"https:\/\/xn--soossarria-u9a.com\/wp-content\/uploads\/2024\/01\/5690-E.webp","contentUrl":"https:\/\/xn--soossarria-u9a.com\/wp-content\/uploads\/2024\/01\/5690-E.webp","width":800,"height":800},{"@type":"BreadcrumbList","@id":"https:\/\/xn--soossarria-u9a.com\/gl\/producto\/mochila-2\/#breadcrumb","itemListElement":[{"@type":"ListItem","position":1,"name":"Portada","item":"https:\/\/xn--soossarria-u9a.com\/gl\/"},{"@type":"ListItem","position":2,"name":"Tienda","item":"https:\/\/xn--soossarria-u9a.com\/gl\/tienda\/"},{"@type":"ListItem","position":3,"name":"Mochila"}]},{"@type":"WebSite","@id":"https:\/\/xn--soossarria-u9a.com\/gl\/#website","url":"https:\/\/xn--soossarria-u9a.com\/gl\/","name":"So\u00f1os Sarria","description":"so\u00f1os sarria","potentialAction":[{"@type":"SearchAction","target":{"@type":"EntryPoint","urlTemplate":"https:\/\/xn--soossarria-u9a.com\/gl\/?s={search_term_string}"},"query-input":"required name=search_term_string"}],"inLanguage":"gl-ES"}]}},"_links":{"self":[{"href":"https:\/\/xn--soossarria-u9a.com\/gl\/wp-json\/wp\/v2\/product\/9907"}],"collection":[{"href":"https:\/\/xn--soossarria-u9a.com\/gl\/wp-json\/wp\/v2\/product"}],"about":[{"href":"https:\/\/xn--soossarria-u9a.com\/gl\/wp-json\/wp\/v2\/types\/product"}],"wp:featuredmedia":[{"embeddable":true,"href":"https:\/\/xn--soossarria-u9a.com\/gl\/wp-json\/wp\/v2\/media\/8655"}],"wp:attachment":[{"href":"https:\/\/xn--soossarria-u9a.com\/gl\/wp-json\/wp\/v2\/media?parent=9907"}],"wp:term":[{"taxonomy":"product_cat","embeddable":true,"href":"https:\/\/xn--soossarria-u9a.com\/gl\/wp-json\/wp\/v2\/product_cat?post=9907"},{"taxonomy":"product_tag","embeddable":true,"href":"https:\/\/xn--soossarria-u9a.com\/gl\/wp-json\/wp\/v2\/product_tag?post=9907"}],"curies":[{"name":"wp","href":"https:\/\/api.w.org\/{rel}","templated":true}]}}