{"id":9905,"date":"2024-01-03T08:51:48","date_gmt":"2024-01-03T08:51:48","guid":{"rendered":"https:\/\/xn--soossarria-u9a.com\/producto\/cinto-2\/"},"modified":"2024-01-03T08:51:48","modified_gmt":"2024-01-03T08:51:48","slug":"cinto-2","status":"publish","type":"product","link":"https:\/\/xn--soossarria-u9a.com\/gl\/producto\/cinto-2\/","title":{"rendered":"Cinto"},"content":{"rendered":"<p>O Cinto Lois, realizado en coiro xenu\u00edno, destaca polo seu acabado exterior desgastado que lle confire un aspecto \u00fanico e aut\u00e9ntico. Monta unha fibela de prata envellecida de dobre paso, engadindo un toque distintivo ao dese\u00f1o. Este cinto, ademais de ser unha peza de moda, ofrece durabilidade e estilo, ideal para complementar os teus outfits cun toque vintage e fashion.<\/p>\n","protected":false},"excerpt":{"rendered":"<p>O Cinto Lois, realizado en coiro xenu\u00edno, destaca polo seu acabado exterior desgastado que lle confire un aspecto \u00fanico e aut\u00e9ntico. Monta unha fibela de prata envellecida de dobre paso, engadindo un toque distintivo ao dese\u00f1o. Este cinto, ademais de ser unha peza de moda, ofrece durabilidade e estilo, ideal para complementar os teus outfits [&hellip;]<\/p>\n","protected":false},"featured_media":10048,"template":"","meta":[],"product_cat":[200,199,198],"product_tag":[227,221],"yoast_head":"<!-- This site is optimized with the Yoast SEO plugin v22.2 - https:\/\/yoast.com\/wordpress\/plugins\/seo\/ -->\n<title>Cinto - So&ntilde;os Sarria<\/title>\n<meta name=\"robots\" content=\"index, follow, max-snippet:-1, max-image-preview:large, max-video-preview:-1\" \/>\n<link rel=\"canonical\" href=\"https:\/\/xn--soossarria-u9a.com\/gl\/producto\/cinto-2\/\" \/>\n<meta property=\"og:locale\" content=\"gl_ES\" \/>\n<meta property=\"og:type\" content=\"article\" \/>\n<meta property=\"og:title\" content=\"Cinto - So&ntilde;os Sarria\" \/>\n<meta property=\"og:description\" content=\"O Cinto Lois, realizado en coiro xenu\u00edno, destaca polo seu acabado exterior desgastado que lle confire un aspecto \u00fanico e aut\u00e9ntico. Monta unha fibela de prata envellecida de dobre paso, engadindo un toque distintivo ao dese\u00f1o. Este cinto, ademais de ser unha peza de moda, ofrece durabilidade e estilo, ideal para complementar os teus outfits [&hellip;]\" \/>\n<meta property=\"og:url\" content=\"https:\/\/xn--soossarria-u9a.com\/gl\/producto\/cinto-2\/\" \/>\n<meta property=\"og:site_name\" content=\"So&ntilde;os Sarria\" \/>\n<meta property=\"article:publisher\" content=\"https:\/\/www.facebook.com\/sonos.accesorios\/\" \/>\n<meta property=\"og:image\" content=\"https:\/\/xn--soossarria-u9a.com\/wp-content\/uploads\/2024\/01\/WhatsApp-Image-2023-06-01-at-10.50.34-e1704893103902.webp\" \/>\n\t<meta property=\"og:image:width\" content=\"800\" \/>\n\t<meta property=\"og:image:height\" content=\"754\" \/>\n\t<meta property=\"og:image:type\" content=\"image\/webp\" \/>\n<meta name=\"twitter:card\" content=\"summary_large_image\" \/>\n<script type=\"application\/ld+json\" class=\"yoast-schema-graph\">{\"@context\":\"https:\/\/schema.org\",\"@graph\":[{\"@type\":\"WebPage\",\"@id\":\"https:\/\/xn--soossarria-u9a.com\/gl\/producto\/cinto-2\/\",\"url\":\"https:\/\/xn--soossarria-u9a.com\/gl\/producto\/cinto-2\/\",\"name\":\"Cinto - So&ntilde;os Sarria\",\"isPartOf\":{\"@id\":\"https:\/\/xn--soossarria-u9a.com\/gl\/#website\"},\"primaryImageOfPage\":{\"@id\":\"https:\/\/xn--soossarria-u9a.com\/gl\/producto\/cinto-2\/#primaryimage\"},\"image\":{\"@id\":\"https:\/\/xn--soossarria-u9a.com\/gl\/producto\/cinto-2\/#primaryimage\"},\"thumbnailUrl\":\"https:\/\/xn--soossarria-u9a.com\/wp-content\/uploads\/2024\/01\/Sonos-C-Rua-da-liberdade76-SARRIA.webp\",\"datePublished\":\"2024-01-03T08:51:48+00:00\",\"dateModified\":\"2024-01-03T08:51:48+00:00\",\"breadcrumb\":{\"@id\":\"https:\/\/xn--soossarria-u9a.com\/gl\/producto\/cinto-2\/#breadcrumb\"},\"inLanguage\":\"gl-ES\",\"potentialAction\":[{\"@type\":\"ReadAction\",\"target\":[\"https:\/\/xn--soossarria-u9a.com\/gl\/producto\/cinto-2\/\"]}]},{\"@type\":\"ImageObject\",\"inLanguage\":\"gl-ES\",\"@id\":\"https:\/\/xn--soossarria-u9a.com\/gl\/producto\/cinto-2\/#primaryimage\",\"url\":\"https:\/\/xn--soossarria-u9a.com\/wp-content\/uploads\/2024\/01\/Sonos-C-Rua-da-liberdade76-SARRIA.webp\",\"contentUrl\":\"https:\/\/xn--soossarria-u9a.com\/wp-content\/uploads\/2024\/01\/Sonos-C-Rua-da-liberdade76-SARRIA.webp\",\"width\":500,\"height\":500},{\"@type\":\"BreadcrumbList\",\"@id\":\"https:\/\/xn--soossarria-u9a.com\/gl\/producto\/cinto-2\/#breadcrumb\",\"itemListElement\":[{\"@type\":\"ListItem\",\"position\":1,\"name\":\"Portada\",\"item\":\"https:\/\/xn--soossarria-u9a.com\/gl\/\"},{\"@type\":\"ListItem\",\"position\":2,\"name\":\"Tienda\",\"item\":\"https:\/\/xn--soossarria-u9a.com\/gl\/tienda\/\"},{\"@type\":\"ListItem\",\"position\":3,\"name\":\"Cinto\"}]},{\"@type\":\"WebSite\",\"@id\":\"https:\/\/xn--soossarria-u9a.com\/gl\/#website\",\"url\":\"https:\/\/xn--soossarria-u9a.com\/gl\/\",\"name\":\"So\u00f1os Sarria\",\"description\":\"so\u00f1os sarria\",\"potentialAction\":[{\"@type\":\"SearchAction\",\"target\":{\"@type\":\"EntryPoint\",\"urlTemplate\":\"https:\/\/xn--soossarria-u9a.com\/gl\/?s={search_term_string}\"},\"query-input\":\"required name=search_term_string\"}],\"inLanguage\":\"gl-ES\"}]}<\/script>\n<!-- \/ Yoast SEO plugin. -->","yoast_head_json":{"title":"Cinto - So&ntilde;os Sarria","robots":{"index":"index","follow":"follow","max-snippet":"max-snippet:-1","max-image-preview":"max-image-preview:large","max-video-preview":"max-video-preview:-1"},"canonical":"https:\/\/xn--soossarria-u9a.com\/gl\/producto\/cinto-2\/","og_locale":"gl_ES","og_type":"article","og_title":"Cinto - So&ntilde;os Sarria","og_description":"O Cinto Lois, realizado en coiro xenu\u00edno, destaca polo seu acabado exterior desgastado que lle confire un aspecto \u00fanico e aut\u00e9ntico. Monta unha fibela de prata envellecida de dobre paso, engadindo un toque distintivo ao dese\u00f1o. Este cinto, ademais de ser unha peza de moda, ofrece durabilidade e estilo, ideal para complementar os teus outfits [&hellip;]","og_url":"https:\/\/xn--soossarria-u9a.com\/gl\/producto\/cinto-2\/","og_site_name":"So&ntilde;os Sarria","article_publisher":"https:\/\/www.facebook.com\/sonos.accesorios\/","og_image":[{"width":800,"height":754,"url":"https:\/\/xn--soossarria-u9a.com\/wp-content\/uploads\/2024\/01\/WhatsApp-Image-2023-06-01-at-10.50.34-e1704893103902.webp","type":"image\/webp"}],"twitter_card":"summary_large_image","schema":{"@context":"https:\/\/schema.org","@graph":[{"@type":"WebPage","@id":"https:\/\/xn--soossarria-u9a.com\/gl\/producto\/cinto-2\/","url":"https:\/\/xn--soossarria-u9a.com\/gl\/producto\/cinto-2\/","name":"Cinto - So&ntilde;os Sarria","isPartOf":{"@id":"https:\/\/xn--soossarria-u9a.com\/gl\/#website"},"primaryImageOfPage":{"@id":"https:\/\/xn--soossarria-u9a.com\/gl\/producto\/cinto-2\/#primaryimage"},"image":{"@id":"https:\/\/xn--soossarria-u9a.com\/gl\/producto\/cinto-2\/#primaryimage"},"thumbnailUrl":"https:\/\/xn--soossarria-u9a.com\/wp-content\/uploads\/2024\/01\/Sonos-C-Rua-da-liberdade76-SARRIA.webp","datePublished":"2024-01-03T08:51:48+00:00","dateModified":"2024-01-03T08:51:48+00:00","breadcrumb":{"@id":"https:\/\/xn--soossarria-u9a.com\/gl\/producto\/cinto-2\/#breadcrumb"},"inLanguage":"gl-ES","potentialAction":[{"@type":"ReadAction","target":["https:\/\/xn--soossarria-u9a.com\/gl\/producto\/cinto-2\/"]}]},{"@type":"ImageObject","inLanguage":"gl-ES","@id":"https:\/\/xn--soossarria-u9a.com\/gl\/producto\/cinto-2\/#primaryimage","url":"https:\/\/xn--soossarria-u9a.com\/wp-content\/uploads\/2024\/01\/Sonos-C-Rua-da-liberdade76-SARRIA.webp","contentUrl":"https:\/\/xn--soossarria-u9a.com\/wp-content\/uploads\/2024\/01\/Sonos-C-Rua-da-liberdade76-SARRIA.webp","width":500,"height":500},{"@type":"BreadcrumbList","@id":"https:\/\/xn--soossarria-u9a.com\/gl\/producto\/cinto-2\/#breadcrumb","itemListElement":[{"@type":"ListItem","position":1,"name":"Portada","item":"https:\/\/xn--soossarria-u9a.com\/gl\/"},{"@type":"ListItem","position":2,"name":"Tienda","item":"https:\/\/xn--soossarria-u9a.com\/gl\/tienda\/"},{"@type":"ListItem","position":3,"name":"Cinto"}]},{"@type":"WebSite","@id":"https:\/\/xn--soossarria-u9a.com\/gl\/#website","url":"https:\/\/xn--soossarria-u9a.com\/gl\/","name":"So\u00f1os Sarria","description":"so\u00f1os sarria","potentialAction":[{"@type":"SearchAction","target":{"@type":"EntryPoint","urlTemplate":"https:\/\/xn--soossarria-u9a.com\/gl\/?s={search_term_string}"},"query-input":"required name=search_term_string"}],"inLanguage":"gl-ES"}]}},"_links":{"self":[{"href":"https:\/\/xn--soossarria-u9a.com\/gl\/wp-json\/wp\/v2\/product\/9905"}],"collection":[{"href":"https:\/\/xn--soossarria-u9a.com\/gl\/wp-json\/wp\/v2\/product"}],"about":[{"href":"https:\/\/xn--soossarria-u9a.com\/gl\/wp-json\/wp\/v2\/types\/product"}],"wp:featuredmedia":[{"embeddable":true,"href":"https:\/\/xn--soossarria-u9a.com\/gl\/wp-json\/wp\/v2\/media\/10048"}],"wp:attachment":[{"href":"https:\/\/xn--soossarria-u9a.com\/gl\/wp-json\/wp\/v2\/media?parent=9905"}],"wp:term":[{"taxonomy":"product_cat","embeddable":true,"href":"https:\/\/xn--soossarria-u9a.com\/gl\/wp-json\/wp\/v2\/product_cat?post=9905"},{"taxonomy":"product_tag","embeddable":true,"href":"https:\/\/xn--soossarria-u9a.com\/gl\/wp-json\/wp\/v2\/product_tag?post=9905"}],"curies":[{"name":"wp","href":"https:\/\/api.w.org\/{rel}","templated":true}]}}