{"id":9899,"date":"2024-01-03T09:40:39","date_gmt":"2024-01-03T09:40:39","guid":{"rendered":"https:\/\/xn--soossarria-u9a.com\/producto\/venecia\/"},"modified":"2024-01-03T09:40:39","modified_gmt":"2024-01-03T09:40:39","slug":"venecia","status":"publish","type":"product","link":"https:\/\/xn--soossarria-u9a.com\/gl\/producto\/venecia\/","title":{"rendered":"Venecia"},"content":{"rendered":"<p>Emb\u00e1rcate na frescura da primavera co bolso bandolera Devota &amp; Lomba na encantadora cor nude camel multicolor da colecci\u00f3n Venice. Este bolso \u00e9 unha opci\u00f3n primaveral e f\u00e1cil de combinar, fusionando tons nudos, rosas, fucsia e camel. A s\u00faa correa extensible engade comodidade, mentres que o logotipo distintivo da marca est\u00e1 impreso no peto frontal e ao longo da correa, engadindo un toque de elegancia. Con tres petos interiores, inclu\u00eddo un con peche de cremalleira, e un peto exterior traseiro con peche de cremalleira, esta bolsa ofrece funcionalidade e estilo nun s\u00f3.<\/p>\n","protected":false},"excerpt":{"rendered":"<p>Emb\u00e1rcate na frescura da primavera co bolso bandolera Devota &amp; Lomba na encantadora cor nude camel multicolor da colecci\u00f3n Venice. Este bolso \u00e9 unha opci\u00f3n primaveral e f\u00e1cil de combinar, fusionando tons nudos, rosas, fucsia e camel. A s\u00faa correa extensible engade comodidade, mentres que o logotipo distintivo da marca est\u00e1 impreso no peto frontal [&hellip;]<\/p>\n","protected":false},"featured_media":8717,"template":"","meta":[],"product_cat":[193,217,192],"product_tag":[222,223,224],"yoast_head":"<!-- This site is optimized with the Yoast SEO plugin v22.2 - https:\/\/yoast.com\/wordpress\/plugins\/seo\/ -->\n<title>Venecia - So&ntilde;os Sarria<\/title>\n<meta name=\"robots\" content=\"index, follow, max-snippet:-1, max-image-preview:large, max-video-preview:-1\" \/>\n<link rel=\"canonical\" href=\"https:\/\/xn--soossarria-u9a.com\/gl\/producto\/venecia\/\" \/>\n<meta property=\"og:locale\" content=\"gl_ES\" \/>\n<meta property=\"og:type\" content=\"article\" \/>\n<meta property=\"og:title\" content=\"Venecia - So&ntilde;os Sarria\" \/>\n<meta property=\"og:description\" content=\"Emb\u00e1rcate na frescura da primavera co bolso bandolera Devota &amp; Lomba na encantadora cor nude camel multicolor da colecci\u00f3n Venice. Este bolso \u00e9 unha opci\u00f3n primaveral e f\u00e1cil de combinar, fusionando tons nudos, rosas, fucsia e camel. A s\u00faa correa extensible engade comodidade, mentres que o logotipo distintivo da marca est\u00e1 impreso no peto frontal [&hellip;]\" \/>\n<meta property=\"og:url\" content=\"https:\/\/xn--soossarria-u9a.com\/gl\/producto\/venecia\/\" \/>\n<meta property=\"og:site_name\" content=\"So&ntilde;os Sarria\" \/>\n<meta property=\"article:publisher\" content=\"https:\/\/www.facebook.com\/sonos.accesorios\/\" \/>\n<meta name=\"twitter:card\" content=\"summary_large_image\" \/>\n<script type=\"application\/ld+json\" class=\"yoast-schema-graph\">{\"@context\":\"https:\/\/schema.org\",\"@graph\":[{\"@type\":\"WebPage\",\"@id\":\"https:\/\/xn--soossarria-u9a.com\/gl\/producto\/venecia\/\",\"url\":\"https:\/\/xn--soossarria-u9a.com\/gl\/producto\/venecia\/\",\"name\":\"Venecia - So&ntilde;os Sarria\",\"isPartOf\":{\"@id\":\"https:\/\/xn--soossarria-u9a.com\/gl\/#website\"},\"primaryImageOfPage\":{\"@id\":\"https:\/\/xn--soossarria-u9a.com\/gl\/producto\/venecia\/#primaryimage\"},\"image\":{\"@id\":\"https:\/\/xn--soossarria-u9a.com\/gl\/producto\/venecia\/#primaryimage\"},\"thumbnailUrl\":\"https:\/\/xn--soossarria-u9a.com\/wp-content\/uploads\/2024\/01\/3.2.1-bolso-bandolera-devota-lomba-color-nude-camel-multicolor.webp\",\"datePublished\":\"2024-01-03T09:40:39+00:00\",\"dateModified\":\"2024-01-03T09:40:39+00:00\",\"breadcrumb\":{\"@id\":\"https:\/\/xn--soossarria-u9a.com\/gl\/producto\/venecia\/#breadcrumb\"},\"inLanguage\":\"gl-ES\",\"potentialAction\":[{\"@type\":\"ReadAction\",\"target\":[\"https:\/\/xn--soossarria-u9a.com\/gl\/producto\/venecia\/\"]}]},{\"@type\":\"ImageObject\",\"inLanguage\":\"gl-ES\",\"@id\":\"https:\/\/xn--soossarria-u9a.com\/gl\/producto\/venecia\/#primaryimage\",\"url\":\"https:\/\/xn--soossarria-u9a.com\/wp-content\/uploads\/2024\/01\/3.2.1-bolso-bandolera-devota-lomba-color-nude-camel-multicolor.webp\",\"contentUrl\":\"https:\/\/xn--soossarria-u9a.com\/wp-content\/uploads\/2024\/01\/3.2.1-bolso-bandolera-devota-lomba-color-nude-camel-multicolor.webp\",\"width\":800,\"height\":800,\"caption\":\"Bolsa de ombreiro. Colecci\u00f3n camello de Venecia\"},{\"@type\":\"BreadcrumbList\",\"@id\":\"https:\/\/xn--soossarria-u9a.com\/gl\/producto\/venecia\/#breadcrumb\",\"itemListElement\":[{\"@type\":\"ListItem\",\"position\":1,\"name\":\"Portada\",\"item\":\"https:\/\/xn--soossarria-u9a.com\/gl\/\"},{\"@type\":\"ListItem\",\"position\":2,\"name\":\"Tienda\",\"item\":\"https:\/\/xn--soossarria-u9a.com\/gl\/tienda\/\"},{\"@type\":\"ListItem\",\"position\":3,\"name\":\"Venecia\"}]},{\"@type\":\"WebSite\",\"@id\":\"https:\/\/xn--soossarria-u9a.com\/gl\/#website\",\"url\":\"https:\/\/xn--soossarria-u9a.com\/gl\/\",\"name\":\"So\u00f1os Sarria\",\"description\":\"so\u00f1os sarria\",\"potentialAction\":[{\"@type\":\"SearchAction\",\"target\":{\"@type\":\"EntryPoint\",\"urlTemplate\":\"https:\/\/xn--soossarria-u9a.com\/gl\/?s={search_term_string}\"},\"query-input\":\"required name=search_term_string\"}],\"inLanguage\":\"gl-ES\"}]}<\/script>\n<!-- \/ Yoast SEO plugin. -->","yoast_head_json":{"title":"Venecia - So&ntilde;os Sarria","robots":{"index":"index","follow":"follow","max-snippet":"max-snippet:-1","max-image-preview":"max-image-preview:large","max-video-preview":"max-video-preview:-1"},"canonical":"https:\/\/xn--soossarria-u9a.com\/gl\/producto\/venecia\/","og_locale":"gl_ES","og_type":"article","og_title":"Venecia - So&ntilde;os Sarria","og_description":"Emb\u00e1rcate na frescura da primavera co bolso bandolera Devota &amp; Lomba na encantadora cor nude camel multicolor da colecci\u00f3n Venice. Este bolso \u00e9 unha opci\u00f3n primaveral e f\u00e1cil de combinar, fusionando tons nudos, rosas, fucsia e camel. A s\u00faa correa extensible engade comodidade, mentres que o logotipo distintivo da marca est\u00e1 impreso no peto frontal [&hellip;]","og_url":"https:\/\/xn--soossarria-u9a.com\/gl\/producto\/venecia\/","og_site_name":"So&ntilde;os Sarria","article_publisher":"https:\/\/www.facebook.com\/sonos.accesorios\/","twitter_card":"summary_large_image","schema":{"@context":"https:\/\/schema.org","@graph":[{"@type":"WebPage","@id":"https:\/\/xn--soossarria-u9a.com\/gl\/producto\/venecia\/","url":"https:\/\/xn--soossarria-u9a.com\/gl\/producto\/venecia\/","name":"Venecia - So&ntilde;os Sarria","isPartOf":{"@id":"https:\/\/xn--soossarria-u9a.com\/gl\/#website"},"primaryImageOfPage":{"@id":"https:\/\/xn--soossarria-u9a.com\/gl\/producto\/venecia\/#primaryimage"},"image":{"@id":"https:\/\/xn--soossarria-u9a.com\/gl\/producto\/venecia\/#primaryimage"},"thumbnailUrl":"https:\/\/xn--soossarria-u9a.com\/wp-content\/uploads\/2024\/01\/3.2.1-bolso-bandolera-devota-lomba-color-nude-camel-multicolor.webp","datePublished":"2024-01-03T09:40:39+00:00","dateModified":"2024-01-03T09:40:39+00:00","breadcrumb":{"@id":"https:\/\/xn--soossarria-u9a.com\/gl\/producto\/venecia\/#breadcrumb"},"inLanguage":"gl-ES","potentialAction":[{"@type":"ReadAction","target":["https:\/\/xn--soossarria-u9a.com\/gl\/producto\/venecia\/"]}]},{"@type":"ImageObject","inLanguage":"gl-ES","@id":"https:\/\/xn--soossarria-u9a.com\/gl\/producto\/venecia\/#primaryimage","url":"https:\/\/xn--soossarria-u9a.com\/wp-content\/uploads\/2024\/01\/3.2.1-bolso-bandolera-devota-lomba-color-nude-camel-multicolor.webp","contentUrl":"https:\/\/xn--soossarria-u9a.com\/wp-content\/uploads\/2024\/01\/3.2.1-bolso-bandolera-devota-lomba-color-nude-camel-multicolor.webp","width":800,"height":800,"caption":"Bolsa de ombreiro. Colecci\u00f3n camello de Venecia"},{"@type":"BreadcrumbList","@id":"https:\/\/xn--soossarria-u9a.com\/gl\/producto\/venecia\/#breadcrumb","itemListElement":[{"@type":"ListItem","position":1,"name":"Portada","item":"https:\/\/xn--soossarria-u9a.com\/gl\/"},{"@type":"ListItem","position":2,"name":"Tienda","item":"https:\/\/xn--soossarria-u9a.com\/gl\/tienda\/"},{"@type":"ListItem","position":3,"name":"Venecia"}]},{"@type":"WebSite","@id":"https:\/\/xn--soossarria-u9a.com\/gl\/#website","url":"https:\/\/xn--soossarria-u9a.com\/gl\/","name":"So\u00f1os Sarria","description":"so\u00f1os sarria","potentialAction":[{"@type":"SearchAction","target":{"@type":"EntryPoint","urlTemplate":"https:\/\/xn--soossarria-u9a.com\/gl\/?s={search_term_string}"},"query-input":"required name=search_term_string"}],"inLanguage":"gl-ES"}]}},"_links":{"self":[{"href":"https:\/\/xn--soossarria-u9a.com\/gl\/wp-json\/wp\/v2\/product\/9899"}],"collection":[{"href":"https:\/\/xn--soossarria-u9a.com\/gl\/wp-json\/wp\/v2\/product"}],"about":[{"href":"https:\/\/xn--soossarria-u9a.com\/gl\/wp-json\/wp\/v2\/types\/product"}],"wp:featuredmedia":[{"embeddable":true,"href":"https:\/\/xn--soossarria-u9a.com\/gl\/wp-json\/wp\/v2\/media\/8717"}],"wp:attachment":[{"href":"https:\/\/xn--soossarria-u9a.com\/gl\/wp-json\/wp\/v2\/media?parent=9899"}],"wp:term":[{"taxonomy":"product_cat","embeddable":true,"href":"https:\/\/xn--soossarria-u9a.com\/gl\/wp-json\/wp\/v2\/product_cat?post=9899"},{"taxonomy":"product_tag","embeddable":true,"href":"https:\/\/xn--soossarria-u9a.com\/gl\/wp-json\/wp\/v2\/product_tag?post=9899"}],"curies":[{"name":"wp","href":"https:\/\/api.w.org\/{rel}","templated":true}]}}