{"id":9868,"date":"2024-01-10T11:01:01","date_gmt":"2024-01-10T11:01:01","guid":{"rendered":"https:\/\/xn--soossarria-u9a.com\/producto\/carteira-de-banda\/"},"modified":"2024-01-10T11:01:01","modified_gmt":"2024-01-10T11:01:01","slug":"carteira-de-banda","status":"publish","type":"product","link":"https:\/\/xn--soossarria-u9a.com\/gl\/producto\/carteira-de-banda\/","title":{"rendered":"Carteira de banda"},"content":{"rendered":"<p>TPU soldado de alta frecuencia (poliuretano termopl\u00e1stico) preserva a forma, a sensaci\u00f3n e a cor. \u00c9 impermeable e resistente a ara\u00f1azos; conserva a cor e a textura. Un material forte que \u00e9 \u00e1 vez flexible e suave ao tacto. A correa el\u00e1stica, dese\u00f1ada especialmente para esta funci\u00f3n, pecha a carteira de forma compacta. Unha combinaci\u00f3n de materiais duradeiros e t\u00e9cnicas innovadoras \u00fanense na carteira Bandwallet.<\/p>\n<p>4\/6 tarxetas<\/p>\n<p>+ 6 tarxetas<\/p>\n","protected":false},"excerpt":{"rendered":"<p>TPU soldado de alta frecuencia (poliuretano termopl\u00e1stico) preserva a forma, a sensaci\u00f3n e a cor. \u00c9 impermeable e resistente a ara\u00f1azos; conserva a cor e a textura. Un material forte que \u00e9 \u00e1 vez flexible e suave ao tacto. A correa el\u00e1stica, dese\u00f1ada especialmente para esta funci\u00f3n, pecha a carteira de forma compacta. Unha combinaci\u00f3n de materiais duradeiros e t\u00e9cnicas innovadoras \u00fanense na carteira Bandwallet.<\/p>\n<p>4\/6 tarxetas<\/p>\n<p>+ 6 tarxetas<\/p>\n","protected":false},"featured_media":9354,"template":"","meta":[],"product_cat":[190,199,214],"product_tag":[],"yoast_head":"<!-- This site is optimized with the Yoast SEO plugin v22.2 - https:\/\/yoast.com\/wordpress\/plugins\/seo\/ -->\n<title>Carteira de banda - So&ntilde;os Sarria<\/title>\n<meta name=\"robots\" content=\"index, follow, max-snippet:-1, max-image-preview:large, max-video-preview:-1\" \/>\n<link rel=\"canonical\" href=\"https:\/\/xn--soossarria-u9a.com\/gl\/producto\/carteira-de-banda\/\" \/>\n<meta property=\"og:locale\" content=\"gl_ES\" \/>\n<meta property=\"og:type\" content=\"article\" \/>\n<meta property=\"og:title\" content=\"Carteira de banda - So&ntilde;os Sarria\" \/>\n<meta property=\"og:description\" content=\"TPU soldado de alta frecuencia (poliuretano termopl\u00e1stico) preserva a forma, a sensaci\u00f3n e a cor. \u00c9 impermeable e resistente a ara\u00f1azos; conserva a cor e a textura. Un material forte que \u00e9 \u00e1 vez flexible e suave ao tacto. A correa el\u00e1stica, dese\u00f1ada especialmente para esta funci\u00f3n, pecha a carteira de forma compacta. Unha combinaci\u00f3n de materiais duradeiros e t\u00e9cnicas innovadoras \u00fanense na carteira Bandwallet. 4\/6 tarxetas + 6 tarxetas\" \/>\n<meta property=\"og:url\" content=\"https:\/\/xn--soossarria-u9a.com\/gl\/producto\/carteira-de-banda\/\" \/>\n<meta property=\"og:site_name\" content=\"So&ntilde;os Sarria\" \/>\n<meta property=\"article:publisher\" content=\"https:\/\/www.facebook.com\/sonos.accesorios\/\" \/>\n<meta property=\"og:image\" content=\"https:\/\/xn--soossarria-u9a.com\/wp-content\/uploads\/2024\/01\/SecridBandwallet.png\" \/>\n\t<meta property=\"og:image:width\" content=\"313\" \/>\n\t<meta property=\"og:image:height\" content=\"313\" \/>\n\t<meta property=\"og:image:type\" content=\"image\/png\" \/>\n<meta name=\"twitter:card\" content=\"summary_large_image\" \/>\n<script type=\"application\/ld+json\" class=\"yoast-schema-graph\">{\"@context\":\"https:\/\/schema.org\",\"@graph\":[{\"@type\":\"WebPage\",\"@id\":\"https:\/\/xn--soossarria-u9a.com\/gl\/producto\/carteira-de-banda\/\",\"url\":\"https:\/\/xn--soossarria-u9a.com\/gl\/producto\/carteira-de-banda\/\",\"name\":\"Carteira de banda - So&ntilde;os Sarria\",\"isPartOf\":{\"@id\":\"https:\/\/xn--soossarria-u9a.com\/gl\/#website\"},\"primaryImageOfPage\":{\"@id\":\"https:\/\/xn--soossarria-u9a.com\/gl\/producto\/carteira-de-banda\/#primaryimage\"},\"image\":{\"@id\":\"https:\/\/xn--soossarria-u9a.com\/gl\/producto\/carteira-de-banda\/#primaryimage\"},\"thumbnailUrl\":\"https:\/\/xn--soossarria-u9a.com\/wp-content\/uploads\/2024\/01\/SecridBandwallet.webp\",\"datePublished\":\"2024-01-10T11:01:01+00:00\",\"dateModified\":\"2024-01-10T11:01:01+00:00\",\"breadcrumb\":{\"@id\":\"https:\/\/xn--soossarria-u9a.com\/gl\/producto\/carteira-de-banda\/#breadcrumb\"},\"inLanguage\":\"gl-ES\",\"potentialAction\":[{\"@type\":\"ReadAction\",\"target\":[\"https:\/\/xn--soossarria-u9a.com\/gl\/producto\/carteira-de-banda\/\"]}]},{\"@type\":\"ImageObject\",\"inLanguage\":\"gl-ES\",\"@id\":\"https:\/\/xn--soossarria-u9a.com\/gl\/producto\/carteira-de-banda\/#primaryimage\",\"url\":\"https:\/\/xn--soossarria-u9a.com\/wp-content\/uploads\/2024\/01\/SecridBandwallet.webp\",\"contentUrl\":\"https:\/\/xn--soossarria-u9a.com\/wp-content\/uploads\/2024\/01\/SecridBandwallet.webp\",\"width\":313,\"height\":313},{\"@type\":\"BreadcrumbList\",\"@id\":\"https:\/\/xn--soossarria-u9a.com\/gl\/producto\/carteira-de-banda\/#breadcrumb\",\"itemListElement\":[{\"@type\":\"ListItem\",\"position\":1,\"name\":\"Portada\",\"item\":\"https:\/\/xn--soossarria-u9a.com\/gl\/\"},{\"@type\":\"ListItem\",\"position\":2,\"name\":\"Tienda\",\"item\":\"https:\/\/xn--soossarria-u9a.com\/gl\/tienda\/\"},{\"@type\":\"ListItem\",\"position\":3,\"name\":\"Carteira de banda\"}]},{\"@type\":\"WebSite\",\"@id\":\"https:\/\/xn--soossarria-u9a.com\/gl\/#website\",\"url\":\"https:\/\/xn--soossarria-u9a.com\/gl\/\",\"name\":\"So\u00f1os Sarria\",\"description\":\"so\u00f1os sarria\",\"potentialAction\":[{\"@type\":\"SearchAction\",\"target\":{\"@type\":\"EntryPoint\",\"urlTemplate\":\"https:\/\/xn--soossarria-u9a.com\/gl\/?s={search_term_string}\"},\"query-input\":\"required name=search_term_string\"}],\"inLanguage\":\"gl-ES\"}]}<\/script>\n<!-- \/ Yoast SEO plugin. -->","yoast_head_json":{"title":"Carteira de banda - So&ntilde;os Sarria","robots":{"index":"index","follow":"follow","max-snippet":"max-snippet:-1","max-image-preview":"max-image-preview:large","max-video-preview":"max-video-preview:-1"},"canonical":"https:\/\/xn--soossarria-u9a.com\/gl\/producto\/carteira-de-banda\/","og_locale":"gl_ES","og_type":"article","og_title":"Carteira de banda - So&ntilde;os Sarria","og_description":"TPU soldado de alta frecuencia (poliuretano termopl\u00e1stico) preserva a forma, a sensaci\u00f3n e a cor. \u00c9 impermeable e resistente a ara\u00f1azos; conserva a cor e a textura. Un material forte que \u00e9 \u00e1 vez flexible e suave ao tacto. A correa el\u00e1stica, dese\u00f1ada especialmente para esta funci\u00f3n, pecha a carteira de forma compacta. Unha combinaci\u00f3n de materiais duradeiros e t\u00e9cnicas innovadoras \u00fanense na carteira Bandwallet. 4\/6 tarxetas + 6 tarxetas","og_url":"https:\/\/xn--soossarria-u9a.com\/gl\/producto\/carteira-de-banda\/","og_site_name":"So&ntilde;os Sarria","article_publisher":"https:\/\/www.facebook.com\/sonos.accesorios\/","og_image":[{"width":313,"height":313,"url":"https:\/\/xn--soossarria-u9a.com\/wp-content\/uploads\/2024\/01\/SecridBandwallet.png","type":"image\/png"}],"twitter_card":"summary_large_image","schema":{"@context":"https:\/\/schema.org","@graph":[{"@type":"WebPage","@id":"https:\/\/xn--soossarria-u9a.com\/gl\/producto\/carteira-de-banda\/","url":"https:\/\/xn--soossarria-u9a.com\/gl\/producto\/carteira-de-banda\/","name":"Carteira de banda - So&ntilde;os Sarria","isPartOf":{"@id":"https:\/\/xn--soossarria-u9a.com\/gl\/#website"},"primaryImageOfPage":{"@id":"https:\/\/xn--soossarria-u9a.com\/gl\/producto\/carteira-de-banda\/#primaryimage"},"image":{"@id":"https:\/\/xn--soossarria-u9a.com\/gl\/producto\/carteira-de-banda\/#primaryimage"},"thumbnailUrl":"https:\/\/xn--soossarria-u9a.com\/wp-content\/uploads\/2024\/01\/SecridBandwallet.webp","datePublished":"2024-01-10T11:01:01+00:00","dateModified":"2024-01-10T11:01:01+00:00","breadcrumb":{"@id":"https:\/\/xn--soossarria-u9a.com\/gl\/producto\/carteira-de-banda\/#breadcrumb"},"inLanguage":"gl-ES","potentialAction":[{"@type":"ReadAction","target":["https:\/\/xn--soossarria-u9a.com\/gl\/producto\/carteira-de-banda\/"]}]},{"@type":"ImageObject","inLanguage":"gl-ES","@id":"https:\/\/xn--soossarria-u9a.com\/gl\/producto\/carteira-de-banda\/#primaryimage","url":"https:\/\/xn--soossarria-u9a.com\/wp-content\/uploads\/2024\/01\/SecridBandwallet.webp","contentUrl":"https:\/\/xn--soossarria-u9a.com\/wp-content\/uploads\/2024\/01\/SecridBandwallet.webp","width":313,"height":313},{"@type":"BreadcrumbList","@id":"https:\/\/xn--soossarria-u9a.com\/gl\/producto\/carteira-de-banda\/#breadcrumb","itemListElement":[{"@type":"ListItem","position":1,"name":"Portada","item":"https:\/\/xn--soossarria-u9a.com\/gl\/"},{"@type":"ListItem","position":2,"name":"Tienda","item":"https:\/\/xn--soossarria-u9a.com\/gl\/tienda\/"},{"@type":"ListItem","position":3,"name":"Carteira de banda"}]},{"@type":"WebSite","@id":"https:\/\/xn--soossarria-u9a.com\/gl\/#website","url":"https:\/\/xn--soossarria-u9a.com\/gl\/","name":"So\u00f1os Sarria","description":"so\u00f1os sarria","potentialAction":[{"@type":"SearchAction","target":{"@type":"EntryPoint","urlTemplate":"https:\/\/xn--soossarria-u9a.com\/gl\/?s={search_term_string}"},"query-input":"required name=search_term_string"}],"inLanguage":"gl-ES"}]}},"_links":{"self":[{"href":"https:\/\/xn--soossarria-u9a.com\/gl\/wp-json\/wp\/v2\/product\/9868"}],"collection":[{"href":"https:\/\/xn--soossarria-u9a.com\/gl\/wp-json\/wp\/v2\/product"}],"about":[{"href":"https:\/\/xn--soossarria-u9a.com\/gl\/wp-json\/wp\/v2\/types\/product"}],"wp:featuredmedia":[{"embeddable":true,"href":"https:\/\/xn--soossarria-u9a.com\/gl\/wp-json\/wp\/v2\/media\/9354"}],"wp:attachment":[{"href":"https:\/\/xn--soossarria-u9a.com\/gl\/wp-json\/wp\/v2\/media?parent=9868"}],"wp:term":[{"taxonomy":"product_cat","embeddable":true,"href":"https:\/\/xn--soossarria-u9a.com\/gl\/wp-json\/wp\/v2\/product_cat?post=9868"},{"taxonomy":"product_tag","embeddable":true,"href":"https:\/\/xn--soossarria-u9a.com\/gl\/wp-json\/wp\/v2\/product_tag?post=9868"}],"curies":[{"name":"wp","href":"https:\/\/api.w.org\/{rel}","templated":true}]}}