{"id":9867,"date":"2024-01-10T11:40:23","date_gmt":"2024-01-10T11:40:23","guid":{"rendered":"https:\/\/xn--soossarria-u9a.com\/producto\/carteira-xemelga\/"},"modified":"2024-01-10T11:40:23","modified_gmt":"2024-01-10T11:40:23","slug":"carteira-xemelga","status":"publish","type":"product","link":"https:\/\/xn--soossarria-u9a.com\/gl\/producto\/carteira-xemelga\/","title":{"rendered":"Carteira xemelga"},"content":{"rendered":"<p>Vermello-Vermello orixinal<\/p>\n<p class=\"sc-8dcb3cf-0 jbIhdp\">Con dous protectores de tarxetas para albergar o dobre de contido, o Twinwallet pode transportar ata 16 tarxetas, facturas e recibos, pero a\u00ednda mant\u00e9n o seu tama\u00f1o compacto. Dotada dun peche robusto e unha resistente funda exterior na que gardar tarxetas, facturas e recibos, esta carteira \u00e9 a soluci\u00f3n ideal para aqueles que necesitan m\u00e1is espazo pero non queren renunciar \u00e1 compacidade.<\/p>\n<p><b class=\"sc-8dcb3cf-0 gRDMcX\">Tenda<\/b><\/p>\n<ul class=\"sc-4ae594e9-4 hyIggB\">\n<li>\n<p class=\"sc-8dcb3cf-0 jbIhdp\">8 tarxetas en relevo ou 12 tarxetas simples<\/p>\n<\/li>\n<li>\n<p class=\"sc-8dcb3cf-0 jbIhdp\">4 tarxetas adicionais<\/p>\n<\/li>\n<li>\n<p class=\"sc-8dcb3cf-0 jbIhdp\">Entradas<\/p>\n<\/li>\n<li>\n<p class=\"sc-8dcb3cf-0 jbIhdp\">Tarxetas de visita<\/p>\n<\/li>\n<li>\n<p class=\"sc-8dcb3cf-0 jbIhdp\">Recibos<\/p>\n<\/li>\n<\/ul>\n","protected":false},"excerpt":{"rendered":"<p class=\"sc-8dcb3cf-0 jbIhdp\">Con dous protectores de tarxetas para albergar o dobre de contido, o Twinwallet pode transportar ata 16 tarxetas, facturas e recibos, pero a\u00ednda mant\u00e9n o seu tama\u00f1o compacto. Dotada dun peche robusto e unha resistente funda exterior na que gardar tarxetas, facturas e recibos, esta carteira \u00e9 a soluci\u00f3n ideal para aqueles que necesitan m\u00e1is espazo pero non queren renunciar \u00e1 compacidade.<\/p>\n<p><b class=\"sc-8dcb3cf-0 gRDMcX\">Tenda<\/b><\/p>\n<ul class=\"sc-4ae594e9-4 hyIggB\">\n<li>\n<p class=\"sc-8dcb3cf-0 jbIhdp\">8 tarxetas en relevo ou 12 tarxetas simples<\/p>\n<\/li>\n<li>\n<p class=\"sc-8dcb3cf-0 jbIhdp\">4 tarxetas adicionais<\/p>\n<\/li>\n<li>\n<p class=\"sc-8dcb3cf-0 jbIhdp\">Entradas<\/p>\n<\/li>\n<li>\n<p class=\"sc-8dcb3cf-0 jbIhdp\">Tarxetas de visita<\/p>\n<\/li>\n<li>\n<p class=\"sc-8dcb3cf-0 jbIhdp\">Recibos<\/p>\n<\/li>\n<\/ul>\n","protected":false},"featured_media":9396,"template":"","meta":[],"product_cat":[190,199,214],"product_tag":[],"yoast_head":"<!-- This site is optimized with the Yoast SEO plugin v22.2 - https:\/\/yoast.com\/wordpress\/plugins\/seo\/ -->\n<title>Carteira xemelga - So&ntilde;os Sarria<\/title>\n<meta name=\"robots\" content=\"index, follow, max-snippet:-1, max-image-preview:large, max-video-preview:-1\" \/>\n<link rel=\"canonical\" href=\"https:\/\/xn--soossarria-u9a.com\/gl\/producto\/carteira-xemelga\/\" \/>\n<meta property=\"og:locale\" content=\"gl_ES\" \/>\n<meta property=\"og:type\" content=\"article\" \/>\n<meta property=\"og:title\" content=\"Carteira xemelga - So&ntilde;os Sarria\" \/>\n<meta property=\"og:description\" content=\"Con dous protectores de tarxetas para albergar o dobre de contido, o Twinwallet pode transportar ata 16 tarxetas, facturas e recibos, pero a\u00ednda mant\u00e9n o seu tama\u00f1o compacto. Dotada dun peche robusto e unha resistente funda exterior na que gardar tarxetas, facturas e recibos, esta carteira \u00e9 a soluci\u00f3n ideal para aqueles que necesitan m\u00e1is espazo pero non queren renunciar \u00e1 compacidade. Tenda   8 tarxetas en relevo ou 12 tarxetas simples   4 tarxetas adicionais   Entradas   Tarxetas de visita   Recibos\" \/>\n<meta property=\"og:url\" content=\"https:\/\/xn--soossarria-u9a.com\/gl\/producto\/carteira-xemelga\/\" \/>\n<meta property=\"og:site_name\" content=\"So&ntilde;os Sarria\" \/>\n<meta property=\"article:publisher\" content=\"https:\/\/www.facebook.com\/sonos.accesorios\/\" \/>\n<meta property=\"og:image\" content=\"https:\/\/xn--soossarria-u9a.com\/wp-content\/uploads\/2024\/01\/Red2.png\" \/>\n\t<meta property=\"og:image:width\" content=\"313\" \/>\n\t<meta property=\"og:image:height\" content=\"313\" \/>\n\t<meta property=\"og:image:type\" content=\"image\/png\" \/>\n<meta name=\"twitter:card\" content=\"summary_large_image\" \/>\n<script type=\"application\/ld+json\" class=\"yoast-schema-graph\">{\"@context\":\"https:\/\/schema.org\",\"@graph\":[{\"@type\":\"WebPage\",\"@id\":\"https:\/\/xn--soossarria-u9a.com\/gl\/producto\/carteira-xemelga\/\",\"url\":\"https:\/\/xn--soossarria-u9a.com\/gl\/producto\/carteira-xemelga\/\",\"name\":\"Carteira xemelga - So&ntilde;os Sarria\",\"isPartOf\":{\"@id\":\"https:\/\/xn--soossarria-u9a.com\/gl\/#website\"},\"primaryImageOfPage\":{\"@id\":\"https:\/\/xn--soossarria-u9a.com\/gl\/producto\/carteira-xemelga\/#primaryimage\"},\"image\":{\"@id\":\"https:\/\/xn--soossarria-u9a.com\/gl\/producto\/carteira-xemelga\/#primaryimage\"},\"thumbnailUrl\":\"https:\/\/xn--soossarria-u9a.com\/wp-content\/uploads\/2024\/01\/Red2.webp\",\"datePublished\":\"2024-01-10T11:40:23+00:00\",\"dateModified\":\"2024-01-10T11:40:23+00:00\",\"breadcrumb\":{\"@id\":\"https:\/\/xn--soossarria-u9a.com\/gl\/producto\/carteira-xemelga\/#breadcrumb\"},\"inLanguage\":\"gl-ES\",\"potentialAction\":[{\"@type\":\"ReadAction\",\"target\":[\"https:\/\/xn--soossarria-u9a.com\/gl\/producto\/carteira-xemelga\/\"]}]},{\"@type\":\"ImageObject\",\"inLanguage\":\"gl-ES\",\"@id\":\"https:\/\/xn--soossarria-u9a.com\/gl\/producto\/carteira-xemelga\/#primaryimage\",\"url\":\"https:\/\/xn--soossarria-u9a.com\/wp-content\/uploads\/2024\/01\/Red2.webp\",\"contentUrl\":\"https:\/\/xn--soossarria-u9a.com\/wp-content\/uploads\/2024\/01\/Red2.webp\",\"width\":313,\"height\":313},{\"@type\":\"BreadcrumbList\",\"@id\":\"https:\/\/xn--soossarria-u9a.com\/gl\/producto\/carteira-xemelga\/#breadcrumb\",\"itemListElement\":[{\"@type\":\"ListItem\",\"position\":1,\"name\":\"Portada\",\"item\":\"https:\/\/xn--soossarria-u9a.com\/gl\/\"},{\"@type\":\"ListItem\",\"position\":2,\"name\":\"Tienda\",\"item\":\"https:\/\/xn--soossarria-u9a.com\/gl\/tienda\/\"},{\"@type\":\"ListItem\",\"position\":3,\"name\":\"Carteira xemelga\"}]},{\"@type\":\"WebSite\",\"@id\":\"https:\/\/xn--soossarria-u9a.com\/gl\/#website\",\"url\":\"https:\/\/xn--soossarria-u9a.com\/gl\/\",\"name\":\"So\u00f1os Sarria\",\"description\":\"so\u00f1os sarria\",\"potentialAction\":[{\"@type\":\"SearchAction\",\"target\":{\"@type\":\"EntryPoint\",\"urlTemplate\":\"https:\/\/xn--soossarria-u9a.com\/gl\/?s={search_term_string}\"},\"query-input\":\"required name=search_term_string\"}],\"inLanguage\":\"gl-ES\"}]}<\/script>\n<!-- \/ Yoast SEO plugin. -->","yoast_head_json":{"title":"Carteira xemelga - So&ntilde;os Sarria","robots":{"index":"index","follow":"follow","max-snippet":"max-snippet:-1","max-image-preview":"max-image-preview:large","max-video-preview":"max-video-preview:-1"},"canonical":"https:\/\/xn--soossarria-u9a.com\/gl\/producto\/carteira-xemelga\/","og_locale":"gl_ES","og_type":"article","og_title":"Carteira xemelga - So&ntilde;os Sarria","og_description":"Con dous protectores de tarxetas para albergar o dobre de contido, o Twinwallet pode transportar ata 16 tarxetas, facturas e recibos, pero a\u00ednda mant\u00e9n o seu tama\u00f1o compacto. Dotada dun peche robusto e unha resistente funda exterior na que gardar tarxetas, facturas e recibos, esta carteira \u00e9 a soluci\u00f3n ideal para aqueles que necesitan m\u00e1is espazo pero non queren renunciar \u00e1 compacidade. Tenda   8 tarxetas en relevo ou 12 tarxetas simples   4 tarxetas adicionais   Entradas   Tarxetas de visita   Recibos","og_url":"https:\/\/xn--soossarria-u9a.com\/gl\/producto\/carteira-xemelga\/","og_site_name":"So&ntilde;os Sarria","article_publisher":"https:\/\/www.facebook.com\/sonos.accesorios\/","og_image":[{"width":313,"height":313,"url":"https:\/\/xn--soossarria-u9a.com\/wp-content\/uploads\/2024\/01\/Red2.png","type":"image\/png"}],"twitter_card":"summary_large_image","schema":{"@context":"https:\/\/schema.org","@graph":[{"@type":"WebPage","@id":"https:\/\/xn--soossarria-u9a.com\/gl\/producto\/carteira-xemelga\/","url":"https:\/\/xn--soossarria-u9a.com\/gl\/producto\/carteira-xemelga\/","name":"Carteira xemelga - So&ntilde;os Sarria","isPartOf":{"@id":"https:\/\/xn--soossarria-u9a.com\/gl\/#website"},"primaryImageOfPage":{"@id":"https:\/\/xn--soossarria-u9a.com\/gl\/producto\/carteira-xemelga\/#primaryimage"},"image":{"@id":"https:\/\/xn--soossarria-u9a.com\/gl\/producto\/carteira-xemelga\/#primaryimage"},"thumbnailUrl":"https:\/\/xn--soossarria-u9a.com\/wp-content\/uploads\/2024\/01\/Red2.webp","datePublished":"2024-01-10T11:40:23+00:00","dateModified":"2024-01-10T11:40:23+00:00","breadcrumb":{"@id":"https:\/\/xn--soossarria-u9a.com\/gl\/producto\/carteira-xemelga\/#breadcrumb"},"inLanguage":"gl-ES","potentialAction":[{"@type":"ReadAction","target":["https:\/\/xn--soossarria-u9a.com\/gl\/producto\/carteira-xemelga\/"]}]},{"@type":"ImageObject","inLanguage":"gl-ES","@id":"https:\/\/xn--soossarria-u9a.com\/gl\/producto\/carteira-xemelga\/#primaryimage","url":"https:\/\/xn--soossarria-u9a.com\/wp-content\/uploads\/2024\/01\/Red2.webp","contentUrl":"https:\/\/xn--soossarria-u9a.com\/wp-content\/uploads\/2024\/01\/Red2.webp","width":313,"height":313},{"@type":"BreadcrumbList","@id":"https:\/\/xn--soossarria-u9a.com\/gl\/producto\/carteira-xemelga\/#breadcrumb","itemListElement":[{"@type":"ListItem","position":1,"name":"Portada","item":"https:\/\/xn--soossarria-u9a.com\/gl\/"},{"@type":"ListItem","position":2,"name":"Tienda","item":"https:\/\/xn--soossarria-u9a.com\/gl\/tienda\/"},{"@type":"ListItem","position":3,"name":"Carteira xemelga"}]},{"@type":"WebSite","@id":"https:\/\/xn--soossarria-u9a.com\/gl\/#website","url":"https:\/\/xn--soossarria-u9a.com\/gl\/","name":"So\u00f1os Sarria","description":"so\u00f1os sarria","potentialAction":[{"@type":"SearchAction","target":{"@type":"EntryPoint","urlTemplate":"https:\/\/xn--soossarria-u9a.com\/gl\/?s={search_term_string}"},"query-input":"required name=search_term_string"}],"inLanguage":"gl-ES"}]}},"_links":{"self":[{"href":"https:\/\/xn--soossarria-u9a.com\/gl\/wp-json\/wp\/v2\/product\/9867"}],"collection":[{"href":"https:\/\/xn--soossarria-u9a.com\/gl\/wp-json\/wp\/v2\/product"}],"about":[{"href":"https:\/\/xn--soossarria-u9a.com\/gl\/wp-json\/wp\/v2\/types\/product"}],"wp:featuredmedia":[{"embeddable":true,"href":"https:\/\/xn--soossarria-u9a.com\/gl\/wp-json\/wp\/v2\/media\/9396"}],"wp:attachment":[{"href":"https:\/\/xn--soossarria-u9a.com\/gl\/wp-json\/wp\/v2\/media?parent=9867"}],"wp:term":[{"taxonomy":"product_cat","embeddable":true,"href":"https:\/\/xn--soossarria-u9a.com\/gl\/wp-json\/wp\/v2\/product_cat?post=9867"},{"taxonomy":"product_tag","embeddable":true,"href":"https:\/\/xn--soossarria-u9a.com\/gl\/wp-json\/wp\/v2\/product_tag?post=9867"}],"curies":[{"name":"wp","href":"https:\/\/api.w.org\/{rel}","templated":true}]}}