{"id":9866,"date":"2024-01-10T11:23:00","date_gmt":"2024-01-10T11:23:00","guid":{"rendered":"https:\/\/xn--soossarria-u9a.com\/producto\/protector-de-tarxeta\/"},"modified":"2024-01-10T11:23:00","modified_gmt":"2024-01-10T11:23:00","slug":"protector-de-tarxeta","status":"publish","type":"product","link":"https:\/\/xn--soossarria-u9a.com\/gl\/producto\/protector-de-tarxeta\/","title":{"rendered":"Protector de tarxeta"},"content":{"rendered":"<p class=\"sc-8dcb3cf-0 jbIhdp\"><span class=\"sc-8dcb3cf-0 kMGmgU sc-4ae594e9-2 bDJcAQ\">O esencial ao teu alcance<\/span><\/p>\n<p>O Cardprotector non s\u00f3 \u00e9 a nosa carteira m\u00e1is minimalista, sen\u00f3n tam\u00e9n o coraz\u00f3n de todos os produtos Secrid. O seu mecanismo patentado permite retirar as tarxetas cun simple movemento, deix\u00e1ndoas sempre listas para o seu uso. Ademais, esta carteira de aluminio protexe as nosas tarxetas evitando que se dobran, rompan ou leamos sen que nos demos conta (protecci\u00f3n RFID).<\/p>\n<p><b class=\"sc-8dcb3cf-0 gRDMcX\">Tenda<\/b><\/p>\n<ul class=\"sc-4ae594e9-4 hyIggB\">\n<li>\n<p class=\"sc-8dcb3cf-0 jbIhdp\">4 tarxetas en relevo ou 6 tarxetas simples<\/p>\n<\/li>\n<\/ul>\n","protected":false},"excerpt":{"rendered":"<p class=\"sc-8dcb3cf-0 jbIhdp\"><span class=\"sc-8dcb3cf-0 kMGmgU sc-4ae594e9-2 bDJcAQ\">O esencial ao teu alcance<\/span><\/p>\n<p>O Cardprotector non s\u00f3 \u00e9 a nosa carteira m\u00e1is minimalista, sen\u00f3n tam\u00e9n o coraz\u00f3n de todos os produtos Secrid. O seu mecanismo patentado permite retirar as tarxetas cun simple movemento, deix\u00e1ndoas sempre listas para o seu uso. Ademais, esta carteira de aluminio protexe as nosas tarxetas evitando que se dobran, rompan ou leamos sen que nos demos conta (protecci\u00f3n RFID).<\/p>\n<p><b class=\"sc-8dcb3cf-0 gRDMcX\">Tenda<\/b><\/p>\n<ul class=\"sc-4ae594e9-4 hyIggB\">\n<li>\n<p class=\"sc-8dcb3cf-0 jbIhdp\">4 tarxetas en relevo ou 6 tarxetas simples<\/p>\n<\/li>\n<\/ul>\n","protected":false},"featured_media":9358,"template":"","meta":[],"product_cat":[199,214],"product_tag":[],"yoast_head":"<!-- This site is optimized with the Yoast SEO plugin v22.2 - https:\/\/yoast.com\/wordpress\/plugins\/seo\/ -->\n<title>Protector de tarxeta - So&ntilde;os Sarria<\/title>\n<meta name=\"robots\" content=\"index, follow, max-snippet:-1, max-image-preview:large, max-video-preview:-1\" \/>\n<link rel=\"canonical\" href=\"https:\/\/xn--soossarria-u9a.com\/gl\/producto\/protector-de-tarxeta\/\" \/>\n<meta property=\"og:locale\" content=\"gl_ES\" \/>\n<meta property=\"og:type\" content=\"article\" \/>\n<meta property=\"og:title\" content=\"Protector de tarxeta - So&ntilde;os Sarria\" \/>\n<meta property=\"og:description\" content=\"O esencial ao teu alcance O Cardprotector non s\u00f3 \u00e9 a nosa carteira m\u00e1is minimalista, sen\u00f3n tam\u00e9n o coraz\u00f3n de todos os produtos Secrid. O seu mecanismo patentado permite retirar as tarxetas cun simple movemento, deix\u00e1ndoas sempre listas para o seu uso. Ademais, esta carteira de aluminio protexe as nosas tarxetas evitando que se dobran, rompan ou leamos sen que nos demos conta (protecci\u00f3n RFID). Tenda   4 tarxetas en relevo ou 6 tarxetas simples\" \/>\n<meta property=\"og:url\" content=\"https:\/\/xn--soossarria-u9a.com\/gl\/producto\/protector-de-tarxeta\/\" \/>\n<meta property=\"og:site_name\" content=\"So&ntilde;os Sarria\" \/>\n<meta property=\"article:publisher\" content=\"https:\/\/www.facebook.com\/sonos.accesorios\/\" \/>\n<meta property=\"og:image\" content=\"https:\/\/xn--soossarria-u9a.com\/wp-content\/uploads\/2024\/01\/Protector.png\" \/>\n\t<meta property=\"og:image:width\" content=\"313\" \/>\n\t<meta property=\"og:image:height\" content=\"313\" \/>\n\t<meta property=\"og:image:type\" content=\"image\/png\" \/>\n<meta name=\"twitter:card\" content=\"summary_large_image\" \/>\n<script type=\"application\/ld+json\" class=\"yoast-schema-graph\">{\"@context\":\"https:\/\/schema.org\",\"@graph\":[{\"@type\":\"WebPage\",\"@id\":\"https:\/\/xn--soossarria-u9a.com\/gl\/producto\/protector-de-tarxeta\/\",\"url\":\"https:\/\/xn--soossarria-u9a.com\/gl\/producto\/protector-de-tarxeta\/\",\"name\":\"Protector de tarxeta - So&ntilde;os Sarria\",\"isPartOf\":{\"@id\":\"https:\/\/xn--soossarria-u9a.com\/gl\/#website\"},\"primaryImageOfPage\":{\"@id\":\"https:\/\/xn--soossarria-u9a.com\/gl\/producto\/protector-de-tarxeta\/#primaryimage\"},\"image\":{\"@id\":\"https:\/\/xn--soossarria-u9a.com\/gl\/producto\/protector-de-tarxeta\/#primaryimage\"},\"thumbnailUrl\":\"https:\/\/xn--soossarria-u9a.com\/wp-content\/uploads\/2024\/01\/Protector.webp\",\"datePublished\":\"2024-01-10T11:23:00+00:00\",\"dateModified\":\"2024-01-10T11:23:00+00:00\",\"breadcrumb\":{\"@id\":\"https:\/\/xn--soossarria-u9a.com\/gl\/producto\/protector-de-tarxeta\/#breadcrumb\"},\"inLanguage\":\"gl-ES\",\"potentialAction\":[{\"@type\":\"ReadAction\",\"target\":[\"https:\/\/xn--soossarria-u9a.com\/gl\/producto\/protector-de-tarxeta\/\"]}]},{\"@type\":\"ImageObject\",\"inLanguage\":\"gl-ES\",\"@id\":\"https:\/\/xn--soossarria-u9a.com\/gl\/producto\/protector-de-tarxeta\/#primaryimage\",\"url\":\"https:\/\/xn--soossarria-u9a.com\/wp-content\/uploads\/2024\/01\/Protector.webp\",\"contentUrl\":\"https:\/\/xn--soossarria-u9a.com\/wp-content\/uploads\/2024\/01\/Protector.webp\",\"width\":313,\"height\":313},{\"@type\":\"BreadcrumbList\",\"@id\":\"https:\/\/xn--soossarria-u9a.com\/gl\/producto\/protector-de-tarxeta\/#breadcrumb\",\"itemListElement\":[{\"@type\":\"ListItem\",\"position\":1,\"name\":\"Portada\",\"item\":\"https:\/\/xn--soossarria-u9a.com\/gl\/\"},{\"@type\":\"ListItem\",\"position\":2,\"name\":\"Tienda\",\"item\":\"https:\/\/xn--soossarria-u9a.com\/gl\/tienda\/\"},{\"@type\":\"ListItem\",\"position\":3,\"name\":\"Protector de tarxeta\"}]},{\"@type\":\"WebSite\",\"@id\":\"https:\/\/xn--soossarria-u9a.com\/gl\/#website\",\"url\":\"https:\/\/xn--soossarria-u9a.com\/gl\/\",\"name\":\"So\u00f1os Sarria\",\"description\":\"so\u00f1os sarria\",\"potentialAction\":[{\"@type\":\"SearchAction\",\"target\":{\"@type\":\"EntryPoint\",\"urlTemplate\":\"https:\/\/xn--soossarria-u9a.com\/gl\/?s={search_term_string}\"},\"query-input\":\"required name=search_term_string\"}],\"inLanguage\":\"gl-ES\"}]}<\/script>\n<!-- \/ Yoast SEO plugin. -->","yoast_head_json":{"title":"Protector de tarxeta - So&ntilde;os Sarria","robots":{"index":"index","follow":"follow","max-snippet":"max-snippet:-1","max-image-preview":"max-image-preview:large","max-video-preview":"max-video-preview:-1"},"canonical":"https:\/\/xn--soossarria-u9a.com\/gl\/producto\/protector-de-tarxeta\/","og_locale":"gl_ES","og_type":"article","og_title":"Protector de tarxeta - So&ntilde;os Sarria","og_description":"O esencial ao teu alcance O Cardprotector non s\u00f3 \u00e9 a nosa carteira m\u00e1is minimalista, sen\u00f3n tam\u00e9n o coraz\u00f3n de todos os produtos Secrid. O seu mecanismo patentado permite retirar as tarxetas cun simple movemento, deix\u00e1ndoas sempre listas para o seu uso. Ademais, esta carteira de aluminio protexe as nosas tarxetas evitando que se dobran, rompan ou leamos sen que nos demos conta (protecci\u00f3n RFID). Tenda   4 tarxetas en relevo ou 6 tarxetas simples","og_url":"https:\/\/xn--soossarria-u9a.com\/gl\/producto\/protector-de-tarxeta\/","og_site_name":"So&ntilde;os Sarria","article_publisher":"https:\/\/www.facebook.com\/sonos.accesorios\/","og_image":[{"width":313,"height":313,"url":"https:\/\/xn--soossarria-u9a.com\/wp-content\/uploads\/2024\/01\/Protector.png","type":"image\/png"}],"twitter_card":"summary_large_image","schema":{"@context":"https:\/\/schema.org","@graph":[{"@type":"WebPage","@id":"https:\/\/xn--soossarria-u9a.com\/gl\/producto\/protector-de-tarxeta\/","url":"https:\/\/xn--soossarria-u9a.com\/gl\/producto\/protector-de-tarxeta\/","name":"Protector de tarxeta - So&ntilde;os Sarria","isPartOf":{"@id":"https:\/\/xn--soossarria-u9a.com\/gl\/#website"},"primaryImageOfPage":{"@id":"https:\/\/xn--soossarria-u9a.com\/gl\/producto\/protector-de-tarxeta\/#primaryimage"},"image":{"@id":"https:\/\/xn--soossarria-u9a.com\/gl\/producto\/protector-de-tarxeta\/#primaryimage"},"thumbnailUrl":"https:\/\/xn--soossarria-u9a.com\/wp-content\/uploads\/2024\/01\/Protector.webp","datePublished":"2024-01-10T11:23:00+00:00","dateModified":"2024-01-10T11:23:00+00:00","breadcrumb":{"@id":"https:\/\/xn--soossarria-u9a.com\/gl\/producto\/protector-de-tarxeta\/#breadcrumb"},"inLanguage":"gl-ES","potentialAction":[{"@type":"ReadAction","target":["https:\/\/xn--soossarria-u9a.com\/gl\/producto\/protector-de-tarxeta\/"]}]},{"@type":"ImageObject","inLanguage":"gl-ES","@id":"https:\/\/xn--soossarria-u9a.com\/gl\/producto\/protector-de-tarxeta\/#primaryimage","url":"https:\/\/xn--soossarria-u9a.com\/wp-content\/uploads\/2024\/01\/Protector.webp","contentUrl":"https:\/\/xn--soossarria-u9a.com\/wp-content\/uploads\/2024\/01\/Protector.webp","width":313,"height":313},{"@type":"BreadcrumbList","@id":"https:\/\/xn--soossarria-u9a.com\/gl\/producto\/protector-de-tarxeta\/#breadcrumb","itemListElement":[{"@type":"ListItem","position":1,"name":"Portada","item":"https:\/\/xn--soossarria-u9a.com\/gl\/"},{"@type":"ListItem","position":2,"name":"Tienda","item":"https:\/\/xn--soossarria-u9a.com\/gl\/tienda\/"},{"@type":"ListItem","position":3,"name":"Protector de tarxeta"}]},{"@type":"WebSite","@id":"https:\/\/xn--soossarria-u9a.com\/gl\/#website","url":"https:\/\/xn--soossarria-u9a.com\/gl\/","name":"So\u00f1os Sarria","description":"so\u00f1os sarria","potentialAction":[{"@type":"SearchAction","target":{"@type":"EntryPoint","urlTemplate":"https:\/\/xn--soossarria-u9a.com\/gl\/?s={search_term_string}"},"query-input":"required name=search_term_string"}],"inLanguage":"gl-ES"}]}},"_links":{"self":[{"href":"https:\/\/xn--soossarria-u9a.com\/gl\/wp-json\/wp\/v2\/product\/9866"}],"collection":[{"href":"https:\/\/xn--soossarria-u9a.com\/gl\/wp-json\/wp\/v2\/product"}],"about":[{"href":"https:\/\/xn--soossarria-u9a.com\/gl\/wp-json\/wp\/v2\/types\/product"}],"wp:featuredmedia":[{"embeddable":true,"href":"https:\/\/xn--soossarria-u9a.com\/gl\/wp-json\/wp\/v2\/media\/9358"}],"wp:attachment":[{"href":"https:\/\/xn--soossarria-u9a.com\/gl\/wp-json\/wp\/v2\/media?parent=9866"}],"wp:term":[{"taxonomy":"product_cat","embeddable":true,"href":"https:\/\/xn--soossarria-u9a.com\/gl\/wp-json\/wp\/v2\/product_cat?post=9866"},{"taxonomy":"product_tag","embeddable":true,"href":"https:\/\/xn--soossarria-u9a.com\/gl\/wp-json\/wp\/v2\/product_tag?post=9866"}],"curies":[{"name":"wp","href":"https:\/\/api.w.org\/{rel}","templated":true}]}}