{"id":9851,"date":"2024-01-15T07:34:59","date_gmt":"2024-01-15T07:34:59","guid":{"rendered":"https:\/\/xn--soossarria-u9a.com\/producto\/bco339\/"},"modified":"2024-01-15T07:34:59","modified_gmt":"2024-01-15T07:34:59","slug":"bco339","status":"publish","type":"product","link":"https:\/\/xn--soossarria-u9a.com\/gl\/producto\/bco339\/","title":{"rendered":"BCO339"},"content":{"rendered":"<p>Collar con cadea de aceiro cir\u00farxico dourado e detalle central mari\u00f1eiro feito en resina de cores. Dous tons para escoller, azul ou crema. Simple e favorecedor, podes usalo todos os d\u00edas. Queda moi ben con looks casual ou jeans. \u00c9 hipoalerg\u00e9nico e inoxidable. A cadea mide 45 cm de longo e o detalle 30 mm. G\u00fastache?<\/p>\n","protected":false},"excerpt":{"rendered":"<p>Collar con cadea de aceiro cir\u00farxico dourado e detalle central mari\u00f1eiro feito en resina de cores. Dous tons para escoller, azul ou crema. Simple e favorecedor, podes usalo todos os d\u00edas. Queda moi ben con looks casual ou jeans. \u00c9 hipoalerg\u00e9nico e inoxidable. A cadea mide 45 cm de longo e o detalle 30 mm. [&hellip;]<\/p>\n","protected":false},"featured_media":0,"template":"","meta":[],"product_cat":[211,210,192],"product_tag":[],"yoast_head":"<!-- This site is optimized with the Yoast SEO plugin v22.2 - https:\/\/yoast.com\/wordpress\/plugins\/seo\/ -->\n<title>BCO339 - So&ntilde;os Sarria<\/title>\n<meta name=\"robots\" content=\"index, follow, max-snippet:-1, max-image-preview:large, max-video-preview:-1\" \/>\n<link rel=\"canonical\" href=\"https:\/\/xn--soossarria-u9a.com\/gl\/producto\/bco339\/\" \/>\n<meta property=\"og:locale\" content=\"gl_ES\" \/>\n<meta property=\"og:type\" content=\"article\" \/>\n<meta property=\"og:title\" content=\"BCO339 - So&ntilde;os Sarria\" \/>\n<meta property=\"og:description\" content=\"Collar con cadea de aceiro cir\u00farxico dourado e detalle central mari\u00f1eiro feito en resina de cores. Dous tons para escoller, azul ou crema. Simple e favorecedor, podes usalo todos os d\u00edas. Queda moi ben con looks casual ou jeans. \u00c9 hipoalerg\u00e9nico e inoxidable. A cadea mide 45 cm de longo e o detalle 30 mm. [&hellip;]\" \/>\n<meta property=\"og:url\" content=\"https:\/\/xn--soossarria-u9a.com\/gl\/producto\/bco339\/\" \/>\n<meta property=\"og:site_name\" content=\"So&ntilde;os Sarria\" \/>\n<meta property=\"article:publisher\" content=\"https:\/\/www.facebook.com\/sonos.accesorios\/\" \/>\n<meta name=\"twitter:card\" content=\"summary_large_image\" \/>\n<script type=\"application\/ld+json\" class=\"yoast-schema-graph\">{\"@context\":\"https:\/\/schema.org\",\"@graph\":[{\"@type\":\"WebPage\",\"@id\":\"https:\/\/xn--soossarria-u9a.com\/gl\/producto\/bco339\/\",\"url\":\"https:\/\/xn--soossarria-u9a.com\/gl\/producto\/bco339\/\",\"name\":\"BCO339 - So&ntilde;os Sarria\",\"isPartOf\":{\"@id\":\"https:\/\/xn--soossarria-u9a.com\/gl\/#website\"},\"datePublished\":\"2024-01-15T07:34:59+00:00\",\"dateModified\":\"2024-01-15T07:34:59+00:00\",\"breadcrumb\":{\"@id\":\"https:\/\/xn--soossarria-u9a.com\/gl\/producto\/bco339\/#breadcrumb\"},\"inLanguage\":\"gl-ES\",\"potentialAction\":[{\"@type\":\"ReadAction\",\"target\":[\"https:\/\/xn--soossarria-u9a.com\/gl\/producto\/bco339\/\"]}]},{\"@type\":\"BreadcrumbList\",\"@id\":\"https:\/\/xn--soossarria-u9a.com\/gl\/producto\/bco339\/#breadcrumb\",\"itemListElement\":[{\"@type\":\"ListItem\",\"position\":1,\"name\":\"Portada\",\"item\":\"https:\/\/xn--soossarria-u9a.com\/gl\/\"},{\"@type\":\"ListItem\",\"position\":2,\"name\":\"Tienda\",\"item\":\"https:\/\/xn--soossarria-u9a.com\/gl\/tienda\/\"},{\"@type\":\"ListItem\",\"position\":3,\"name\":\"BCO339\"}]},{\"@type\":\"WebSite\",\"@id\":\"https:\/\/xn--soossarria-u9a.com\/gl\/#website\",\"url\":\"https:\/\/xn--soossarria-u9a.com\/gl\/\",\"name\":\"So\u00f1os Sarria\",\"description\":\"so\u00f1os sarria\",\"potentialAction\":[{\"@type\":\"SearchAction\",\"target\":{\"@type\":\"EntryPoint\",\"urlTemplate\":\"https:\/\/xn--soossarria-u9a.com\/gl\/?s={search_term_string}\"},\"query-input\":\"required name=search_term_string\"}],\"inLanguage\":\"gl-ES\"}]}<\/script>\n<!-- \/ Yoast SEO plugin. -->","yoast_head_json":{"title":"BCO339 - So&ntilde;os Sarria","robots":{"index":"index","follow":"follow","max-snippet":"max-snippet:-1","max-image-preview":"max-image-preview:large","max-video-preview":"max-video-preview:-1"},"canonical":"https:\/\/xn--soossarria-u9a.com\/gl\/producto\/bco339\/","og_locale":"gl_ES","og_type":"article","og_title":"BCO339 - So&ntilde;os Sarria","og_description":"Collar con cadea de aceiro cir\u00farxico dourado e detalle central mari\u00f1eiro feito en resina de cores. Dous tons para escoller, azul ou crema. Simple e favorecedor, podes usalo todos os d\u00edas. Queda moi ben con looks casual ou jeans. \u00c9 hipoalerg\u00e9nico e inoxidable. A cadea mide 45 cm de longo e o detalle 30 mm. [&hellip;]","og_url":"https:\/\/xn--soossarria-u9a.com\/gl\/producto\/bco339\/","og_site_name":"So&ntilde;os Sarria","article_publisher":"https:\/\/www.facebook.com\/sonos.accesorios\/","twitter_card":"summary_large_image","schema":{"@context":"https:\/\/schema.org","@graph":[{"@type":"WebPage","@id":"https:\/\/xn--soossarria-u9a.com\/gl\/producto\/bco339\/","url":"https:\/\/xn--soossarria-u9a.com\/gl\/producto\/bco339\/","name":"BCO339 - So&ntilde;os Sarria","isPartOf":{"@id":"https:\/\/xn--soossarria-u9a.com\/gl\/#website"},"datePublished":"2024-01-15T07:34:59+00:00","dateModified":"2024-01-15T07:34:59+00:00","breadcrumb":{"@id":"https:\/\/xn--soossarria-u9a.com\/gl\/producto\/bco339\/#breadcrumb"},"inLanguage":"gl-ES","potentialAction":[{"@type":"ReadAction","target":["https:\/\/xn--soossarria-u9a.com\/gl\/producto\/bco339\/"]}]},{"@type":"BreadcrumbList","@id":"https:\/\/xn--soossarria-u9a.com\/gl\/producto\/bco339\/#breadcrumb","itemListElement":[{"@type":"ListItem","position":1,"name":"Portada","item":"https:\/\/xn--soossarria-u9a.com\/gl\/"},{"@type":"ListItem","position":2,"name":"Tienda","item":"https:\/\/xn--soossarria-u9a.com\/gl\/tienda\/"},{"@type":"ListItem","position":3,"name":"BCO339"}]},{"@type":"WebSite","@id":"https:\/\/xn--soossarria-u9a.com\/gl\/#website","url":"https:\/\/xn--soossarria-u9a.com\/gl\/","name":"So\u00f1os Sarria","description":"so\u00f1os sarria","potentialAction":[{"@type":"SearchAction","target":{"@type":"EntryPoint","urlTemplate":"https:\/\/xn--soossarria-u9a.com\/gl\/?s={search_term_string}"},"query-input":"required name=search_term_string"}],"inLanguage":"gl-ES"}]}},"_links":{"self":[{"href":"https:\/\/xn--soossarria-u9a.com\/gl\/wp-json\/wp\/v2\/product\/9851"}],"collection":[{"href":"https:\/\/xn--soossarria-u9a.com\/gl\/wp-json\/wp\/v2\/product"}],"about":[{"href":"https:\/\/xn--soossarria-u9a.com\/gl\/wp-json\/wp\/v2\/types\/product"}],"wp:attachment":[{"href":"https:\/\/xn--soossarria-u9a.com\/gl\/wp-json\/wp\/v2\/media?parent=9851"}],"wp:term":[{"taxonomy":"product_cat","embeddable":true,"href":"https:\/\/xn--soossarria-u9a.com\/gl\/wp-json\/wp\/v2\/product_cat?post=9851"},{"taxonomy":"product_tag","embeddable":true,"href":"https:\/\/xn--soossarria-u9a.com\/gl\/wp-json\/wp\/v2\/product_tag?post=9851"}],"curies":[{"name":"wp","href":"https:\/\/api.w.org\/{rel}","templated":true}]}}