{"id":9828,"date":"2024-01-16T12:42:31","date_gmt":"2024-01-16T12:42:31","guid":{"rendered":"https:\/\/xn--soossarria-u9a.com\/producto\/207031\/"},"modified":"2024-01-16T12:42:31","modified_gmt":"2024-01-16T12:42:31","slug":"207031","status":"publish","type":"product","link":"https:\/\/xn--soossarria-u9a.com\/gl\/producto\/207031\/","title":{"rendered":"207031"},"content":{"rendered":"<p>Carteira masculina. Caracter\u00edsticas: Portamonedas interior con peche a presi\u00f3n. Con 2 departamentos para facturas, un deles con peche de cremalleira. Con capacidade para 5 tarxetas. Con protecci\u00f3n RFID. Malet\u00edn<br \/>\nPara destacar as costuras de contraste e o logotipo gravado. Medidas: 11,5x9x1 cm.<br \/>\n100% coiro<\/p>\n","protected":false},"excerpt":{"rendered":"<p>Carteira masculina. Caracter\u00edsticas: Portamonedas interior con peche a presi\u00f3n. Con 2 departamentos para facturas, un deles con peche de cremalleira. Con capacidade para 5 tarxetas. Con protecci\u00f3n RFID. Malet\u00edn Para destacar as costuras de contraste e o logotipo gravado. Medidas: 11,5x9x1 cm. 100% coiro<\/p>\n","protected":false},"featured_media":9652,"template":"","meta":[],"product_cat":[190,199,198],"product_tag":[],"yoast_head":"<!-- This site is optimized with the Yoast SEO plugin v22.2 - https:\/\/yoast.com\/wordpress\/plugins\/seo\/ -->\n<title>207031 - So&ntilde;os Sarria<\/title>\n<meta name=\"robots\" content=\"index, follow, max-snippet:-1, max-image-preview:large, max-video-preview:-1\" \/>\n<link rel=\"canonical\" href=\"https:\/\/xn--soossarria-u9a.com\/gl\/producto\/207031\/\" \/>\n<meta property=\"og:locale\" content=\"gl_ES\" \/>\n<meta property=\"og:type\" content=\"article\" \/>\n<meta property=\"og:title\" content=\"207031 - So&ntilde;os Sarria\" \/>\n<meta property=\"og:description\" content=\"Carteira masculina. Caracter\u00edsticas: Portamonedas interior con peche a presi\u00f3n. Con 2 departamentos para facturas, un deles con peche de cremalleira. Con capacidade para 5 tarxetas. Con protecci\u00f3n RFID. Malet\u00edn Para destacar as costuras de contraste e o logotipo gravado. Medidas: 11,5x9x1 cm. 100% coiro\" \/>\n<meta property=\"og:url\" content=\"https:\/\/xn--soossarria-u9a.com\/gl\/producto\/207031\/\" \/>\n<meta property=\"og:site_name\" content=\"So&ntilde;os Sarria\" \/>\n<meta property=\"article:publisher\" content=\"https:\/\/www.facebook.com\/sonos.accesorios\/\" \/>\n<meta property=\"og:image\" content=\"https:\/\/xn--soossarria-u9a.com\/wp-content\/uploads\/2024\/01\/Lois-9.1.jpg\" \/>\n\t<meta property=\"og:image:width\" content=\"500\" \/>\n\t<meta property=\"og:image:height\" content=\"500\" \/>\n\t<meta property=\"og:image:type\" content=\"image\/jpeg\" \/>\n<meta name=\"twitter:card\" content=\"summary_large_image\" \/>\n<script type=\"application\/ld+json\" class=\"yoast-schema-graph\">{\"@context\":\"https:\/\/schema.org\",\"@graph\":[{\"@type\":\"WebPage\",\"@id\":\"https:\/\/xn--soossarria-u9a.com\/gl\/producto\/207031\/\",\"url\":\"https:\/\/xn--soossarria-u9a.com\/gl\/producto\/207031\/\",\"name\":\"207031 - So&ntilde;os Sarria\",\"isPartOf\":{\"@id\":\"https:\/\/xn--soossarria-u9a.com\/gl\/#website\"},\"primaryImageOfPage\":{\"@id\":\"https:\/\/xn--soossarria-u9a.com\/gl\/producto\/207031\/#primaryimage\"},\"image\":{\"@id\":\"https:\/\/xn--soossarria-u9a.com\/gl\/producto\/207031\/#primaryimage\"},\"thumbnailUrl\":\"https:\/\/xn--soossarria-u9a.com\/wp-content\/uploads\/2024\/01\/Lois-9.1.webp\",\"datePublished\":\"2024-01-16T12:42:31+00:00\",\"dateModified\":\"2024-01-16T12:42:31+00:00\",\"breadcrumb\":{\"@id\":\"https:\/\/xn--soossarria-u9a.com\/gl\/producto\/207031\/#breadcrumb\"},\"inLanguage\":\"gl-ES\",\"potentialAction\":[{\"@type\":\"ReadAction\",\"target\":[\"https:\/\/xn--soossarria-u9a.com\/gl\/producto\/207031\/\"]}]},{\"@type\":\"ImageObject\",\"inLanguage\":\"gl-ES\",\"@id\":\"https:\/\/xn--soossarria-u9a.com\/gl\/producto\/207031\/#primaryimage\",\"url\":\"https:\/\/xn--soossarria-u9a.com\/wp-content\/uploads\/2024\/01\/Lois-9.1.webp\",\"contentUrl\":\"https:\/\/xn--soossarria-u9a.com\/wp-content\/uploads\/2024\/01\/Lois-9.1.webp\",\"width\":500,\"height\":500},{\"@type\":\"BreadcrumbList\",\"@id\":\"https:\/\/xn--soossarria-u9a.com\/gl\/producto\/207031\/#breadcrumb\",\"itemListElement\":[{\"@type\":\"ListItem\",\"position\":1,\"name\":\"Portada\",\"item\":\"https:\/\/xn--soossarria-u9a.com\/gl\/\"},{\"@type\":\"ListItem\",\"position\":2,\"name\":\"Tienda\",\"item\":\"https:\/\/xn--soossarria-u9a.com\/gl\/tienda\/\"},{\"@type\":\"ListItem\",\"position\":3,\"name\":\"207031\"}]},{\"@type\":\"WebSite\",\"@id\":\"https:\/\/xn--soossarria-u9a.com\/gl\/#website\",\"url\":\"https:\/\/xn--soossarria-u9a.com\/gl\/\",\"name\":\"So\u00f1os Sarria\",\"description\":\"so\u00f1os sarria\",\"potentialAction\":[{\"@type\":\"SearchAction\",\"target\":{\"@type\":\"EntryPoint\",\"urlTemplate\":\"https:\/\/xn--soossarria-u9a.com\/gl\/?s={search_term_string}\"},\"query-input\":\"required name=search_term_string\"}],\"inLanguage\":\"gl-ES\"}]}<\/script>\n<!-- \/ Yoast SEO plugin. -->","yoast_head_json":{"title":"207031 - So&ntilde;os Sarria","robots":{"index":"index","follow":"follow","max-snippet":"max-snippet:-1","max-image-preview":"max-image-preview:large","max-video-preview":"max-video-preview:-1"},"canonical":"https:\/\/xn--soossarria-u9a.com\/gl\/producto\/207031\/","og_locale":"gl_ES","og_type":"article","og_title":"207031 - So&ntilde;os Sarria","og_description":"Carteira masculina. Caracter\u00edsticas: Portamonedas interior con peche a presi\u00f3n. Con 2 departamentos para facturas, un deles con peche de cremalleira. Con capacidade para 5 tarxetas. Con protecci\u00f3n RFID. Malet\u00edn Para destacar as costuras de contraste e o logotipo gravado. Medidas: 11,5x9x1 cm. 100% coiro","og_url":"https:\/\/xn--soossarria-u9a.com\/gl\/producto\/207031\/","og_site_name":"So&ntilde;os Sarria","article_publisher":"https:\/\/www.facebook.com\/sonos.accesorios\/","og_image":[{"width":500,"height":500,"url":"https:\/\/xn--soossarria-u9a.com\/wp-content\/uploads\/2024\/01\/Lois-9.1.jpg","type":"image\/jpeg"}],"twitter_card":"summary_large_image","schema":{"@context":"https:\/\/schema.org","@graph":[{"@type":"WebPage","@id":"https:\/\/xn--soossarria-u9a.com\/gl\/producto\/207031\/","url":"https:\/\/xn--soossarria-u9a.com\/gl\/producto\/207031\/","name":"207031 - So&ntilde;os Sarria","isPartOf":{"@id":"https:\/\/xn--soossarria-u9a.com\/gl\/#website"},"primaryImageOfPage":{"@id":"https:\/\/xn--soossarria-u9a.com\/gl\/producto\/207031\/#primaryimage"},"image":{"@id":"https:\/\/xn--soossarria-u9a.com\/gl\/producto\/207031\/#primaryimage"},"thumbnailUrl":"https:\/\/xn--soossarria-u9a.com\/wp-content\/uploads\/2024\/01\/Lois-9.1.webp","datePublished":"2024-01-16T12:42:31+00:00","dateModified":"2024-01-16T12:42:31+00:00","breadcrumb":{"@id":"https:\/\/xn--soossarria-u9a.com\/gl\/producto\/207031\/#breadcrumb"},"inLanguage":"gl-ES","potentialAction":[{"@type":"ReadAction","target":["https:\/\/xn--soossarria-u9a.com\/gl\/producto\/207031\/"]}]},{"@type":"ImageObject","inLanguage":"gl-ES","@id":"https:\/\/xn--soossarria-u9a.com\/gl\/producto\/207031\/#primaryimage","url":"https:\/\/xn--soossarria-u9a.com\/wp-content\/uploads\/2024\/01\/Lois-9.1.webp","contentUrl":"https:\/\/xn--soossarria-u9a.com\/wp-content\/uploads\/2024\/01\/Lois-9.1.webp","width":500,"height":500},{"@type":"BreadcrumbList","@id":"https:\/\/xn--soossarria-u9a.com\/gl\/producto\/207031\/#breadcrumb","itemListElement":[{"@type":"ListItem","position":1,"name":"Portada","item":"https:\/\/xn--soossarria-u9a.com\/gl\/"},{"@type":"ListItem","position":2,"name":"Tienda","item":"https:\/\/xn--soossarria-u9a.com\/gl\/tienda\/"},{"@type":"ListItem","position":3,"name":"207031"}]},{"@type":"WebSite","@id":"https:\/\/xn--soossarria-u9a.com\/gl\/#website","url":"https:\/\/xn--soossarria-u9a.com\/gl\/","name":"So\u00f1os Sarria","description":"so\u00f1os sarria","potentialAction":[{"@type":"SearchAction","target":{"@type":"EntryPoint","urlTemplate":"https:\/\/xn--soossarria-u9a.com\/gl\/?s={search_term_string}"},"query-input":"required name=search_term_string"}],"inLanguage":"gl-ES"}]}},"_links":{"self":[{"href":"https:\/\/xn--soossarria-u9a.com\/gl\/wp-json\/wp\/v2\/product\/9828"}],"collection":[{"href":"https:\/\/xn--soossarria-u9a.com\/gl\/wp-json\/wp\/v2\/product"}],"about":[{"href":"https:\/\/xn--soossarria-u9a.com\/gl\/wp-json\/wp\/v2\/types\/product"}],"wp:featuredmedia":[{"embeddable":true,"href":"https:\/\/xn--soossarria-u9a.com\/gl\/wp-json\/wp\/v2\/media\/9652"}],"wp:attachment":[{"href":"https:\/\/xn--soossarria-u9a.com\/gl\/wp-json\/wp\/v2\/media?parent=9828"}],"wp:term":[{"taxonomy":"product_cat","embeddable":true,"href":"https:\/\/xn--soossarria-u9a.com\/gl\/wp-json\/wp\/v2\/product_cat?post=9828"},{"taxonomy":"product_tag","embeddable":true,"href":"https:\/\/xn--soossarria-u9a.com\/gl\/wp-json\/wp\/v2\/product_tag?post=9828"}],"curies":[{"name":"wp","href":"https:\/\/api.w.org\/{rel}","templated":true}]}}