{"id":9086,"date":"2021-10-12T07:38:13","date_gmt":"2021-10-12T07:38:13","guid":{"rendered":"https:\/\/xn--soossarria-u9a.com\/politica-de-privacidade\/"},"modified":"2024-02-02T09:03:14","modified_gmt":"2024-02-02T09:03:14","slug":"politica-de-privacidade","status":"publish","type":"page","link":"https:\/\/xn--soossarria-u9a.com\/gl\/politica-de-privacidade\/","title":{"rendered":"Pol\u00edtica de Privacidade"},"content":{"rendered":"\n<h2 class=\"wp-block-heading\">Sobre n\u00f3s<\/h2>\n\n<p>O noso enderezo web \u00e9: https:\/\/xn--soossarria-u9a.com<\/p>\n\n<p><strong class=\"privacy-policy-tutorial\"> <\/strong><\/p>\n\n<p>Lea atentamente esta declaraci\u00f3n de privacidade antes de usar este sitio web. O seguinte detalla como trataremos os teus datos persoais. O uso deste sitio web e a subministraci\u00f3n dos seus datos implica a aceptaci\u00f3n da nosa pol\u00edtica de privacidade. Se non est\u00e1 de acordo, non use este sitio.<\/p>\n\n<p>So\u00f1os Sarria<\/p>\n\n<p>R\u00faa da Liberdade n\u00ba 76, 27600 Sarria \u2013 Lugo<\/p>\n\n<p>info@sonossarria.es<\/p>\n\n<p>687 93 91 81<\/p>\n\n<p>Podes visitar o noso sitio web sen proporcionar ningunha informaci\u00f3n persoal. Non obstante, existen varias opci\u00f3ns de rexistro, consultas ou formularios de pedido que requiren a recollida de datos persoais.<\/p>\n\n<p>So\u00f1os recolle s\u00f3 a informaci\u00f3n necesaria para xestionar pedidos, responder \u00e1s s\u00faas consultas e publicar os anuncios que nos env\u00ede.<\/p>\n\n<p>Finalidades do tratamento de datos persoais:<\/p>\n\n<p>Rexistro e xesti\u00f3n de usuarios: os datos facilitados no formulario de rexistro util\u00edzanse para xestionar os usuarios do sitio web. Non se permiten rexistros falsos nin roubo de identidade; A subministraci\u00f3n de informaci\u00f3n falsa no formulario de rexistro dar\u00e1 lugar \u00e1 eliminaci\u00f3n autom\u00e1tica do usuario. Reserv\u00e1monos o dereito de verificar a informaci\u00f3n proporcionada mediante verificaci\u00f3n telef\u00f3nica.<br\/>Xesti\u00f3n de pedidos: os datos que nos proporcionas ao comprar produtos na nosa tenda en li\u00f1a util\u00edzanse para procesar, enviar e facturar os produtos adquiridos. S\u00f3 se comunican a terceiros (bancos, entidades de pago en li\u00f1a como PayPal, empresas de transporte e lox\u00edstica) os datos necesarios para o env\u00edo, facturaci\u00f3n e recollida dos produtos, coa finalidade de xestionar a recollida e entrega dos produtos adquiridos.<br\/>Env\u00edo de informaci\u00f3n: a informaci\u00f3n introducida nos formularios de rexistro ou pedido util\u00edzase para enviarlle informaci\u00f3n relevante sobre noticias do sitio web, noticias de interese, promoci\u00f3ns e ofertas dos nosos produtos e servizos. Esta informaci\u00f3n env\u00edase por correo postal e\/ou correo electr\u00f3nico. Se non desexa recibir esta informaci\u00f3n, p\u00f3\u00f1ase en contacto connosco a trav\u00e9s do noso formulario de contacto.<br\/>Resposta \u00e1s consultas: os datos persoais facilitados a trav\u00e9s dos formularios de consulta util\u00edzanse para responder \u00e1s s\u00faas preguntas e consultas.<br\/>Se observa que os seus datos persoais foron publicados sen o seu consentimento, p\u00f3\u00f1ase en contacto connosco e eliminar\u00e9molos inmediatamente.<\/p>\n\n<p>Uso de cookies: o noso sitio web utiliza cookies para identificarte automaticamente e obter informaci\u00f3n sobre os teus h\u00e1bitos de visita e comportamento no noso sitio. Isto ax\u00fadanos a mellorar o noso sitio web. Se non queres que estas cookies se instalen no teu dispositivo, podes bloquealas na configuraci\u00f3n de cookies do teu navegador web.<\/p>\n\n<p>Seguridade dos datos: en So\u00f1os utilizamos tecnolox\u00edas de seguridade actuais para protexer os teus datos persoais. O noso sitio web est\u00e1 situado en servidores seguros protexidos contra os ataques m\u00e1is com\u00fans. Non obstante, \u00e9 importante lembrar que non hai tecnolox\u00eda completamente invulnerable. Recomendamos usar contrasinais seguros con polo menos 8 caracteres que incl\u00faan n\u00fameros, letras mai\u00fasculas, letras min\u00fasculas e caracteres especiais. Cambia o teu contrasinal periodicamente (polo menos unha vez ao ano) e c\u00e1mbiao inmediatamente se sospeitas que algu\u00e9n pode co\u00f1ecelo.<\/p>\n\n<p>Dereitos de Usuario: En calquera momento, pode exercer os seus dereitos de acceso, rectificaci\u00f3n, cancelaci\u00f3n e oposici\u00f3n enviando a s\u00faa solicitude xunto cunha copia dun documento oficial de identificaci\u00f3n (DNI, carn\u00e9 de conducir ou pasaporte) ao enderezo electr\u00f3nico info@ sonossarria.com . Tam\u00e9n pode solicitar a eliminaci\u00f3n da s\u00faa conta de usuario e darse de baixa do sistema de comunicaci\u00f3ns electr\u00f3nicas no mesmo enderezo de correo electr\u00f3nico.<\/p>\n\n<p>Se tes algunha d\u00fabida sobre como exercer estes dereitos, podes consultar a p\u00e1xina web da Axencia Espa\u00f1ola de Protecci\u00f3n de Datos (www.agpd.es), contactar co noso equipo de atenci\u00f3n ao usuario en info@sonossarria.com ou visitarnos na nosa localizaci\u00f3n na R\u00faa. da Liberdade n\u00ba 76, 27600 Sarria \u2013 Lugo.<\/p>\n\n<p><\/p>\n","protected":false},"excerpt":{"rendered":"<p>Sobre n\u00f3s O noso enderezo web \u00e9: https:\/\/xn--soossarria-u9a.com Lea atentamente esta declaraci\u00f3n de privacidade antes de usar este sitio web. O seguinte detalla como trataremos os teus datos persoais. O uso deste sitio web e a subministraci\u00f3n dos seus datos implica a aceptaci\u00f3n da nosa pol\u00edtica de privacidade. Se non est\u00e1 de acordo, non use [&hellip;]<\/p>\n","protected":false},"author":1,"featured_media":0,"parent":0,"menu_order":0,"comment_status":"closed","ping_status":"closed","template":"","meta":{"footnotes":""},"yoast_head":"<!-- This site is optimized with the Yoast SEO plugin v22.2 - https:\/\/yoast.com\/wordpress\/plugins\/seo\/ -->\n<title>Pol\u00edtica de Privacidade - So&ntilde;os Sarria<\/title>\n<meta name=\"robots\" content=\"index, follow, max-snippet:-1, max-image-preview:large, max-video-preview:-1\" \/>\n<link rel=\"canonical\" href=\"https:\/\/xn--soossarria-u9a.com\/gl\/politica-de-privacidade\/\" \/>\n<meta property=\"og:locale\" content=\"gl_ES\" \/>\n<meta property=\"og:type\" content=\"article\" \/>\n<meta property=\"og:title\" content=\"Pol\u00edtica de Privacidade - So&ntilde;os Sarria\" \/>\n<meta property=\"og:description\" content=\"Sobre n\u00f3s O noso enderezo web \u00e9: https:\/\/xn--soossarria-u9a.com Lea atentamente esta declaraci\u00f3n de privacidade antes de usar este sitio web. O seguinte detalla como trataremos os teus datos persoais. O uso deste sitio web e a subministraci\u00f3n dos seus datos implica a aceptaci\u00f3n da nosa pol\u00edtica de privacidade. Se non est\u00e1 de acordo, non use [&hellip;]\" \/>\n<meta property=\"og:url\" content=\"https:\/\/xn--soossarria-u9a.com\/gl\/politica-de-privacidade\/\" \/>\n<meta property=\"og:site_name\" content=\"So&ntilde;os Sarria\" \/>\n<meta property=\"article:publisher\" content=\"https:\/\/www.facebook.com\/sonos.accesorios\/\" \/>\n<meta property=\"article:modified_time\" content=\"2024-02-02T09:03:14+00:00\" \/>\n<meta name=\"twitter:card\" content=\"summary_large_image\" \/>\n<meta name=\"twitter:label1\" content=\"Tempo de lectura\" \/>\n\t<meta name=\"twitter:data1\" content=\"3 minutos\" \/>\n<script type=\"application\/ld+json\" class=\"yoast-schema-graph\">{\"@context\":\"https:\/\/schema.org\",\"@graph\":[{\"@type\":\"WebPage\",\"@id\":\"https:\/\/xn--soossarria-u9a.com\/gl\/politica-de-privacidade\/\",\"url\":\"https:\/\/xn--soossarria-u9a.com\/gl\/politica-de-privacidade\/\",\"name\":\"Pol\u00edtica de Privacidade - So&ntilde;os Sarria\",\"isPartOf\":{\"@id\":\"https:\/\/xn--soossarria-u9a.com\/gl\/#website\"},\"datePublished\":\"2021-10-12T07:38:13+00:00\",\"dateModified\":\"2024-02-02T09:03:14+00:00\",\"breadcrumb\":{\"@id\":\"https:\/\/xn--soossarria-u9a.com\/gl\/politica-de-privacidade\/#breadcrumb\"},\"inLanguage\":\"gl-ES\",\"potentialAction\":[{\"@type\":\"ReadAction\",\"target\":[\"https:\/\/xn--soossarria-u9a.com\/gl\/politica-de-privacidade\/\"]}]},{\"@type\":\"BreadcrumbList\",\"@id\":\"https:\/\/xn--soossarria-u9a.com\/gl\/politica-de-privacidade\/#breadcrumb\",\"itemListElement\":[{\"@type\":\"ListItem\",\"position\":1,\"name\":\"Portada\",\"item\":\"https:\/\/xn--soossarria-u9a.com\/gl\/\"},{\"@type\":\"ListItem\",\"position\":2,\"name\":\"Pol\u00edtica de Privacidade\"}]},{\"@type\":\"WebSite\",\"@id\":\"https:\/\/xn--soossarria-u9a.com\/gl\/#website\",\"url\":\"https:\/\/xn--soossarria-u9a.com\/gl\/\",\"name\":\"So\u00f1os Sarria\",\"description\":\"so\u00f1os sarria\",\"potentialAction\":[{\"@type\":\"SearchAction\",\"target\":{\"@type\":\"EntryPoint\",\"urlTemplate\":\"https:\/\/xn--soossarria-u9a.com\/gl\/?s={search_term_string}\"},\"query-input\":\"required name=search_term_string\"}],\"inLanguage\":\"gl-ES\"}]}<\/script>\n<!-- \/ Yoast SEO plugin. -->","yoast_head_json":{"title":"Pol\u00edtica de Privacidade - So&ntilde;os Sarria","robots":{"index":"index","follow":"follow","max-snippet":"max-snippet:-1","max-image-preview":"max-image-preview:large","max-video-preview":"max-video-preview:-1"},"canonical":"https:\/\/xn--soossarria-u9a.com\/gl\/politica-de-privacidade\/","og_locale":"gl_ES","og_type":"article","og_title":"Pol\u00edtica de Privacidade - So&ntilde;os Sarria","og_description":"Sobre n\u00f3s O noso enderezo web \u00e9: https:\/\/xn--soossarria-u9a.com Lea atentamente esta declaraci\u00f3n de privacidade antes de usar este sitio web. O seguinte detalla como trataremos os teus datos persoais. O uso deste sitio web e a subministraci\u00f3n dos seus datos implica a aceptaci\u00f3n da nosa pol\u00edtica de privacidade. Se non est\u00e1 de acordo, non use [&hellip;]","og_url":"https:\/\/xn--soossarria-u9a.com\/gl\/politica-de-privacidade\/","og_site_name":"So&ntilde;os Sarria","article_publisher":"https:\/\/www.facebook.com\/sonos.accesorios\/","article_modified_time":"2024-02-02T09:03:14+00:00","twitter_card":"summary_large_image","twitter_misc":{"Tempo de lectura":"3 minutos"},"schema":{"@context":"https:\/\/schema.org","@graph":[{"@type":"WebPage","@id":"https:\/\/xn--soossarria-u9a.com\/gl\/politica-de-privacidade\/","url":"https:\/\/xn--soossarria-u9a.com\/gl\/politica-de-privacidade\/","name":"Pol\u00edtica de Privacidade - So&ntilde;os Sarria","isPartOf":{"@id":"https:\/\/xn--soossarria-u9a.com\/gl\/#website"},"datePublished":"2021-10-12T07:38:13+00:00","dateModified":"2024-02-02T09:03:14+00:00","breadcrumb":{"@id":"https:\/\/xn--soossarria-u9a.com\/gl\/politica-de-privacidade\/#breadcrumb"},"inLanguage":"gl-ES","potentialAction":[{"@type":"ReadAction","target":["https:\/\/xn--soossarria-u9a.com\/gl\/politica-de-privacidade\/"]}]},{"@type":"BreadcrumbList","@id":"https:\/\/xn--soossarria-u9a.com\/gl\/politica-de-privacidade\/#breadcrumb","itemListElement":[{"@type":"ListItem","position":1,"name":"Portada","item":"https:\/\/xn--soossarria-u9a.com\/gl\/"},{"@type":"ListItem","position":2,"name":"Pol\u00edtica de Privacidade"}]},{"@type":"WebSite","@id":"https:\/\/xn--soossarria-u9a.com\/gl\/#website","url":"https:\/\/xn--soossarria-u9a.com\/gl\/","name":"So\u00f1os Sarria","description":"so\u00f1os sarria","potentialAction":[{"@type":"SearchAction","target":{"@type":"EntryPoint","urlTemplate":"https:\/\/xn--soossarria-u9a.com\/gl\/?s={search_term_string}"},"query-input":"required name=search_term_string"}],"inLanguage":"gl-ES"}]}},"_links":{"self":[{"href":"https:\/\/xn--soossarria-u9a.com\/gl\/wp-json\/wp\/v2\/pages\/9086"}],"collection":[{"href":"https:\/\/xn--soossarria-u9a.com\/gl\/wp-json\/wp\/v2\/pages"}],"about":[{"href":"https:\/\/xn--soossarria-u9a.com\/gl\/wp-json\/wp\/v2\/types\/page"}],"author":[{"embeddable":true,"href":"https:\/\/xn--soossarria-u9a.com\/gl\/wp-json\/wp\/v2\/users\/1"}],"replies":[{"embeddable":true,"href":"https:\/\/xn--soossarria-u9a.com\/gl\/wp-json\/wp\/v2\/comments?post=9086"}],"version-history":[{"count":0,"href":"https:\/\/xn--soossarria-u9a.com\/gl\/wp-json\/wp\/v2\/pages\/9086\/revisions"}],"wp:attachment":[{"href":"https:\/\/xn--soossarria-u9a.com\/gl\/wp-json\/wp\/v2\/media?parent=9086"}],"curies":[{"name":"wp","href":"https:\/\/api.w.org\/{rel}","templated":true}]}}