{"id":10094,"date":"2024-02-22T10:22:17","date_gmt":"2024-02-22T10:22:17","guid":{"rendered":"https:\/\/xn--soossarria-u9a.com\/?page_id=10094"},"modified":"2024-03-15T15:47:50","modified_gmt":"2024-03-15T15:47:50","slug":"alibey-2","status":"publish","type":"page","link":"https:\/\/xn--soossarria-u9a.com\/gl\/alibey-2\/","title":{"rendered":"Alibey"},"content":{"rendered":"\t\t<div data-elementor-type=\"wp-page\" data-elementor-id=\"10094\" class=\"elementor elementor-10094 elementor-10093\">\n\t\t\t\t\t\t<section class=\"elementor-section elementor-top-section elementor-element elementor-element-359bb06e elementor-section-full_width elementor-section-stretched elementor-section-height-min-height elementor-hidden-tablet elementor-hidden-mobile elementor-section-height-default elementor-section-items-middle\" data-id=\"359bb06e\" data-element_type=\"section\" data-settings=\"{&quot;stretch_section&quot;:&quot;section-stretched&quot;,&quot;background_background&quot;:&quot;classic&quot;}\">\n\t\t\t\t\t\t\t<div class=\"elementor-background-overlay\"><\/div>\n\t\t\t\t\t\t\t<div class=\"elementor-container elementor-column-gap-default\">\n\t\t\t\t\t<div class=\"elementor-column elementor-col-100 elementor-top-column elementor-element elementor-element-4dce13e6\" data-id=\"4dce13e6\" data-element_type=\"column\" data-settings=\"{&quot;background_background&quot;:&quot;classic&quot;}\">\n\t\t\t<div class=\"elementor-widget-wrap elementor-element-populated\">\n\t\t\t\t\t\t<div class=\"elementor-element elementor-element-a463802 elementor-widget elementor-widget-image\" data-id=\"a463802\" data-element_type=\"widget\" data-widget_type=\"image.default\">\n\t\t\t\t<div class=\"elementor-widget-container\">\n\t\t\t<style>\/*! elementor - v3.23.0 - 05-08-2024 *\/\n.elementor-widget-image{text-align:center}.elementor-widget-image a{display:inline-block}.elementor-widget-image a img[src$=\".svg\"]{width:48px}.elementor-widget-image img{vertical-align:middle;display:inline-block}<\/style>\t\t\t\t\t\t\t\t\t\t<img decoding=\"async\" width=\"300\" height=\"65\" src=\"https:\/\/xn--soossarria-u9a.com\/wp-content\/uploads\/2024\/01\/Sonos-C-Rua-da-liberdade76-SARRIA-3-e1704810606303-300x65.webp\" class=\"attachment-medium size-medium wp-image-6808\" alt=\"\" srcset=\"https:\/\/xn--soossarria-u9a.com\/wp-content\/uploads\/2024\/01\/Sonos-C-Rua-da-liberdade76-SARRIA-3-e1704810606303-300x65.webp 300w, https:\/\/xn--soossarria-u9a.com\/wp-content\/uploads\/2024\/01\/Sonos-C-Rua-da-liberdade76-SARRIA-3-e1704810606303.webp 500w\" sizes=\"(max-width: 300px) 100vw, 300px\" \/>\t\t\t\t\t\t\t\t\t\t\t\t\t<\/div>\n\t\t\t\t<\/div>\n\t\t\t\t\t<\/div>\n\t\t<\/div>\n\t\t\t\t\t<\/div>\n\t\t<\/section>\n\t\t\t\t<section class=\"elementor-section elementor-top-section elementor-element elementor-element-a3f3ca4 elementor-section-full_width elementor-section-stretched elementor-section-height-min-height elementor-hidden-desktop elementor-section-height-default elementor-section-items-middle\" data-id=\"a3f3ca4\" data-element_type=\"section\" data-settings=\"{&quot;stretch_section&quot;:&quot;section-stretched&quot;,&quot;background_background&quot;:&quot;classic&quot;}\">\n\t\t\t\t\t\t\t<div class=\"elementor-background-overlay\"><\/div>\n\t\t\t\t\t\t\t<div class=\"elementor-container elementor-column-gap-default\">\n\t\t\t\t\t<div class=\"elementor-column elementor-col-100 elementor-top-column elementor-element elementor-element-6054ed9\" data-id=\"6054ed9\" data-element_type=\"column\" data-settings=\"{&quot;background_background&quot;:&quot;classic&quot;}\">\n\t\t\t<div class=\"elementor-widget-wrap elementor-element-populated\">\n\t\t\t\t\t\t<div class=\"elementor-element elementor-element-0d4a7b9 elementor-widget elementor-widget-image\" data-id=\"0d4a7b9\" data-element_type=\"widget\" data-widget_type=\"image.default\">\n\t\t\t\t<div class=\"elementor-widget-container\">\n\t\t\t\t\t\t\t\t\t\t\t\t\t<img decoding=\"async\" width=\"300\" height=\"65\" src=\"https:\/\/xn--soossarria-u9a.com\/wp-content\/uploads\/2024\/01\/Sonos-C-Rua-da-liberdade76-SARRIA-3-e1704810606303-300x65.webp\" class=\"attachment-medium size-medium wp-image-6808\" alt=\"\" srcset=\"https:\/\/xn--soossarria-u9a.com\/wp-content\/uploads\/2024\/01\/Sonos-C-Rua-da-liberdade76-SARRIA-3-e1704810606303-300x65.webp 300w, https:\/\/xn--soossarria-u9a.com\/wp-content\/uploads\/2024\/01\/Sonos-C-Rua-da-liberdade76-SARRIA-3-e1704810606303.webp 500w\" sizes=\"(max-width: 300px) 100vw, 300px\" \/>\t\t\t\t\t\t\t\t\t\t\t\t\t<\/div>\n\t\t\t\t<\/div>\n\t\t\t\t\t<\/div>\n\t\t<\/div>\n\t\t\t\t\t<\/div>\n\t\t<\/section>\n\t\t<div class=\"elementor-element elementor-element-836e6e3 e-flex e-con-boxed e-con e-parent\" data-id=\"836e6e3\" data-element_type=\"container\">\n\t\t\t\t\t<div class=\"e-con-inner\">\n\t\t\t\t<div class=\"elementor-element elementor-element-568ba35 elementor-widget elementor-widget-heading\" data-id=\"568ba35\" data-element_type=\"widget\" data-widget_type=\"heading.default\">\n\t\t\t\t<div class=\"elementor-widget-container\">\n\t\t\t<style>\/*! elementor - v3.23.0 - 05-08-2024 *\/\n.elementor-heading-title{padding:0;margin:0;line-height:1}.elementor-widget-heading .elementor-heading-title[class*=elementor-size-]>a{color:inherit;font-size:inherit;line-height:inherit}.elementor-widget-heading .elementor-heading-title.elementor-size-small{font-size:15px}.elementor-widget-heading .elementor-heading-title.elementor-size-medium{font-size:19px}.elementor-widget-heading .elementor-heading-title.elementor-size-large{font-size:29px}.elementor-widget-heading .elementor-heading-title.elementor-size-xl{font-size:39px}.elementor-widget-heading .elementor-heading-title.elementor-size-xxl{font-size:59px}<\/style><h2 class=\"elementor-heading-title elementor-size-default\">Os nosos produtos<\/h2>\t\t<\/div>\n\t\t\t\t<\/div>\n\t\t\t\t\t<\/div>\n\t\t\t\t<\/div>\n\t\t\t\t<section class=\"elementor-section elementor-top-section elementor-element elementor-element-a95afd7 elementor-section-content-middle elementor-section-boxed elementor-section-height-default elementor-section-height-default\" data-id=\"a95afd7\" data-element_type=\"section\">\n\t\t\t\t\t\t<div class=\"elementor-container elementor-column-gap-default\">\n\t\t\t\t\t<header class=\"elementor-column elementor-col-100 elementor-top-column elementor-element elementor-element-f877e34\" data-id=\"f877e34\" data-element_type=\"column\">\n\t\t\t<div class=\"elementor-widget-wrap elementor-element-populated\">\n\t\t\t\t\t\t<div class=\"elementor-element elementor-element-829028e elementor-widget elementor-widget-spacer\" data-id=\"829028e\" data-element_type=\"widget\" data-widget_type=\"spacer.default\">\n\t\t\t\t<div class=\"elementor-widget-container\">\n\t\t\t<style>\/*! elementor - v3.23.0 - 05-08-2024 *\/\n.elementor-column .elementor-spacer-inner{height:var(--spacer-size)}.e-con{--container-widget-width:100%}.e-con-inner>.elementor-widget-spacer,.e-con>.elementor-widget-spacer{width:var(--container-widget-width,var(--spacer-size));--align-self:var(--container-widget-align-self,initial);--flex-shrink:0}.e-con-inner>.elementor-widget-spacer>.elementor-widget-container,.e-con>.elementor-widget-spacer>.elementor-widget-container{height:100%;width:100%}.e-con-inner>.elementor-widget-spacer>.elementor-widget-container>.elementor-spacer,.e-con>.elementor-widget-spacer>.elementor-widget-container>.elementor-spacer{height:100%}.e-con-inner>.elementor-widget-spacer>.elementor-widget-container>.elementor-spacer>.elementor-spacer-inner,.e-con>.elementor-widget-spacer>.elementor-widget-container>.elementor-spacer>.elementor-spacer-inner{height:var(--container-widget-height,var(--spacer-size))}.e-con-inner>.elementor-widget-spacer.elementor-widget-empty,.e-con>.elementor-widget-spacer.elementor-widget-empty{position:relative;min-height:22px;min-width:22px}.e-con-inner>.elementor-widget-spacer.elementor-widget-empty .elementor-widget-empty-icon,.e-con>.elementor-widget-spacer.elementor-widget-empty .elementor-widget-empty-icon{position:absolute;top:0;bottom:0;left:0;right:0;margin:auto;padding:0;width:22px;height:22px}<\/style>\t\t<div class=\"elementor-spacer\">\n\t\t\t<div class=\"elementor-spacer-inner\"><\/div>\n\t\t<\/div>\n\t\t\t\t<\/div>\n\t\t\t\t<\/div>\n\t\t\t\t<div class=\"elementor-element elementor-element-2902cc2 elementor-widget elementor-widget-th-products\" data-id=\"2902cc2\" data-element_type=\"widget\" data-widget_type=\"th-products.default\">\n\t\t\t\t<div class=\"elementor-widget-container\">\n\t\t\t<div class=\"elth-products-wrap js-content-wrap wrap-box product-grid-view  filter-\" data-column=\"4\" data-column-tablet=\"3\" data-column-mobile=\"3\">        <div class=\"js-content-main list-product-wrap row\">    \t\t<\/div>\r\n\t<\/div>\t\t<\/div>\n\t\t\t\t<\/div>\n\t\t\t\t\t<\/div>\n\t\t<\/header>\n\t\t\t\t\t<\/div>\n\t\t<\/section>\n\t\t\t\t<section class=\"elementor-section elementor-top-section elementor-element elementor-element-30ddfe8a elementor-hidden-desktop elementor-section-boxed elementor-section-height-default elementor-section-height-default\" data-id=\"30ddfe8a\" data-element_type=\"section\">\n\t\t\t\t\t\t<div class=\"elementor-container elementor-column-gap-default\">\n\t\t\t\t\t<div class=\"elementor-column elementor-col-100 elementor-top-column elementor-element elementor-element-49c5b184\" data-id=\"49c5b184\" data-element_type=\"column\">\n\t\t\t<div class=\"elementor-widget-wrap elementor-element-populated\">\n\t\t\t\t\t\t<div class=\"elementor-element elementor-element-df55f92 elementor-widget elementor-widget-heading\" data-id=\"df55f92\" data-element_type=\"widget\" data-widget_type=\"heading.default\">\n\t\t\t\t<div class=\"elementor-widget-container\">\n\t\t\t<h2 class=\"elementor-heading-title elementor-size-default\">\u00c1 s\u00faa disposici\u00f3n<\/h2>\t\t<\/div>\n\t\t\t\t<\/div>\n\t\t\t\t<div class=\"elementor-element elementor-element-4e9a8d39 elementor-widget elementor-widget-text-editor\" data-id=\"4e9a8d39\" data-element_type=\"widget\" data-widget_type=\"text-editor.default\">\n\t\t\t\t<div class=\"elementor-widget-container\">\n\t\t\t<style>\/*! elementor - v3.23.0 - 05-08-2024 *\/\n.elementor-widget-text-editor.elementor-drop-cap-view-stacked .elementor-drop-cap{background-color:#69727d;color:#fff}.elementor-widget-text-editor.elementor-drop-cap-view-framed .elementor-drop-cap{color:#69727d;border:3px solid;background-color:transparent}.elementor-widget-text-editor:not(.elementor-drop-cap-view-default) .elementor-drop-cap{margin-top:8px}.elementor-widget-text-editor:not(.elementor-drop-cap-view-default) .elementor-drop-cap-letter{width:1em;height:1em}.elementor-widget-text-editor .elementor-drop-cap{float:left;text-align:center;line-height:1;font-size:50px}.elementor-widget-text-editor .elementor-drop-cap-letter{display:inline-block}<\/style>\t\t\t\t<p>Queres <span style=\"color: #374151; font-family: S\u00f6hne, ui-sans-serif, system-ui, -apple-system, 'Segoe UI', Roboto, Ubuntu, Cantarell, 'Noto Sans', sans-serif, 'Helvetica Neue', Arial, 'Apple Color Emoji', 'Segoe UI Emoji', 'Segoe UI Symbol', 'Noto Color Emoji'; font-size: 16px; text-align: start; white-space-collapse: preserve;\">saber<\/span> <span style=\"color: rgb(55, 65, 81); font-family: S\u00f6hne, ui-sans-serif, system-ui, -apple-system, \"Segoe UI\", Roboto, Ubuntu, Cantarell, \"Noto Sans\", sans-serif, \"Helvetica Neue\", Arial, \"Apple Color Emoji\", \"Segoe UI Emoji\", \"Segoe UI Symbol\", \"Noto Color Emoji\"; text-align: start; white-space-collapse: preserve;\">se temos alg\u00fan artigo en stock<\/span> <span style=\"color: #374151; font-family: S\u00f6hne, ui-sans-serif, system-ui, -apple-system, 'Segoe UI', Roboto, Ubuntu, Cantarell, 'Noto Sans', sans-serif, 'Helvetica Neue', Arial, 'Apple Color Emoji', 'Segoe UI Emoji', 'Segoe UI Symbol', 'Noto Color Emoji'; font-size: 16px; text-align: start; white-space-collapse: preserve;\">?<\/span><\/p>\n\t\t\t\t\t\t<\/div>\n\t\t\t\t<\/div>\n\t\t\t\t<div class=\"elementor-element elementor-element-c5ee5f elementor-align-center elementor-widget elementor-widget-button\" data-id=\"c5ee5f\" data-element_type=\"widget\" data-widget_type=\"button.default\">\n\t\t\t\t<div class=\"elementor-widget-container\">\n\t\t\t\t\t<div class=\"elementor-button-wrapper\">\n\t\t\t<a class=\"elementor-button elementor-button-link elementor-size-md\" href=\"\">\n\t\t\t\t\t\t<span class=\"elementor-button-content-wrapper\">\n\t\t\t\t\t\t\t\t\t<span class=\"elementor-button-text\">Ch\u00e1manos<\/span>\n\t\t\t\t\t<\/span>\n\t\t\t\t\t<\/a>\n\t\t<\/div>\n\t\t\t\t<\/div>\n\t\t\t\t<\/div>\n\t\t\t\t\t<\/div>\n\t\t<\/div>\n\t\t\t\t\t<\/div>\n\t\t<\/section>\n\t\t\t\t<section class=\"elementor-section elementor-top-section elementor-element elementor-element-7b0b2b81 elementor-section-full_width elementor-hidden-tablet elementor-section-height-default elementor-section-height-default\" data-id=\"7b0b2b81\" data-element_type=\"section\">\n\t\t\t\t\t\t<div class=\"elementor-container elementor-column-gap-default\">\n\t\t\t\t\t<div class=\"elementor-column elementor-col-100 elementor-top-column elementor-element elementor-element-536f9599\" data-id=\"536f9599\" data-element_type=\"column\">\n\t\t\t<div class=\"elementor-widget-wrap elementor-element-populated\">\n\t\t\t\t\t\t<div class=\"elementor-element elementor-element-6c200540 elementor-widget elementor-widget-th-banner-info\" data-id=\"6c200540\" data-element_type=\"widget\" data-widget_type=\"th-banner-info.default\">\n\t\t\t\t<div class=\"elementor-widget-container\">\n\t\t\t<div class=\"elth-banner-info-wrap elth-bndf\"><div class=\"elth-banner-info-thumb overflow-hidden gray-image line-scale\">\r\n\t\t\t\t\t\t<a class=\"adv-thumb-link\" href=\"\" rel=\"nofollow\"><img decoding=\"async\" src=\"https:\/\/xn--soossarria-u9a.com\/wp-content\/uploads\/2024\/01\/\/contacto1-1-1800x400.jpg\" title=\"contacto1\" alt=\"contacto1\" loading=\"lazy\" \/><\/a>\r\n\t\t\t\t\t<\/div><div class=\"elth-banner-info-content elth-info-inner inner-left inner-top\"><h2 class=\"elth-text-item elementor-repeater-item-593f8b6 hidden-on-mobile-yes\">A tu disposici\u00f3n<\/h2><p class=\"elth-text-item elementor-repeater-item-58f7c84 hidden-on-mobile-yes\">\u00bfQuieres consultar la disponibilidad de alg\u00fan producto? <\/p><div class=\"elth-btwrap\"><a href=\"\" rel=\"nofollow\" class=\"elementor-repeater-item-7b8dba7 elth-bt-default hidden-on-mobile-yes\">LL\u00c1MANOS<\/a><\/div><\/div><\/div>\t\t<\/div>\n\t\t\t\t<\/div>\n\t\t\t\t\t<\/div>\n\t\t<\/div>\n\t\t\t\t\t<\/div>\n\t\t<\/section>\n\t\t\t\t<section class=\"elementor-section elementor-top-section elementor-element elementor-element-3e2bb4b elementor-section-full_width elementor-section-height-default elementor-section-height-default\" data-id=\"3e2bb4b\" data-element_type=\"section\">\n\t\t\t\t\t\t<div class=\"elementor-container elementor-column-gap-default\">\n\t\t\t\t\t<div class=\"elementor-column elementor-col-100 elementor-top-column elementor-element elementor-element-efa3202\" data-id=\"efa3202\" data-element_type=\"column\">\n\t\t\t<div class=\"elementor-widget-wrap elementor-element-populated\">\n\t\t\t\t\t\t<div class=\"elementor-element elementor-element-1d42379 elementor-hidden-desktop elementor-hidden-mobile elementor-widget elementor-widget-th-banner-info\" data-id=\"1d42379\" data-element_type=\"widget\" data-widget_type=\"th-banner-info.default\">\n\t\t\t\t<div class=\"elementor-widget-container\">\n\t\t\t<div class=\"elth-banner-info-wrap elth-bndf\"><div class=\"elth-banner-info-thumb overflow-hidden gray-image line-scale\">\r\n\t\t\t\t\t\t<a class=\"adv-thumb-link\" href=\"\" rel=\"nofollow\"><img decoding=\"async\" src=\"https:\/\/xn--soossarria-u9a.com\/wp-content\/uploads\/2024\/01\/\/contacto1-1-1800x400.jpg\" title=\"contacto1\" alt=\"contacto1\" loading=\"lazy\" \/><\/a>\r\n\t\t\t\t\t<\/div><\/div>\t\t<\/div>\n\t\t\t\t<\/div>\n\t\t\t\t\t<\/div>\n\t\t<\/div>\n\t\t\t\t\t<\/div>\n\t\t<\/section>\n\t\t\t\t<\/div>\n\t\t","protected":false},"excerpt":{"rendered":"<p>Os nosos produtos 10016 70,00&nbsp;&euro; 10600 69,90&nbsp;&euro; 10618 59,90&nbsp;&euro; 10603 78,90&nbsp;&euro; 10613 72,90&nbsp;&euro; 10592 60,00&nbsp;&euro; 10602 92,90&nbsp;&euro; Diademas Pa\u00f1uelos Pa\u00f1uelo Bolsos Bolso Bolso Bolso \u00c1 s\u00faa disposici\u00f3n Queres saber se temos alg\u00fan artigo en stock ? Ch\u00e1manos A tu disposici\u00f3n \u00bfQuieres consultar la disponibilidad de alg\u00fan producto? LL\u00c1MANOS<\/p>\n","protected":false},"author":1,"featured_media":0,"parent":0,"menu_order":0,"comment_status":"closed","ping_status":"closed","template":"","meta":{"footnotes":""},"yoast_head":"<!-- This site is optimized with the Yoast SEO plugin v22.2 - https:\/\/yoast.com\/wordpress\/plugins\/seo\/ -->\n<title>Alibey - So&ntilde;os Sarria<\/title>\n<meta name=\"robots\" content=\"index, follow, max-snippet:-1, max-image-preview:large, max-video-preview:-1\" \/>\n<link rel=\"canonical\" href=\"https:\/\/xn--soossarria-u9a.com\/gl\/alibey-2\/\" \/>\n<meta property=\"og:locale\" content=\"gl_ES\" \/>\n<meta property=\"og:type\" content=\"article\" \/>\n<meta property=\"og:title\" content=\"Alibey - So&ntilde;os Sarria\" \/>\n<meta property=\"og:description\" content=\"Os nosos produtos 10016 70,00&nbsp;&euro; 10600 69,90&nbsp;&euro; 10618 59,90&nbsp;&euro; 10603 78,90&nbsp;&euro; 10613 72,90&nbsp;&euro; 10592 60,00&nbsp;&euro; 10602 92,90&nbsp;&euro; Diademas Pa\u00f1uelos Pa\u00f1uelo Bolsos Bolso Bolso Bolso \u00c1 s\u00faa disposici\u00f3n Queres saber se temos alg\u00fan artigo en stock ? Ch\u00e1manos A tu disposici\u00f3n \u00bfQuieres consultar la disponibilidad de alg\u00fan producto? LL\u00c1MANOS\" \/>\n<meta property=\"og:url\" content=\"https:\/\/xn--soossarria-u9a.com\/gl\/alibey-2\/\" \/>\n<meta property=\"og:site_name\" content=\"So&ntilde;os Sarria\" \/>\n<meta property=\"article:publisher\" content=\"https:\/\/www.facebook.com\/sonos.accesorios\/\" \/>\n<meta property=\"article:modified_time\" content=\"2024-03-15T15:47:50+00:00\" \/>\n<meta property=\"og:image\" content=\"https:\/\/xn--soossarria-u9a.com\/wp-content\/uploads\/2024\/01\/Sonos-C-Rua-da-liberdade76-SARRIA-3-e1704810606303-300x65.webp\" \/>\n<meta name=\"twitter:card\" content=\"summary_large_image\" \/>\n<meta name=\"twitter:label1\" content=\"Tempo de lectura\" \/>\n\t<meta name=\"twitter:data1\" content=\"1 minuto\" \/>\n<script type=\"application\/ld+json\" class=\"yoast-schema-graph\">{\"@context\":\"https:\/\/schema.org\",\"@graph\":[{\"@type\":\"WebPage\",\"@id\":\"https:\/\/xn--soossarria-u9a.com\/gl\/alibey-2\/\",\"url\":\"https:\/\/xn--soossarria-u9a.com\/gl\/alibey-2\/\",\"name\":\"Alibey - So&ntilde;os Sarria\",\"isPartOf\":{\"@id\":\"https:\/\/xn--soossarria-u9a.com\/gl\/#website\"},\"primaryImageOfPage\":{\"@id\":\"https:\/\/xn--soossarria-u9a.com\/gl\/alibey-2\/#primaryimage\"},\"image\":{\"@id\":\"https:\/\/xn--soossarria-u9a.com\/gl\/alibey-2\/#primaryimage\"},\"thumbnailUrl\":\"https:\/\/xn--soossarria-u9a.com\/wp-content\/uploads\/2024\/01\/Sonos-C-Rua-da-liberdade76-SARRIA-3-e1704810606303-300x65.webp\",\"datePublished\":\"2024-02-22T10:22:17+00:00\",\"dateModified\":\"2024-03-15T15:47:50+00:00\",\"breadcrumb\":{\"@id\":\"https:\/\/xn--soossarria-u9a.com\/gl\/alibey-2\/#breadcrumb\"},\"inLanguage\":\"gl-ES\",\"potentialAction\":[{\"@type\":\"ReadAction\",\"target\":[\"https:\/\/xn--soossarria-u9a.com\/gl\/alibey-2\/\"]}]},{\"@type\":\"ImageObject\",\"inLanguage\":\"gl-ES\",\"@id\":\"https:\/\/xn--soossarria-u9a.com\/gl\/alibey-2\/#primaryimage\",\"url\":\"https:\/\/xn--soossarria-u9a.com\/wp-content\/uploads\/2024\/01\/Sonos-C-Rua-da-liberdade76-SARRIA-3-e1704810606303.webp\",\"contentUrl\":\"https:\/\/xn--soossarria-u9a.com\/wp-content\/uploads\/2024\/01\/Sonos-C-Rua-da-liberdade76-SARRIA-3-e1704810606303.webp\",\"width\":500,\"height\":108},{\"@type\":\"BreadcrumbList\",\"@id\":\"https:\/\/xn--soossarria-u9a.com\/gl\/alibey-2\/#breadcrumb\",\"itemListElement\":[{\"@type\":\"ListItem\",\"position\":1,\"name\":\"Portada\",\"item\":\"https:\/\/xn--soossarria-u9a.com\/gl\/\"},{\"@type\":\"ListItem\",\"position\":2,\"name\":\"Alibey\"}]},{\"@type\":\"WebSite\",\"@id\":\"https:\/\/xn--soossarria-u9a.com\/gl\/#website\",\"url\":\"https:\/\/xn--soossarria-u9a.com\/gl\/\",\"name\":\"So\u00f1os Sarria\",\"description\":\"so\u00f1os sarria\",\"potentialAction\":[{\"@type\":\"SearchAction\",\"target\":{\"@type\":\"EntryPoint\",\"urlTemplate\":\"https:\/\/xn--soossarria-u9a.com\/gl\/?s={search_term_string}\"},\"query-input\":\"required name=search_term_string\"}],\"inLanguage\":\"gl-ES\"}]}<\/script>\n<!-- \/ Yoast SEO plugin. -->","yoast_head_json":{"title":"Alibey - So&ntilde;os Sarria","robots":{"index":"index","follow":"follow","max-snippet":"max-snippet:-1","max-image-preview":"max-image-preview:large","max-video-preview":"max-video-preview:-1"},"canonical":"https:\/\/xn--soossarria-u9a.com\/gl\/alibey-2\/","og_locale":"gl_ES","og_type":"article","og_title":"Alibey - So&ntilde;os Sarria","og_description":"Os nosos produtos 10016 70,00&nbsp;&euro; 10600 69,90&nbsp;&euro; 10618 59,90&nbsp;&euro; 10603 78,90&nbsp;&euro; 10613 72,90&nbsp;&euro; 10592 60,00&nbsp;&euro; 10602 92,90&nbsp;&euro; Diademas Pa\u00f1uelos Pa\u00f1uelo Bolsos Bolso Bolso Bolso \u00c1 s\u00faa disposici\u00f3n Queres saber se temos alg\u00fan artigo en stock ? Ch\u00e1manos A tu disposici\u00f3n \u00bfQuieres consultar la disponibilidad de alg\u00fan producto? LL\u00c1MANOS","og_url":"https:\/\/xn--soossarria-u9a.com\/gl\/alibey-2\/","og_site_name":"So&ntilde;os Sarria","article_publisher":"https:\/\/www.facebook.com\/sonos.accesorios\/","article_modified_time":"2024-03-15T15:47:50+00:00","og_image":[{"url":"https:\/\/xn--soossarria-u9a.com\/wp-content\/uploads\/2024\/01\/Sonos-C-Rua-da-liberdade76-SARRIA-3-e1704810606303-300x65.webp"}],"twitter_card":"summary_large_image","twitter_misc":{"Tempo de lectura":"1 minuto"},"schema":{"@context":"https:\/\/schema.org","@graph":[{"@type":"WebPage","@id":"https:\/\/xn--soossarria-u9a.com\/gl\/alibey-2\/","url":"https:\/\/xn--soossarria-u9a.com\/gl\/alibey-2\/","name":"Alibey - So&ntilde;os Sarria","isPartOf":{"@id":"https:\/\/xn--soossarria-u9a.com\/gl\/#website"},"primaryImageOfPage":{"@id":"https:\/\/xn--soossarria-u9a.com\/gl\/alibey-2\/#primaryimage"},"image":{"@id":"https:\/\/xn--soossarria-u9a.com\/gl\/alibey-2\/#primaryimage"},"thumbnailUrl":"https:\/\/xn--soossarria-u9a.com\/wp-content\/uploads\/2024\/01\/Sonos-C-Rua-da-liberdade76-SARRIA-3-e1704810606303-300x65.webp","datePublished":"2024-02-22T10:22:17+00:00","dateModified":"2024-03-15T15:47:50+00:00","breadcrumb":{"@id":"https:\/\/xn--soossarria-u9a.com\/gl\/alibey-2\/#breadcrumb"},"inLanguage":"gl-ES","potentialAction":[{"@type":"ReadAction","target":["https:\/\/xn--soossarria-u9a.com\/gl\/alibey-2\/"]}]},{"@type":"ImageObject","inLanguage":"gl-ES","@id":"https:\/\/xn--soossarria-u9a.com\/gl\/alibey-2\/#primaryimage","url":"https:\/\/xn--soossarria-u9a.com\/wp-content\/uploads\/2024\/01\/Sonos-C-Rua-da-liberdade76-SARRIA-3-e1704810606303.webp","contentUrl":"https:\/\/xn--soossarria-u9a.com\/wp-content\/uploads\/2024\/01\/Sonos-C-Rua-da-liberdade76-SARRIA-3-e1704810606303.webp","width":500,"height":108},{"@type":"BreadcrumbList","@id":"https:\/\/xn--soossarria-u9a.com\/gl\/alibey-2\/#breadcrumb","itemListElement":[{"@type":"ListItem","position":1,"name":"Portada","item":"https:\/\/xn--soossarria-u9a.com\/gl\/"},{"@type":"ListItem","position":2,"name":"Alibey"}]},{"@type":"WebSite","@id":"https:\/\/xn--soossarria-u9a.com\/gl\/#website","url":"https:\/\/xn--soossarria-u9a.com\/gl\/","name":"So\u00f1os Sarria","description":"so\u00f1os sarria","potentialAction":[{"@type":"SearchAction","target":{"@type":"EntryPoint","urlTemplate":"https:\/\/xn--soossarria-u9a.com\/gl\/?s={search_term_string}"},"query-input":"required name=search_term_string"}],"inLanguage":"gl-ES"}]}},"_links":{"self":[{"href":"https:\/\/xn--soossarria-u9a.com\/gl\/wp-json\/wp\/v2\/pages\/10094"}],"collection":[{"href":"https:\/\/xn--soossarria-u9a.com\/gl\/wp-json\/wp\/v2\/pages"}],"about":[{"href":"https:\/\/xn--soossarria-u9a.com\/gl\/wp-json\/wp\/v2\/types\/page"}],"author":[{"embeddable":true,"href":"https:\/\/xn--soossarria-u9a.com\/gl\/wp-json\/wp\/v2\/users\/1"}],"replies":[{"embeddable":true,"href":"https:\/\/xn--soossarria-u9a.com\/gl\/wp-json\/wp\/v2\/comments?post=10094"}],"version-history":[{"count":0,"href":"https:\/\/xn--soossarria-u9a.com\/gl\/wp-json\/wp\/v2\/pages\/10094\/revisions"}],"wp:attachment":[{"href":"https:\/\/xn--soossarria-u9a.com\/gl\/wp-json\/wp\/v2\/media?parent=10094"}],"curies":[{"name":"wp","href":"https:\/\/api.w.org\/{rel}","templated":true}]}}